{"id":3746,"date":"2025-07-02T10:27:08","date_gmt":"2025-07-02T10:27:08","guid":{"rendered":"https:\/\/demo.awaikenthemes.com\/ferlix\/women-health\/?page_id=3746"},"modified":"2026-02-18T13:15:10","modified_gmt":"2026-02-18T13:15:10","slug":"natalija-bujadilo-kozuh","status":"publish","type":"page","link":"https:\/\/mamimaja.si\/sl\/ekipa-strokovnjakov\/natalija-bujadilo-kozuh\/","title":{"rendered":"Natalija Bujadilo Ko\u017euh"},"content":{"rendered":"<div data-elementor-type=\"wp-page\" data-elementor-id=\"3746\" class=\"elementor elementor-3746\">\n\t\t\t\t<div class=\"elementor-element elementor-element-b5cfbc2 gradient-bg-metal e-flex e-con-boxed wpr-particle-no wpr-jarallax-no wpr-parallax-no wpr-sticky-section-no wpr-equal-height-no e-con e-parent\" data-id=\"b5cfbc2\" data-element_type=\"container\" data-e-type=\"container\">\n\t\t\t\t\t<div class=\"e-con-inner\">\n\t\t<div class=\"elementor-element elementor-element-551a006 e-con-full e-flex wpr-particle-no wpr-jarallax-no wpr-parallax-no wpr-sticky-section-no wpr-equal-height-no e-con e-child\" data-id=\"551a006\" data-element_type=\"container\" data-e-type=\"container\">\n\t\t\t\t<div class=\"elementor-element elementor-element-2f94db9 at-heading-animation at-animation-heading-style-3 elementor-widget elementor-widget-heading\" data-id=\"2f94db9\" data-element_type=\"widget\" data-e-type=\"widget\" data-widget_type=\"heading.default\">\n\t\t\t\t\t<h1 class=\"elementor-heading-title elementor-size-default\">Natalija Bujadilo Ko\u017euh<\/h1>\t\t\t\t<\/div>\n\t\t\t\t<div class=\"elementor-element elementor-element-2d35daa elementor-invisible elementor-widget elementor-widget-ferlix-breadcrumb\" data-id=\"2d35daa\" data-element_type=\"widget\" data-e-type=\"widget\" data-settings=\"{&quot;_animation&quot;:&quot;fadeInUp&quot;}\" data-widget_type=\"ferlix-breadcrumb.default\">\n\t\t\t\t<div class=\"elementor-widget-container\">\n\t\t\t\t\t<div role=\"navigation\" aria-label=\"Drobtine\" class=\"breadcrumb-trail breadcrumbs\" data-no-translation-aria-label=\"\"><ol class=\"trail-items\"><li class=\"trail-item trail-begin\"><a href=\"https:\/\/mamimaja.si\/sl\/\" rel=\"home\"><span data-no-translation=\"\" data-trp-gettext=\"\">Doma<\/span><\/a><\/li><li class=\"trail-item\"><a href=\"https:\/\/mamimaja.si\/sl\/ekipa-strokovnjakov\/\"><span>Ekipa strokovnjakov<\/span><\/a><\/li><li class=\"trail-item trail-end\"><span><span>Natalija Bujadilo Ko\u017euh<\/span><\/span><\/li><\/ol><\/div>\t\t\t\t<\/div>\n\t\t\t\t<\/div>\n\t\t\t\t<\/div>\n\t\t\t\t\t<\/div>\n\t\t\t\t<\/div>\n\t\t<div class=\"elementor-element elementor-element-2ddf259 e-flex e-con-boxed wpr-particle-no wpr-jarallax-no wpr-parallax-no wpr-sticky-section-no wpr-equal-height-no e-con e-parent\" data-id=\"2ddf259\" data-element_type=\"container\" data-e-type=\"container\">\n\t\t\t\t\t<div class=\"e-con-inner\">\n\t\t<div class=\"elementor-element elementor-element-176ab2d e-con-full e-flex wpr-particle-no wpr-jarallax-no wpr-parallax-no wpr-sticky-section-no wpr-equal-height-no e-con e-child\" data-id=\"176ab2d\" data-element_type=\"container\" data-e-type=\"container\">\n\t\t<div class=\"elementor-element elementor-element-064daa7 e-con-full e-flex wpr-particle-no wpr-jarallax-no wpr-parallax-no wpr-sticky-section-no wpr-equal-height-no e-con e-child\" data-id=\"064daa7\" data-element_type=\"container\" data-e-type=\"container\" data-settings=\"{&quot;background_background&quot;:&quot;classic&quot;}\">\n\t\t<div class=\"elementor-element elementor-element-1150de4 e-con-full e-flex wpr-particle-no wpr-jarallax-no wpr-parallax-no wpr-sticky-section-no wpr-equal-height-no e-con e-child\" data-id=\"1150de4\" data-element_type=\"container\" data-e-type=\"container\">\n\t\t\t\t<div class=\"elementor-element elementor-element-943cbc0 team-member-image at-image-animation at-animation-image-none at-none elementor-widget elementor-widget-image\" data-id=\"943cbc0\" data-element_type=\"widget\" data-e-type=\"widget\" data-widget_type=\"image.default\">\n\t\t\t\t\t\t\t\t\t\t\t\t\t\t\t<img alt=\"\" fetchpriority=\"high\" decoding=\"async\" width=\"731\" height=\"1018\" src=\"https:\/\/mamimaja.si\/wp-content\/uploads\/2026\/02\/94955-17128526-55b6-4b41-8e43-240dde5e1e9a-1.jpg\" class=\"attachment-full size-full wp-image-5891\" srcset=\"https:\/\/mamimaja.si\/wp-content\/uploads\/2026\/02\/94955-17128526-55b6-4b41-8e43-240dde5e1e9a-1.jpg 731w, https:\/\/mamimaja.si\/wp-content\/uploads\/2026\/02\/94955-17128526-55b6-4b41-8e43-240dde5e1e9a-1-215x300.jpg 215w, https:\/\/mamimaja.si\/wp-content\/uploads\/2026\/02\/94955-17128526-55b6-4b41-8e43-240dde5e1e9a-1-9x12.jpg 9w, https:\/\/mamimaja.si\/wp-content\/uploads\/2026\/02\/94955-17128526-55b6-4b41-8e43-240dde5e1e9a-1-600x836.jpg 600w\" sizes=\"(max-width: 731px) 100vw, 731px\" \/>\t\t\t\t\t\t\t\t\t\t\t\t\t\t\t<\/div>\n\t\t\t\t<\/div>\n\t\t<div class=\"elementor-element elementor-element-9557c02 e-con-full e-flex wpr-particle-no wpr-jarallax-no wpr-parallax-no wpr-sticky-section-no wpr-equal-height-no e-con e-child\" data-id=\"9557c02\" data-element_type=\"container\" data-e-type=\"container\">\n\t\t\t\t<div class=\"elementor-element elementor-element-1e5af23 at-heading-animation at-animation-heading-style-3 elementor-widget elementor-widget-heading\" data-id=\"1e5af23\" data-element_type=\"widget\" data-e-type=\"widget\" data-widget_type=\"heading.default\">\n\t\t\t\t\t<h2 class=\"elementor-heading-title elementor-size-default\">O meni<\/h2>\t\t\t\t<\/div>\n\t\t\t\t<div class=\"elementor-element elementor-element-be4ca06 elementor-invisible elementor-widget elementor-widget-text-editor\" data-id=\"be4ca06\" data-element_type=\"widget\" data-e-type=\"widget\" data-settings=\"{&quot;_animation&quot;:&quot;fadeInUp&quot;}\" data-widget_type=\"text-editor.default\">\n\t\t\t\t\t\t\t\t\t<p>Sem Natalija Bujadilo Ko\u017euh in sem diplomantka psihosocialne pomo\u010di. Verjamem, da si vsak par zaslu\u017ei ob\u010dutek varnosti, sli\u0161anosti, razumevanja in spo\u0161tovanja, \u0161e posebej na poti, ki jo pogosto spremljata negotovost in \u010dustvena bole\u010dina.<\/p><p>Moje poslanstvo je stati ob strani parom, ki se soo\u010dajo z izzivi neplodnosti in odlo\u010ditvami o darovani spolni celici ter jim pomagati poiskati ravnote\u017eje med upanjem, strahom in odlo\u010ditvami, ki lahko mo\u010dno zaznamujejo njihovo \u017eivljenje.<\/p>\t\t\t\t\t\t\t\t<\/div>\n\t\t\t\t<div class=\"elementor-element elementor-element-2905531 member-content-body elementor-icon-list--layout-inline elementor-list-item-link-full_width elementor-invisible elementor-widget elementor-widget-icon-list\" data-id=\"2905531\" data-element_type=\"widget\" data-e-type=\"widget\" data-settings=\"{&quot;_animation&quot;:&quot;fadeInUp&quot;,&quot;_animation_delay&quot;:100}\" data-widget_type=\"icon-list.default\">\n\t\t\t\t\t\t\t<ul class=\"elementor-icon-list-items elementor-inline-items\">\n\t\t\t\t\t\t\t<li class=\"elementor-icon-list-item elementor-inline-item\">\n\t\t\t\t\t\t\t\t\t\t<span class=\"elementor-icon-list-text\"><strong>Telefon:<\/strong>(+386) 040 933 075<\/span>\n\t\t\t\t\t\t\t\t\t<\/li>\n\t\t\t\t\t\t\t\t<li class=\"elementor-icon-list-item elementor-inline-item\">\n\t\t\t\t\t\t\t\t\t\t<span class=\"elementor-icon-list-text\"><strong>Email :<\/strong>  natalija.pomoc@gmail.com<\/span>\n\t\t\t\t\t\t\t\t\t<\/li>\n\t\t\t\t\t\t<\/ul>\n\t\t\t\t\t\t<\/div>\n\t\t\t\t<\/div>\n\t\t\t\t<\/div>\n\t\t\t\t<\/div>\n\t\t<div class=\"elementor-element elementor-element-5259fb2 e-con-full e-flex wpr-particle-no wpr-jarallax-no wpr-parallax-no wpr-sticky-section-no wpr-equal-height-no e-con e-child\" data-id=\"5259fb2\" data-element_type=\"container\" data-e-type=\"container\">\n\t\t<div class=\"elementor-element elementor-element-bd4ef96 e-con-full e-flex wpr-particle-no wpr-jarallax-no wpr-parallax-no wpr-sticky-section-no wpr-equal-height-no e-con e-child\" data-id=\"bd4ef96\" data-element_type=\"container\" data-e-type=\"container\">\n\t\t\t\t<div class=\"elementor-element elementor-element-dacb556 team-personal-item elementor-widget__width-initial elementor-widget-mobile__width-inherit ekit-equal-height-disable elementor-invisible elementor-widget elementor-widget-elementskit-icon-box\" data-id=\"dacb556\" data-element_type=\"widget\" data-e-type=\"widget\" data-settings=\"{&quot;_animation&quot;:&quot;fadeInUp&quot;}\" data-widget_type=\"elementskit-icon-box.default\">\n\t\t\t\t\t<div class=\"ekit-wid-con\" >        <!-- link opening -->\n                <!-- end link opening -->\n\n        <div class=\"elementskit-infobox text- text-left icon-lef-right-aligin elementor-animation- media gradient-active  hover_from_bottom\">\n                    <div class=\"elementskit-box-header elementor-animation-\">\n                <div class=\"elementskit-info-box-icon  text-center\">\n                    \n                <\/div>\n          <\/div>\n                        <div class=\"box-body\">\n                            <h3 class=\"elementskit-info-box-title\">\n                    Dru\u0161tvo Center Hi\u0161ka                <\/h3>\n                        \t\t  \t<p>\nPsihoterapija Hi\u0161ka\n\nTav\u010darjeva ulica 41\n4000 Kranj\n<\/p>\n                                <\/div>\n        \n        \n                <\/div>\n        <\/div>\t\t\t\t<\/div>\n\t\t\t\t<div class=\"elementor-element elementor-element-9a2345f team-personal-item elementor-widget__width-initial elementor-widget-mobile__width-inherit ekit-equal-height-disable elementor-invisible elementor-widget elementor-widget-elementskit-icon-box\" data-id=\"9a2345f\" data-element_type=\"widget\" data-e-type=\"widget\" data-settings=\"{&quot;_animation&quot;:&quot;fadeInUp&quot;,&quot;_animation_delay&quot;:100}\" data-widget_type=\"elementskit-icon-box.default\">\n\t\t\t\t\t<div class=\"ekit-wid-con\" >        <!-- link opening -->\n                <!-- end link opening -->\n\n        <div class=\"elementskit-infobox text- text-left icon-lef-right-aligin elementor-animation- media gradient-active  hover_from_bottom\">\n                    <div class=\"elementskit-box-header elementor-animation-\">\n                <div class=\"elementskit-info-box-icon  text-center\">\n                    \n                <\/div>\n          <\/div>\n                        <div class=\"box-body\">\n                            <h3 class=\"elementskit-info-box-title\">\n                    Delovnik                <\/h3>\n                        \t\t  \t<p>\nPon\u2014Tor\u2014Pet\nod 18.00\n\n<\/p>\n                                <\/div>\n        \n        \n                <\/div>\n        <\/div>\t\t\t\t<\/div>\n\t\t\t\t<div class=\"elementor-element elementor-element-ba817df team-personal-item elementor-widget__width-initial elementor-widget-mobile__width-inherit ekit-equal-height-disable elementor-invisible elementor-widget elementor-widget-elementskit-icon-box\" data-id=\"ba817df\" data-element_type=\"widget\" data-e-type=\"widget\" data-settings=\"{&quot;_animation&quot;:&quot;fadeInUp&quot;,&quot;_animation_delay&quot;:200}\" data-widget_type=\"elementskit-icon-box.default\">\n\t\t\t\t\t<div class=\"ekit-wid-con\" >        <!-- link opening -->\n                <!-- end link opening -->\n\n        <div class=\"elementskit-infobox text- text-left icon-lef-right-aligin elementor-animation- media gradient-active  hover_from_bottom\">\n                    <div class=\"elementskit-box-header elementor-animation-\">\n                <div class=\"elementskit-info-box-icon  text-center\">\n                    \n                <\/div>\n          <\/div>\n                        <div class=\"box-body\">\n                            <h3 class=\"elementskit-info-box-title\">\n                    Telefon in email:                <\/h3>\n                        \t\t  \t<p>\n(+386) 040 933 075\n\nnatalija.pomoc@gmail.com<\/p>\n                                <\/div>\n        \n        \n                <\/div>\n        <\/div>\t\t\t\t<\/div>\n\t\t\t\t<\/div>\n\t\t\t\t<\/div>\n\t\t\t\t\t<\/div>\n\t\t\t\t<\/div>\n\t\t<div class=\"elementor-element elementor-element-e5da591 e-flex e-con-boxed wpr-particle-no wpr-jarallax-no wpr-parallax-no wpr-sticky-section-no wpr-equal-height-no e-con e-parent\" data-id=\"e5da591\" data-element_type=\"container\" data-e-type=\"container\">\n\t\t\t\t\t<div class=\"e-con-inner\">\n\t\t<div class=\"elementor-element elementor-element-a57e060 e-con-full e-flex wpr-particle-no wpr-jarallax-no wpr-parallax-no wpr-sticky-section-no wpr-equal-height-no e-con e-child\" data-id=\"a57e060\" data-element_type=\"container\" data-e-type=\"container\">\n\t\t\t\t<div class=\"elementor-element elementor-element-d63f94b elementor-invisible elementor-widget elementor-widget-text-editor\" data-id=\"d63f94b\" data-element_type=\"widget\" data-e-type=\"widget\" data-settings=\"{&quot;_animation&quot;:&quot;fadeInUp&quot;}\" data-widget_type=\"text-editor.default\">\n\t\t\t\t\t\t\t\t\t<figure class=\"wp-block-pullquote has-white-color has-tertiary-background-color has-text-color has-background has-link-color wp-elements-4ea49e52aefd08c79b7996403f655781\"><\/figure><p class=\"has-text-align-justify wp-block-paragraph\">Vsaka zgodba neplodnosti je edinstvena \u2013 polna \u010dustev, sanj, upov in tudi dvomov. Prav zato svoje delo gradim na strpnosti, poslu\u0161anju in razumevanju. Pri svetovanju zdru\u017eujem\u00a0<strong>strokovno znanje<\/strong>\u00a0s podro\u010dja psihosocialne pomo\u010di ter\u00a0<strong><a href=\"https:\/\/mamimaja.si\/sl\/ko-umetna-oploditev-ni-vec-prava-pot-intervju-z-natalijo-1-del\/\">osebno izku\u0161njo soo\u010danja z neplodnostjo<\/a><\/strong>, kar mi omogo\u010da, da vas lahko resni\u010dno za\u010dutim.<\/p><p class=\"has-text-align-justify wp-block-paragraph\">Zaupanje, odprta komunikacija in varen prostor so temelji, kjer lahko raziskujete svoja \u010dustva, vpra\u0161anja in \u017eelje, ne da bi vas kdo obsojal. Verjamem, da pogum ni odsotnost strahu, ampak odlo\u010ditev, da kljub negotovosti stopite naprej. Moja vloga je, da stojim ob vama \u2013 da vaju sli\u0161im, podpiram in skupaj z vama i\u0161\u010dem na\u010dine, kako\u00a0<strong>ohraniti povezanost, ljubezen in medsebojno zaupanje<\/strong>.<\/p><p class=\"has-text-align-justify wp-block-paragraph\">Psiholo\u0161ko svetovanje v tem procesu ni le pomo\u010d \u2013 je prilo\u017enost, da si povrneta\u00a0<strong>ob\u010dutek mo\u010di, varnosti in notranjega miru<\/strong>, ki sta klju\u010dna na poti do star\u0161evstva.<\/p>\t\t\t\t\t\t\t\t<\/div>\n\t\t\t\t<div class=\"elementor-element elementor-element-979199a at-shiny-glass-effect at-image-animation at-animation-image-none elementor-widget elementor-widget-image\" data-id=\"979199a\" data-element_type=\"widget\" data-e-type=\"widget\" data-widget_type=\"image.default\">\n\t\t\t\t\t\t\t\t\t\t\t\t\t\t\t<img alt=\"\" decoding=\"async\" width=\"627\" height=\"1024\" src=\"https:\/\/mamimaja.si\/wp-content\/uploads\/2026\/02\/0a973-803a9ff0-d167-4dc7-af71-6ddebb47628f-627x1024.jpg\" class=\"attachment-large size-large wp-image-5897\" srcset=\"https:\/\/mamimaja.si\/wp-content\/uploads\/2026\/02\/0a973-803a9ff0-d167-4dc7-af71-6ddebb47628f-627x1024.jpg 627w, https:\/\/mamimaja.si\/wp-content\/uploads\/2026\/02\/0a973-803a9ff0-d167-4dc7-af71-6ddebb47628f-184x300.jpg 184w, https:\/\/mamimaja.si\/wp-content\/uploads\/2026\/02\/0a973-803a9ff0-d167-4dc7-af71-6ddebb47628f-768x1255.jpg 768w, https:\/\/mamimaja.si\/wp-content\/uploads\/2026\/02\/0a973-803a9ff0-d167-4dc7-af71-6ddebb47628f-7x12.jpg 7w, https:\/\/mamimaja.si\/wp-content\/uploads\/2026\/02\/0a973-803a9ff0-d167-4dc7-af71-6ddebb47628f-600x980.jpg 600w, https:\/\/mamimaja.si\/wp-content\/uploads\/2026\/02\/0a973-803a9ff0-d167-4dc7-af71-6ddebb47628f.jpg 917w\" sizes=\"(max-width: 627px) 100vw, 627px\" \/>\t\t\t\t\t\t\t\t\t\t\t\t\t\t\t<\/div>\n\t\t\t\t<\/div>\n\t\t<div class=\"elementor-element elementor-element-799ef9b e-con-full e-flex wpr-particle-no wpr-jarallax-no wpr-parallax-no wpr-sticky-section-no wpr-equal-height-no e-con e-child\" data-id=\"799ef9b\" data-element_type=\"container\" data-e-type=\"container\">\n\t\t\t\t<div class=\"elementor-element elementor-element-1b15f4c elementor-widget elementor-widget-eael-testimonial\" data-id=\"1b15f4c\" data-element_type=\"widget\" data-e-type=\"widget\" data-widget_type=\"eael-testimonial.default\">\n\t\t\t\t\t\n\t<div id=\"eael-testimonial-1b15f4c\" class=\"eael-testimonial-item clearfix testimonial-avatar-rounded simple-layout rating-five\">\n\t\t\t\t\n\t\t\n\t\t\n\t\t\n\t\t\n\t\t\n\t\t\n\t\t\t\t\t\t\t\t<div class=\"eael-testimonial-image\">\n\t\t\t\t\t\t\t\t\t<figure><img alt=\"\" decoding=\"async\" width=\"150\" height=\"150\" src=\"https:\/\/mamimaja.si\/wp-content\/uploads\/2026\/02\/ac82e-0c39b706-1900-41df-9eca-6a4c756afceb-150x150.jpg\" class=\"attachment-thumbnail size-thumbnail wp-image-5865\" srcset=\"https:\/\/mamimaja.si\/wp-content\/uploads\/2026\/02\/ac82e-0c39b706-1900-41df-9eca-6a4c756afceb-150x150.jpg 150w, https:\/\/mamimaja.si\/wp-content\/uploads\/2026\/02\/ac82e-0c39b706-1900-41df-9eca-6a4c756afceb-300x300.jpg 300w, https:\/\/mamimaja.si\/wp-content\/uploads\/2026\/02\/ac82e-0c39b706-1900-41df-9eca-6a4c756afceb-100x100.jpg 100w\" sizes=\"(max-width: 150px) 100vw, 150px\" \/><\/figure>\n\t\t\t\t\t\t\t<\/div>\n\t\t\t\t\t\t<div class=\"eael-testimonial-content\">\n\t\t\t\t\t\t\t\t<h3 class=\"eael-testimonial-user\"><\/h3>\n\t\t\t\t<p class=\"eael-testimonial-user-company\"><\/p>\n\t\t\t\t\t\t<ul class=\"testimonial-star-rating\">\n\t\t\t<li><i class=\"fas fa-star\" aria-hidden=\"true\"><\/i><\/li>\n\t\t\t<li><i class=\"fas fa-star\" aria-hidden=\"true\"><\/i><\/li>\n\t\t\t<li><i class=\"fas fa-star\" aria-hidden=\"true\"><\/i><\/li>\n\t\t\t<li><i class=\"fas fa-star\" aria-hidden=\"true\"><\/i><\/li>\n\t\t\t<li><i class=\"fas fa-star\" aria-hidden=\"true\"><\/i><\/li>\n\t\t<\/ul>\n\t\t\t\t\t\t<div class=\"eael-testimonial-text\">\n\t\t\t\t\t<p><em>\u201cKo se \u017eivljenje ne odvija po na\u010drtih, je pomembno imeti ob sebi nekoga, ki razume..\u201d<\/em><\/p>\t\t\t\t<\/div>\n\t\t\t<\/div>\n\n\t\t\n\t\t<span class=\"eael-testimonial-quote\"><\/span>\n\t<\/div>\n\n\t\t\t\t\t<\/div>\n\t\t\t\t<div class=\"elementor-element elementor-element-654c790 at-shiny-glass-effect at-image-animation at-animation-image-none elementor-widget elementor-widget-image\" data-id=\"654c790\" data-element_type=\"widget\" data-e-type=\"widget\" data-widget_type=\"image.default\">\n\t\t\t\t\t\t\t\t\t\t\t\t\t\t\t<img alt=\"\" loading=\"lazy\" decoding=\"async\" width=\"609\" height=\"1024\" src=\"https:\/\/mamimaja.si\/wp-content\/uploads\/2026\/02\/d3e03-2e84bc07-eb68-4d9a-94c6-61b51b0b4163-609x1024.jpg\" class=\"attachment-large size-large wp-image-5896\" srcset=\"https:\/\/mamimaja.si\/wp-content\/uploads\/2026\/02\/d3e03-2e84bc07-eb68-4d9a-94c6-61b51b0b4163-609x1024.jpg 609w, https:\/\/mamimaja.si\/wp-content\/uploads\/2026\/02\/d3e03-2e84bc07-eb68-4d9a-94c6-61b51b0b4163-178x300.jpg 178w, https:\/\/mamimaja.si\/wp-content\/uploads\/2026\/02\/d3e03-2e84bc07-eb68-4d9a-94c6-61b51b0b4163-768x1292.jpg 768w, https:\/\/mamimaja.si\/wp-content\/uploads\/2026\/02\/d3e03-2e84bc07-eb68-4d9a-94c6-61b51b0b4163-913x1536.jpg 913w, https:\/\/mamimaja.si\/wp-content\/uploads\/2026\/02\/d3e03-2e84bc07-eb68-4d9a-94c6-61b51b0b4163-7x12.jpg 7w, https:\/\/mamimaja.si\/wp-content\/uploads\/2026\/02\/d3e03-2e84bc07-eb68-4d9a-94c6-61b51b0b4163-600x1010.jpg 600w, https:\/\/mamimaja.si\/wp-content\/uploads\/2026\/02\/d3e03-2e84bc07-eb68-4d9a-94c6-61b51b0b4163.jpg 917w\" sizes=\"(max-width: 609px) 100vw, 609px\" \/>\t\t\t\t\t\t\t\t\t\t\t\t\t\t\t<\/div>\n\t\t\t\t<\/div>\n\t\t\t\t\t<\/div>\n\t\t\t\t<\/div>\n\t\t\t\t<\/div>","protected":false},"excerpt":{"rendered":"<p>Natalija Bujadilo Ko\u017euh Home O meni Sem Natalija Bujadilo Ko\u017euh in sem<\/p>","protected":false},"author":1,"featured_media":0,"parent":1946,"menu_order":0,"comment_status":"closed","ping_status":"closed","template":"elementor_header_footer","meta":{"_seopress_robots_primary_cat":"","_seopress_titles_title":"","_seopress_titles_desc":"","_seopress_robots_index":"","footnotes":""},"class_list":["post-3746","page","type-page","status-publish","hentry"],"_links":{"self":[{"href":"https:\/\/mamimaja.si\/sl\/wp-json\/wp\/v2\/pages\/3746","targetHints":{"allow":["GET"]}}],"collection":[{"href":"https:\/\/mamimaja.si\/sl\/wp-json\/wp\/v2\/pages"}],"about":[{"href":"https:\/\/mamimaja.si\/sl\/wp-json\/wp\/v2\/types\/page"}],"author":[{"embeddable":true,"href":"https:\/\/mamimaja.si\/sl\/wp-json\/wp\/v2\/users\/1"}],"replies":[{"embeddable":true,"href":"https:\/\/mamimaja.si\/sl\/wp-json\/wp\/v2\/comments?post=3746"}],"version-history":[{"count":14,"href":"https:\/\/mamimaja.si\/sl\/wp-json\/wp\/v2\/pages\/3746\/revisions"}],"predecessor-version":[{"id":5922,"href":"https:\/\/mamimaja.si\/sl\/wp-json\/wp\/v2\/pages\/3746\/revisions\/5922"}],"up":[{"embeddable":true,"href":"https:\/\/mamimaja.si\/sl\/wp-json\/wp\/v2\/pages\/1946"}],"wp:attachment":[{"href":"https:\/\/mamimaja.si\/sl\/wp-json\/wp\/v2\/media?parent=3746"}],"curies":[{"name":"wp","href":"https:\/\/api.w.org\/{rel}","templated":true}]}}