{"id":5666,"date":"2026-02-17T11:23:28","date_gmt":"2026-02-17T11:23:28","guid":{"rendered":"https:\/\/mamimaja.si\/?page_id=5666"},"modified":"2026-02-17T11:24:54","modified_gmt":"2026-02-17T11:24:54","slug":"najina-ivf-zgodba","status":"publish","type":"page","link":"https:\/\/mamimaja.si\/sl\/najina-ivf-zgodba\/","title":{"rendered":"Najina IVF zgodba"},"content":{"rendered":"<div data-elementor-type=\"wp-page\" data-elementor-id=\"5666\" class=\"elementor elementor-5666\">\n\t\t\t\t<div class=\"elementor-element elementor-element-d6af925 e-flex e-con-boxed wpr-particle-no wpr-jarallax-no wpr-parallax-no wpr-sticky-section-no wpr-equal-height-no e-con e-parent\" data-id=\"d6af925\" data-element_type=\"container\" data-e-type=\"container\">\n\t\t\t\t\t<div class=\"e-con-inner\">\n\t\t\t\t<div class=\"elementor-element elementor-element-d289a2c elementor-grid-eael-col-4 elementor-grid-tablet-eael-col-2 elementor-grid-mobile-eael-col-1 elementor-widget elementor-widget-eael-post-grid\" data-id=\"d289a2c\" data-element_type=\"widget\" data-e-type=\"widget\" data-settings=\"{&quot;eael_post_grid_columns&quot;:&quot;eael-col-4&quot;,&quot;eael_post_grid_columns_tablet&quot;:&quot;eael-col-2&quot;,&quot;eael_post_grid_columns_mobile&quot;:&quot;eael-col-1&quot;}\" data-widget_type=\"eael-post-grid.default\">\n\t\t\t\t\t<div id=\"eael-post-grid-d289a2c\" class=\"eael-post-grid-container\">\n            <div class=\"eael-post-grid eael-post-appender eael-post-appender-d289a2c eael-post-grid-style-two\" data-layout-mode=\"grid\"><article class=\"eael-grid-post  eael-post-grid-column eael-pg-post-5548 category-3-ivf-postopek-najina-ivf-zgodba\" data-id=\"5548\">\n    <div class=\"eael-grid-post-holder\">\n        <div class=\"eael-grid-post-holder-inner\"><div class=\"eael-entry-media\"><div class=\"eael-entry-overlay fade-in\"><i class=\"fas fa-long-arrow-alt-right\" aria-hidden=\"true\"><\/i><a href=\"https:\/\/mamimaja.si\/sl\/2023-01-01-unica-leto-2022-v-pregledu\/\"><\/a><\/div><div class=\"eael-entry-thumbnail eael-image-ratio\">\n                            <img alt=\"\" fetchpriority=\"high\" decoding=\"async\" width=\"300\" height=\"200\" src=\"https:\/\/mamimaja.si\/wp-content\/uploads\/2026\/02\/unica-brno-1024x684-1-300x200.webp\" class=\"attachment-medium size-medium wp-image-5562\" srcset=\"https:\/\/mamimaja.si\/wp-content\/uploads\/2026\/02\/unica-brno-1024x684-1-300x200.webp 300w, https:\/\/mamimaja.si\/wp-content\/uploads\/2026\/02\/unica-brno-1024x684-1-768x513.webp 768w, https:\/\/mamimaja.si\/wp-content\/uploads\/2026\/02\/unica-brno-1024x684-1-18x12.webp 18w, https:\/\/mamimaja.si\/wp-content\/uploads\/2026\/02\/unica-brno-1024x684-1-600x401.webp 600w, https:\/\/mamimaja.si\/wp-content\/uploads\/2026\/02\/unica-brno-1024x684-1.webp 1024w\" sizes=\"(max-width: 300px) 100vw, 300px\" \/>\n                            <\/div>\n                    <\/div><div class=\"eael-entry-wrapper\"><header class=\"eael-entry-header\"><h5 class=\"eael-entry-title\"><a class=\"eael-grid-post-link\" href=\"https:\/\/mamimaja.si\/sl\/2023-01-01-unica-leto-2022-v-pregledu\/\" title=\"UNICA: Leto 2022 v\u00a0pregledu\">UNICA: Leto 2022 v\u00a0pregledu<\/a><\/h5><\/header><div class=\"eael-entry-content\">\n                                <div class=\"eael-grid-post-excerpt\"><p>Kaj naj re\u010dem\u2026 leto 2022 je bilo\u00a0izjemno leto\u00a0zame in na profesionalnem podro\u010dju sem do\u017eivela napredek, ki ga nisem pri\u010dakovala. Iskreno...<\/p><a href=\"https:\/\/mamimaja.si\/sl\/2023-01-01-unica-leto-2022-v-pregledu\/\" class=\"eael-post-elements-readmore-btn\">Preberi ve\u010d<\/a><\/div>\n                            <\/div><div class=\"eael-entry-header-after style-two\"><div class=\"eael-entry-meta\"><span class=\"eael-meta-posted-on\"><i class=\"far fa-clock\"><\/i><time datetime=\"1 januarja, 2023\">1 januarja, 2023<\/time><\/span><\/div><\/div><\/div><\/div>\n    <\/div>\n<\/article><article class=\"eael-grid-post  eael-post-grid-column eael-pg-post-5550 category-3-ivf-postopek-najina-ivf-zgodba\" data-id=\"5550\">\n    <div class=\"eael-grid-post-holder\">\n        <div class=\"eael-grid-post-holder-inner\"><div class=\"eael-entry-media\"><div class=\"eael-entry-overlay fade-in\"><i class=\"fas fa-long-arrow-alt-right\" aria-hidden=\"true\"><\/i><a href=\"https:\/\/mamimaja.si\/sl\/2021-08-18-analiza-vprasalnika-uporaba-ovulacijskih-testov-v-ivf-fet\/\"><\/a><\/div><div class=\"eael-entry-thumbnail eael-image-ratio\">\n                            <img alt=\"\" decoding=\"async\" width=\"300\" height=\"225\" src=\"https:\/\/mamimaja.si\/wp-content\/uploads\/2026\/02\/top-view-marked-checking-box-300x225.webp\" class=\"attachment-medium size-medium wp-image-5553\" srcset=\"https:\/\/mamimaja.si\/wp-content\/uploads\/2026\/02\/top-view-marked-checking-box-300x225.webp 300w, https:\/\/mamimaja.si\/wp-content\/uploads\/2026\/02\/top-view-marked-checking-box-1024x768.webp 1024w, https:\/\/mamimaja.si\/wp-content\/uploads\/2026\/02\/top-view-marked-checking-box-768x576.webp 768w, https:\/\/mamimaja.si\/wp-content\/uploads\/2026\/02\/top-view-marked-checking-box-16x12.webp 16w, https:\/\/mamimaja.si\/wp-content\/uploads\/2026\/02\/top-view-marked-checking-box-600x450.webp 600w, https:\/\/mamimaja.si\/wp-content\/uploads\/2026\/02\/top-view-marked-checking-box.webp 1440w\" sizes=\"(max-width: 300px) 100vw, 300px\" \/>\n                            <\/div>\n                    <\/div><div class=\"eael-entry-wrapper\"><header class=\"eael-entry-header\"><h5 class=\"eael-entry-title\"><a class=\"eael-grid-post-link\" href=\"https:\/\/mamimaja.si\/sl\/2021-08-18-analiza-vprasalnika-uporaba-ovulacijskih-testov-v-ivf-fet\/\" title=\"Analiza vpra\u0161alnika: Uporaba ovulacijskih testov v\u00a0IVF-FET\">Analiza vpra\u0161alnika: Uporaba ovulacijskih testov v\u00a0IVF-FET<\/a><\/h5><\/header><div class=\"eael-entry-content\">\n                                <div class=\"eael-grid-post-excerpt\"><p>V za\u010detku leto\u0161njega leta je v podporni\u00a0Skupini o neplodnosti, potekal vpra\u0161alnik o uporabi ovulacijskih testov v postopkih IVF-FET (ang. frozen...<\/p><a href=\"https:\/\/mamimaja.si\/sl\/2021-08-18-analiza-vprasalnika-uporaba-ovulacijskih-testov-v-ivf-fet\/\" class=\"eael-post-elements-readmore-btn\">Preberi ve\u010d<\/a><\/div>\n                            <\/div><div class=\"eael-entry-header-after style-two\"><div class=\"eael-entry-meta\"><span class=\"eael-meta-posted-on\"><i class=\"far fa-clock\"><\/i><time datetime=\"18 avgusta, 2021\">18 avgusta, 2021<\/time><\/span><\/div><\/div><\/div><\/div>\n    <\/div>\n<\/article><article class=\"eael-grid-post  eael-post-grid-column eael-pg-post-5530 category-3-ivf-postopek-najina-ivf-zgodba\" data-id=\"5530\">\n    <div class=\"eael-grid-post-holder\">\n        <div class=\"eael-grid-post-holder-inner\"><div class=\"eael-entry-media\"><div class=\"eael-entry-overlay fade-in\"><i class=\"fas fa-long-arrow-alt-right\" aria-hidden=\"true\"><\/i><a href=\"https:\/\/mamimaja.si\/sl\/2017-10-03-ivf-iii-v-tretje-gre-rado-pravijo\/\"><\/a><\/div><div class=\"eael-entry-thumbnail eael-image-ratio\">\n                            <img alt=\"\" decoding=\"async\" width=\"300\" height=\"200\" src=\"https:\/\/mamimaja.si\/wp-content\/uploads\/2026\/02\/think-difference-business-concept-300x200.webp\" class=\"attachment-medium size-medium wp-image-5565\" srcset=\"https:\/\/mamimaja.si\/wp-content\/uploads\/2026\/02\/think-difference-business-concept-300x200.webp 300w, https:\/\/mamimaja.si\/wp-content\/uploads\/2026\/02\/think-difference-business-concept-1024x683.webp 1024w, https:\/\/mamimaja.si\/wp-content\/uploads\/2026\/02\/think-difference-business-concept-768x513.webp 768w, https:\/\/mamimaja.si\/wp-content\/uploads\/2026\/02\/think-difference-business-concept-18x12.webp 18w, https:\/\/mamimaja.si\/wp-content\/uploads\/2026\/02\/think-difference-business-concept-600x400.webp 600w, https:\/\/mamimaja.si\/wp-content\/uploads\/2026\/02\/think-difference-business-concept.webp 1440w\" sizes=\"(max-width: 300px) 100vw, 300px\" \/>\n                            <\/div>\n                    <\/div><div class=\"eael-entry-wrapper\"><header class=\"eael-entry-header\"><h5 class=\"eael-entry-title\"><a class=\"eael-grid-post-link\" href=\"https:\/\/mamimaja.si\/sl\/2017-10-03-ivf-iii-v-tretje-gre-rado-pravijo\/\" title=\"IVF III: V tretje gre rado,\u00a0pravijo\">IVF III: V tretje gre rado,\u00a0pravijo<\/a><\/h5><\/header><div class=\"eael-entry-content\">\n                                <div class=\"eael-grid-post-excerpt\"><p>Ne morem verjeti, da se \u017ee po\u010dasi bli\u017eamo punkciji, jaz si pa \u0161e nisem uspela utrgati malo \u010dasa, da bi...<\/p><a href=\"https:\/\/mamimaja.si\/sl\/2017-10-03-ivf-iii-v-tretje-gre-rado-pravijo\/\" class=\"eael-post-elements-readmore-btn\">Preberi ve\u010d<\/a><\/div>\n                            <\/div><div class=\"eael-entry-header-after style-two\"><div class=\"eael-entry-meta\"><span class=\"eael-meta-posted-on\"><i class=\"far fa-clock\"><\/i><time datetime=\"10 marca, 2021\">10 marca, 2021<\/time><\/span><\/div><\/div><\/div><\/div>\n    <\/div>\n<\/article><article class=\"eael-grid-post  eael-post-grid-column eael-pg-post-5531 category-3-ivf-postopek-najina-ivf-zgodba\" data-id=\"5531\">\n    <div class=\"eael-grid-post-holder\">\n        <div class=\"eael-grid-post-holder-inner\"><div class=\"eael-entry-wrapper\"><header class=\"eael-entry-header\"><h5 class=\"eael-entry-title\"><a class=\"eael-grid-post-link\" href=\"https:\/\/mamimaja.si\/sl\/2017-10-03-ivf-iii-drugi-tretji-cetrti-ultrazvok\/\" title=\"IVF III: Drugi, tretji, \u010detrti\u00a0ultrazvok?\">IVF III: Drugi, tretji, \u010detrti\u00a0ultrazvok?<\/a><\/h5><\/header><div class=\"eael-entry-content\">\n                                <div class=\"eael-grid-post-excerpt\"><p>\u0160e v nobenem postopku nisem imela toliko ultrazvo\u010dnih preiskav\u2026 Po tistem prvem ultrazvoku (po jemanju Suprefacta in Menopurja), sem dobila...<\/p><a href=\"https:\/\/mamimaja.si\/sl\/2017-10-03-ivf-iii-drugi-tretji-cetrti-ultrazvok\/\" class=\"eael-post-elements-readmore-btn\">Preberi ve\u010d<\/a><\/div>\n                            <\/div><div class=\"eael-entry-header-after style-two\"><div class=\"eael-entry-meta\"><span class=\"eael-meta-posted-on\"><i class=\"far fa-clock\"><\/i><time datetime=\"10 marca, 2021\">10 marca, 2021<\/time><\/span><\/div><\/div><\/div><\/div>\n    <\/div>\n<\/article><article class=\"eael-grid-post  eael-post-grid-column eael-pg-post-5532 category-3-ivf-postopek-najina-ivf-zgodba\" data-id=\"5532\">\n    <div class=\"eael-grid-post-holder\">\n        <div class=\"eael-grid-post-holder-inner\"><div class=\"eael-entry-wrapper\"><header class=\"eael-entry-header\"><h5 class=\"eael-entry-title\"><a class=\"eael-grid-post-link\" href=\"https:\/\/mamimaja.si\/sl\/2017-10-03-ivf-iii-dan-po-punkciji\/\" title=\"IVF III: Dan po\u00a0punkciji\u2026\">IVF III: Dan po\u00a0punkciji\u2026<\/a><\/h5><\/header><div class=\"eael-entry-content\">\n                                <div class=\"eael-grid-post-excerpt\"><p>Na dan punkcije sem po odpustu dragega prosila, da me nekam pelje jest, ker sem bila sestradana (seveda je to...<\/p><a href=\"https:\/\/mamimaja.si\/sl\/2017-10-03-ivf-iii-dan-po-punkciji\/\" class=\"eael-post-elements-readmore-btn\">Preberi ve\u010d<\/a><\/div>\n                            <\/div><div class=\"eael-entry-header-after style-two\"><div class=\"eael-entry-meta\"><span class=\"eael-meta-posted-on\"><i class=\"far fa-clock\"><\/i><time datetime=\"10 marca, 2021\">10 marca, 2021<\/time><\/span><\/div><\/div><\/div><\/div>\n    <\/div>\n<\/article><article class=\"eael-grid-post  eael-post-grid-column eael-pg-post-5534 category-3-ivf-postopek-najina-ivf-zgodba\" data-id=\"5534\">\n    <div class=\"eael-grid-post-holder\">\n        <div class=\"eael-grid-post-holder-inner\"><div class=\"eael-entry-wrapper\"><header class=\"eael-entry-header\"><h5 class=\"eael-entry-title\"><a class=\"eael-grid-post-link\" href=\"https:\/\/mamimaja.si\/sl\/2017-10-03-ivf-iii-transfer\/\" title=\"IVF III: Transfer\">IVF III: Transfer<\/a><\/h5><\/header><div class=\"eael-entry-content\">\n                                <div class=\"eael-grid-post-excerpt\"><p>Ob punkciji sva dobila datum za transfer, ki naj bi bil 5. dan, \u010de bi bilo vse tako, kot je...<\/p><a href=\"https:\/\/mamimaja.si\/sl\/2017-10-03-ivf-iii-transfer\/\" class=\"eael-post-elements-readmore-btn\">Preberi ve\u010d<\/a><\/div>\n                            <\/div><div class=\"eael-entry-header-after style-two\"><div class=\"eael-entry-meta\"><span class=\"eael-meta-posted-on\"><i class=\"far fa-clock\"><\/i><time datetime=\"10 marca, 2021\">10 marca, 2021<\/time><\/span><\/div><\/div><\/div><\/div>\n    <\/div>\n<\/article><article class=\"eael-grid-post  eael-post-grid-column eael-pg-post-5535 category-3-ivf-postopek-najina-ivf-zgodba\" data-id=\"5535\">\n    <div class=\"eael-grid-post-holder\">\n        <div class=\"eael-grid-post-holder-inner\"><div class=\"eael-entry-wrapper\"><header class=\"eael-entry-header\"><h5 class=\"eael-entry-title\"><a class=\"eael-grid-post-link\" href=\"https:\/\/mamimaja.si\/sl\/2017-10-03-ivf-iii-punkcija-1-del\/\" title=\"IVF III: Punkcija \u2013 1.\u00a0del\">IVF III: Punkcija \u2013 1.\u00a0del<\/a><\/h5><\/header><div class=\"eael-entry-content\">\n                                <div class=\"eael-grid-post-excerpt\"><p>Naslednji dan\u00a0po stopki\u00a0me je desni jaj\u010dnik mo\u010dno u\u0161\u010dipnil oz. moral je nekam pritiskati in bole\u010dina je bila izredno neprijetna \u2013...<\/p><a href=\"https:\/\/mamimaja.si\/sl\/2017-10-03-ivf-iii-punkcija-1-del\/\" class=\"eael-post-elements-readmore-btn\">Preberi ve\u010d<\/a><\/div>\n                            <\/div><div class=\"eael-entry-header-after style-two\"><div class=\"eael-entry-meta\"><span class=\"eael-meta-posted-on\"><i class=\"far fa-clock\"><\/i><time datetime=\"10 marca, 2021\">10 marca, 2021<\/time><\/span><\/div><\/div><\/div><\/div>\n    <\/div>\n<\/article><article class=\"eael-grid-post  eael-post-grid-column eael-pg-post-5481 category-4-ivf-postopek-najina-ivf-zgodba\" data-id=\"5481\">\n    <div class=\"eael-grid-post-holder\">\n        <div class=\"eael-grid-post-holder-inner\"><div class=\"eael-entry-media\"><div class=\"eael-entry-overlay fade-in\"><i class=\"fas fa-long-arrow-alt-right\" aria-hidden=\"true\"><\/i><a href=\"https:\/\/mamimaja.si\/sl\/2018-03-02-ivf-iv-11-dan-po-transferju-ali-ko-vse-privre-na-plan\/\"><\/a><\/div><div class=\"eael-entry-thumbnail eael-image-ratio\">\n                            <img alt=\"\" loading=\"lazy\" decoding=\"async\" width=\"300\" height=\"300\" src=\"https:\/\/mamimaja.si\/wp-content\/uploads\/2026\/01\/3-300x300.png\" class=\"attachment-medium size-medium wp-image-4587\" srcset=\"https:\/\/mamimaja.si\/wp-content\/uploads\/2026\/01\/3-300x300.png 300w, https:\/\/mamimaja.si\/wp-content\/uploads\/2026\/01\/3-150x150.png 150w, https:\/\/mamimaja.si\/wp-content\/uploads\/2026\/01\/3-768x768.png 768w, https:\/\/mamimaja.si\/wp-content\/uploads\/2026\/01\/3-12x12.png 12w, https:\/\/mamimaja.si\/wp-content\/uploads\/2026\/01\/3-600x600.png 600w, https:\/\/mamimaja.si\/wp-content\/uploads\/2026\/01\/3-100x100.png 100w, https:\/\/mamimaja.si\/wp-content\/uploads\/2026\/01\/3.png 800w\" sizes=\"(max-width: 300px) 100vw, 300px\" \/>\n                            <\/div>\n                    <\/div><div class=\"eael-entry-wrapper\"><header class=\"eael-entry-header\"><h5 class=\"eael-entry-title\"><a class=\"eael-grid-post-link\" href=\"https:\/\/mamimaja.si\/sl\/2018-03-02-ivf-iv-11-dan-po-transferju-ali-ko-vse-privre-na-plan\/\" title=\"IVF IV: 11. dan po transferju ali ko vse privre na\u00a0plan\">IVF IV: 11. dan po transferju ali ko vse privre na\u00a0plan<\/a><\/h5><\/header><div class=\"eael-entry-content\">\n                                <div class=\"eael-grid-post-excerpt\"><p>\u010ceprav je bilo\u00a0razo\u010daranje\u00a0ob negativnem rezultatu nose\u010dni\u0161kega testa precej\u0161nje, sem se (kot je za pri\u010dakovati) tola\u017eila, da sem tokrat imela prenesen...<\/p><a href=\"https:\/\/mamimaja.si\/sl\/2018-03-02-ivf-iv-11-dan-po-transferju-ali-ko-vse-privre-na-plan\/\" class=\"eael-post-elements-readmore-btn\">Preberi ve\u010d<\/a><\/div>\n                            <\/div><div class=\"eael-entry-header-after style-two\"><div class=\"eael-entry-meta\"><span class=\"eael-meta-posted-on\"><i class=\"far fa-clock\"><\/i><time datetime=\"2 marca, 2018\">2 marca, 2018<\/time><\/span><\/div><\/div><\/div><\/div>\n    <\/div>\n<\/article><article class=\"eael-grid-post  eael-post-grid-column eael-pg-post-5482 category-4-ivf-postopek-najina-ivf-zgodba\" data-id=\"5482\">\n    <div class=\"eael-grid-post-holder\">\n        <div class=\"eael-grid-post-holder-inner\"><div class=\"eael-entry-wrapper\"><header class=\"eael-entry-header\"><h5 class=\"eael-entry-title\"><a class=\"eael-grid-post-link\" href=\"https:\/\/mamimaja.si\/sl\/2018-03-02-ivf-iv-2-pot-do-transferja\/\" title=\"IVF IV\/2: Pot do\u00a0transferja\">IVF IV\/2: Pot do\u00a0transferja<\/a><\/h5><\/header><div class=\"eael-entry-content\">\n                                <div class=\"eael-grid-post-excerpt\"><p>Po tistem uvodnem ultrazvoku na 11. dan ciklusa, so sledili \u0161e\u00a0trije. Vodilni folikel na desnem jaj\u010dniku je najprej zrasel za...<\/p><a href=\"https:\/\/mamimaja.si\/sl\/2018-03-02-ivf-iv-2-pot-do-transferja\/\" class=\"eael-post-elements-readmore-btn\">Preberi ve\u010d<\/a><\/div>\n                            <\/div><div class=\"eael-entry-header-after style-two\"><div class=\"eael-entry-meta\"><span class=\"eael-meta-posted-on\"><i class=\"far fa-clock\"><\/i><time datetime=\"2 marca, 2018\">2 marca, 2018<\/time><\/span><\/div><\/div><\/div><\/div>\n    <\/div>\n<\/article><article class=\"eael-grid-post  eael-post-grid-column eael-pg-post-5483 category-4-ivf-postopek-najina-ivf-zgodba\" data-id=\"5483\">\n    <div class=\"eael-grid-post-holder\">\n        <div class=\"eael-grid-post-holder-inner\"><div class=\"eael-entry-media\"><div class=\"eael-entry-overlay fade-in\"><i class=\"fas fa-long-arrow-alt-right\" aria-hidden=\"true\"><\/i><a href=\"https:\/\/mamimaja.si\/sl\/2018-03-02-ivf-iv-2-transfer\/\"><\/a><\/div><div class=\"eael-entry-thumbnail eael-image-ratio\">\n                            <img alt=\"\" loading=\"lazy\" decoding=\"async\" width=\"300\" height=\"300\" src=\"https:\/\/mamimaja.si\/wp-content\/uploads\/2026\/01\/3-300x300.png\" class=\"attachment-medium size-medium wp-image-4587\" srcset=\"https:\/\/mamimaja.si\/wp-content\/uploads\/2026\/01\/3-300x300.png 300w, https:\/\/mamimaja.si\/wp-content\/uploads\/2026\/01\/3-150x150.png 150w, https:\/\/mamimaja.si\/wp-content\/uploads\/2026\/01\/3-768x768.png 768w, https:\/\/mamimaja.si\/wp-content\/uploads\/2026\/01\/3-12x12.png 12w, https:\/\/mamimaja.si\/wp-content\/uploads\/2026\/01\/3-600x600.png 600w, https:\/\/mamimaja.si\/wp-content\/uploads\/2026\/01\/3-100x100.png 100w, https:\/\/mamimaja.si\/wp-content\/uploads\/2026\/01\/3.png 800w\" sizes=\"(max-width: 300px) 100vw, 300px\" \/>\n                            <\/div>\n                    <\/div><div class=\"eael-entry-wrapper\"><header class=\"eael-entry-header\"><h5 class=\"eael-entry-title\"><a class=\"eael-grid-post-link\" href=\"https:\/\/mamimaja.si\/sl\/2018-03-02-ivf-iv-2-transfer\/\" title=\"IVF IV\/2: Transfer?\">IVF IV\/2: Transfer?<\/a><\/h5><\/header><div class=\"eael-entry-content\">\n                                <div class=\"eael-grid-post-excerpt\"><p>\u010ce me je kaj zares\u00a0skrbelo\u00a0tekom celotnega postopka, je to bil seveda\u00a0transfer. Na to ni vplivalo samo dejstvo, da sva enkrat...<\/p><a href=\"https:\/\/mamimaja.si\/sl\/2018-03-02-ivf-iv-2-transfer\/\" class=\"eael-post-elements-readmore-btn\">Preberi ve\u010d<\/a><\/div>\n                            <\/div><div class=\"eael-entry-header-after style-two\"><div class=\"eael-entry-meta\"><span class=\"eael-meta-posted-on\"><i class=\"far fa-clock\"><\/i><time datetime=\"2 marca, 2018\">2 marca, 2018<\/time><\/span><\/div><\/div><\/div><\/div>\n    <\/div>\n<\/article><article class=\"eael-grid-post  eael-post-grid-column eael-pg-post-5484 category-4-ivf-postopek-najina-ivf-zgodba\" data-id=\"5484\">\n    <div class=\"eael-grid-post-holder\">\n        <div class=\"eael-grid-post-holder-inner\"><div class=\"eael-entry-media\"><div class=\"eael-entry-overlay fade-in\"><i class=\"fas fa-long-arrow-alt-right\" aria-hidden=\"true\"><\/i><a href=\"https:\/\/mamimaja.si\/sl\/2018-03-02-ivf-iv-2-3-6-dan-po-transferju\/\"><\/a><\/div><div class=\"eael-entry-thumbnail eael-image-ratio\">\n                            <img alt=\"\" loading=\"lazy\" decoding=\"async\" width=\"300\" height=\"300\" src=\"https:\/\/mamimaja.si\/wp-content\/uploads\/2026\/01\/3-300x300.png\" class=\"attachment-medium size-medium wp-image-4587\" srcset=\"https:\/\/mamimaja.si\/wp-content\/uploads\/2026\/01\/3-300x300.png 300w, https:\/\/mamimaja.si\/wp-content\/uploads\/2026\/01\/3-150x150.png 150w, https:\/\/mamimaja.si\/wp-content\/uploads\/2026\/01\/3-768x768.png 768w, https:\/\/mamimaja.si\/wp-content\/uploads\/2026\/01\/3-12x12.png 12w, https:\/\/mamimaja.si\/wp-content\/uploads\/2026\/01\/3-600x600.png 600w, https:\/\/mamimaja.si\/wp-content\/uploads\/2026\/01\/3-100x100.png 100w, https:\/\/mamimaja.si\/wp-content\/uploads\/2026\/01\/3.png 800w\" sizes=\"(max-width: 300px) 100vw, 300px\" \/>\n                            <\/div>\n                    <\/div><div class=\"eael-entry-wrapper\"><header class=\"eael-entry-header\"><h5 class=\"eael-entry-title\"><a class=\"eael-grid-post-link\" href=\"https:\/\/mamimaja.si\/sl\/2018-03-02-ivf-iv-2-3-6-dan-po-transferju\/\" title=\"IVF IV\/2: 3.-6. dan po\u00a0transferju\">IVF IV\/2: 3.-6. dan po\u00a0transferju<\/a><\/h5><\/header><div class=\"eael-entry-content\">\n                                <div class=\"eael-grid-post-excerpt\"><p>Tako kot v prvem, uspe\u0161nem postopku, sem \u010dakala, da se bo\u00a03. dan po transferju\u00a0nekaj za\u010delo\u00a0dogajati v maternici, pa razen kr\u010dev...<\/p><a href=\"https:\/\/mamimaja.si\/sl\/2018-03-02-ivf-iv-2-3-6-dan-po-transferju\/\" class=\"eael-post-elements-readmore-btn\">Preberi ve\u010d<\/a><\/div>\n                            <\/div><div class=\"eael-entry-header-after style-two\"><div class=\"eael-entry-meta\"><span class=\"eael-meta-posted-on\"><i class=\"far fa-clock\"><\/i><time datetime=\"2 marca, 2018\">2 marca, 2018<\/time><\/span><\/div><\/div><\/div><\/div>\n    <\/div>\n<\/article><article class=\"eael-grid-post  eael-post-grid-column eael-pg-post-5108 category-4-ivf-postopek-najina-ivf-zgodba\" data-id=\"5108\">\n    <div class=\"eael-grid-post-holder\">\n        <div class=\"eael-grid-post-holder-inner\"><div class=\"eael-entry-wrapper\"><header class=\"eael-entry-header\"><h5 class=\"eael-entry-title\"><a class=\"eael-grid-post-link\" href=\"https:\/\/mamimaja.si\/sl\/2018-03-02-ivf-iv-konzilij-je-odlocil\/\" title=\"IVF IV: Konzilij je\u00a0odlo\u010dil\u2026\">IVF IV: Konzilij je\u00a0odlo\u010dil\u2026<\/a><\/h5><\/header><div class=\"eael-entry-content\">\n                                <div class=\"eael-grid-post-excerpt\"><p>Kljub\u00a0slabemu izidu\u00a0prej\u0161njega postopka, kjer sta dva zarodka \u0161topirala in do transferja sploh nisva pri\u0161la in kljub o\u010ditnem pesimizmu dr. Po\u017elep,...<\/p><a href=\"https:\/\/mamimaja.si\/sl\/2018-03-02-ivf-iv-konzilij-je-odlocil\/\" class=\"eael-post-elements-readmore-btn\">Preberi ve\u010d<\/a><\/div>\n                            <\/div><div class=\"eael-entry-header-after style-two\"><div class=\"eael-entry-meta\"><span class=\"eael-meta-posted-on\"><i class=\"far fa-clock\"><\/i><time datetime=\"2 marca, 2018\">2 marca, 2018<\/time><\/span><\/div><\/div><\/div><\/div>\n    <\/div>\n<\/article><\/div>\n            <div class=\"clearfix\"><\/div>\n        <\/div>            <div class=\"eael-load-more-button-wrap eael-force-hide\">\n                <button class=\"eael-load-more-button\" id=\"eael-load-more-btn-d289a2c\" data-widget-id=\"d289a2c\" data-widget=\"d289a2c\" data-page-id=\"5666\" data-template=\"{&quot;dir&quot;:&quot;lite&quot;,&quot;file_name&quot;:&quot;two.php&quot;,&quot;name&quot;:&quot;Post-Grid&quot;}\" data-class=\"Essential_Addons_Elementor\\Elements\\Post_Grid\" data-layout=\"grid\" data-page=\"1\" data-args=\"orderby=date&amp;order=desc&amp;ignore_sticky_posts=1&amp;post_status=publish&amp;posts_per_page=12&amp;offset=0&amp;post_type=post&amp;tax_query%5B0%5D%5Btaxonomy%5D=category&amp;tax_query%5B0%5D%5Bfield%5D=term_id&amp;tax_query%5B0%5D%5Bterms%5D%5B0%5D=25&amp;tax_query%5Brelation%5D=AND\" data-max-page=\"6\">\n                    <span class=\"eael-btn-loader button__loader\"><\/span>\n                    <span class=\"eael_load_more_text\">Load More<\/span>\n                <\/button>\n            <\/div>\n            \t\t\t\t<\/div>\n\t\t\t\t\t<\/div>\n\t\t\t\t<\/div>\n\t\t\t\t<\/div>","protected":false},"excerpt":{"rendered":"<p>UNICA: Leto 2022 v\u00a0pregledu Kaj naj re\u010dem\u2026 leto 2022 je bilo\u00a0izjemno leto\u00a0zame<\/p>","protected":false},"author":2,"featured_media":0,"parent":0,"menu_order":0,"comment_status":"closed","ping_status":"closed","template":"","meta":{"_seopress_robots_primary_cat":"","_seopress_titles_title":"","_seopress_titles_desc":"","_seopress_robots_index":"","footnotes":""},"class_list":["post-5666","page","type-page","status-publish","hentry"],"_links":{"self":[{"href":"https:\/\/mamimaja.si\/sl\/wp-json\/wp\/v2\/pages\/5666","targetHints":{"allow":["GET"]}}],"collection":[{"href":"https:\/\/mamimaja.si\/sl\/wp-json\/wp\/v2\/pages"}],"about":[{"href":"https:\/\/mamimaja.si\/sl\/wp-json\/wp\/v2\/types\/page"}],"author":[{"embeddable":true,"href":"https:\/\/mamimaja.si\/sl\/wp-json\/wp\/v2\/users\/2"}],"replies":[{"embeddable":true,"href":"https:\/\/mamimaja.si\/sl\/wp-json\/wp\/v2\/comments?post=5666"}],"version-history":[{"count":4,"href":"https:\/\/mamimaja.si\/sl\/wp-json\/wp\/v2\/pages\/5666\/revisions"}],"predecessor-version":[{"id":5721,"href":"https:\/\/mamimaja.si\/sl\/wp-json\/wp\/v2\/pages\/5666\/revisions\/5721"}],"wp:attachment":[{"href":"https:\/\/mamimaja.si\/sl\/wp-json\/wp\/v2\/media?parent=5666"}],"curies":[{"name":"wp","href":"https:\/\/api.w.org\/{rel}","templated":true}]}}