{"id":5680,"date":"2026-02-17T11:24:01","date_gmt":"2026-02-17T11:24:01","guid":{"rendered":"https:\/\/mamimaja.si\/?page_id=5680"},"modified":"2026-02-17T11:28:12","modified_gmt":"2026-02-17T11:28:12","slug":"psihologija-neplodnosti","status":"publish","type":"page","link":"https:\/\/mamimaja.si\/sl\/psihologija-neplodnosti\/","title":{"rendered":"Psihologija neplodnosti"},"content":{"rendered":"<div data-elementor-type=\"wp-page\" data-elementor-id=\"5680\" class=\"elementor elementor-5680\">\n\t\t\t\t<div class=\"elementor-element elementor-element-d6af925 e-flex e-con-boxed wpr-particle-no wpr-jarallax-no wpr-parallax-no wpr-sticky-section-no wpr-equal-height-no e-con e-parent\" data-id=\"d6af925\" data-element_type=\"container\" data-e-type=\"container\">\n\t\t\t\t\t<div class=\"e-con-inner\">\n\t\t\t\t<div class=\"elementor-element elementor-element-d289a2c elementor-grid-eael-col-4 elementor-grid-tablet-eael-col-2 elementor-grid-mobile-eael-col-1 elementor-widget elementor-widget-eael-post-grid\" data-id=\"d289a2c\" data-element_type=\"widget\" data-e-type=\"widget\" data-settings=\"{&quot;eael_post_grid_columns&quot;:&quot;eael-col-4&quot;,&quot;eael_post_grid_columns_tablet&quot;:&quot;eael-col-2&quot;,&quot;eael_post_grid_columns_mobile&quot;:&quot;eael-col-1&quot;}\" data-widget_type=\"eael-post-grid.default\">\n\t\t\t\t\t<div id=\"eael-post-grid-d289a2c\" class=\"eael-post-grid-container\">\n            <div class=\"eael-post-grid eael-post-appender eael-post-appender-d289a2c eael-post-grid-style-two\" data-layout-mode=\"grid\"><article class=\"eael-grid-post  eael-post-grid-column eael-pg-post-5343 category-psihologija-neplodnosti\" data-id=\"5343\">\n    <div class=\"eael-grid-post-holder\">\n        <div class=\"eael-grid-post-holder-inner\"><div class=\"eael-entry-media\"><div class=\"eael-entry-overlay fade-in\"><i class=\"fas fa-long-arrow-alt-right\" aria-hidden=\"true\"><\/i><a href=\"https:\/\/mamimaja.si\/sl\/pregled-leta-2020-skupina-o-neplodnosti-mi-pomeni\/\"><\/a><\/div><div class=\"eael-entry-thumbnail eael-image-ratio\">\n                            <img alt=\"\" fetchpriority=\"high\" decoding=\"async\" width=\"300\" height=\"169\" src=\"https:\/\/mamimaja.si\/wp-content\/uploads\/2026\/02\/99138487_3202043636483797_3048329141137965056_o-300x169.webp\" class=\"attachment-medium size-medium wp-image-5344\" srcset=\"https:\/\/mamimaja.si\/wp-content\/uploads\/2026\/02\/99138487_3202043636483797_3048329141137965056_o-300x169.webp 300w, https:\/\/mamimaja.si\/wp-content\/uploads\/2026\/02\/99138487_3202043636483797_3048329141137965056_o-1024x576.webp 1024w, https:\/\/mamimaja.si\/wp-content\/uploads\/2026\/02\/99138487_3202043636483797_3048329141137965056_o-768x432.webp 768w, https:\/\/mamimaja.si\/wp-content\/uploads\/2026\/02\/99138487_3202043636483797_3048329141137965056_o-18x10.webp 18w, https:\/\/mamimaja.si\/wp-content\/uploads\/2026\/02\/99138487_3202043636483797_3048329141137965056_o-600x338.webp 600w, https:\/\/mamimaja.si\/wp-content\/uploads\/2026\/02\/99138487_3202043636483797_3048329141137965056_o.webp 1440w\" sizes=\"(max-width: 300px) 100vw, 300px\" \/>\n                            <\/div>\n                    <\/div><div class=\"eael-entry-wrapper\"><header class=\"eael-entry-header\"><h5 class=\"eael-entry-title\"><a class=\"eael-grid-post-link\" href=\"https:\/\/mamimaja.si\/sl\/pregled-leta-2020-skupina-o-neplodnosti-mi-pomeni\/\" title=\"Pregled leta 2020: Skupina o neplodnosti mi\u00a0pomeni\u2026\">Pregled leta 2020: Skupina o neplodnosti mi\u00a0pomeni\u2026<\/a><\/h5><\/header><div class=\"eael-entry-content\">\n                                <div class=\"eael-grid-post-excerpt\"><p>\u010cetudi je bilo leto 2020 polno strahu, zmede, teorij zarot, tak\u0161nih in druga\u010dnih ukrepov, sprememb v na\u010dinu \u017eivljenja in razmi\u0161ljanja,...<\/p><a href=\"https:\/\/mamimaja.si\/sl\/pregled-leta-2020-skupina-o-neplodnosti-mi-pomeni\/\" class=\"eael-post-elements-readmore-btn\">Preberi ve\u010d<\/a><\/div>\n                            <\/div><div class=\"eael-entry-header-after style-two\"><div class=\"eael-entry-meta\"><span class=\"eael-meta-posted-on\"><i class=\"far fa-clock\"><\/i><time datetime=\"30 decembra, 2020\">30 decembra, 2020<\/time><\/span><\/div><\/div><\/div><\/div>\n    <\/div>\n<\/article><article class=\"eael-grid-post  eael-post-grid-column eael-pg-post-5341 category-psihologija-neplodnosti\" data-id=\"5341\">\n    <div class=\"eael-grid-post-holder\">\n        <div class=\"eael-grid-post-holder-inner\"><div class=\"eael-entry-media\"><div class=\"eael-entry-overlay fade-in\"><i class=\"fas fa-long-arrow-alt-right\" aria-hidden=\"true\"><\/i><a href=\"https:\/\/mamimaja.si\/sl\/kako-pomagati-osebi-ki-trpi-za-neplodnostjo\/\"><\/a><\/div><div class=\"eael-entry-thumbnail eael-image-ratio\">\n                            <img alt=\"\" decoding=\"async\" width=\"300\" height=\"225\" src=\"https:\/\/mamimaja.si\/wp-content\/uploads\/2026\/02\/1_qqb3wk0mry_qo8jd4jy2kw-300x225.webp\" class=\"attachment-medium size-medium wp-image-5346\" srcset=\"https:\/\/mamimaja.si\/wp-content\/uploads\/2026\/02\/1_qqb3wk0mry_qo8jd4jy2kw-300x225.webp 300w, https:\/\/mamimaja.si\/wp-content\/uploads\/2026\/02\/1_qqb3wk0mry_qo8jd4jy2kw-1024x769.webp 1024w, https:\/\/mamimaja.si\/wp-content\/uploads\/2026\/02\/1_qqb3wk0mry_qo8jd4jy2kw-768x577.webp 768w, https:\/\/mamimaja.si\/wp-content\/uploads\/2026\/02\/1_qqb3wk0mry_qo8jd4jy2kw-16x12.webp 16w, https:\/\/mamimaja.si\/wp-content\/uploads\/2026\/02\/1_qqb3wk0mry_qo8jd4jy2kw-600x450.webp 600w, https:\/\/mamimaja.si\/wp-content\/uploads\/2026\/02\/1_qqb3wk0mry_qo8jd4jy2kw.webp 1440w\" sizes=\"(max-width: 300px) 100vw, 300px\" \/>\n                            <\/div>\n                    <\/div><div class=\"eael-entry-wrapper\"><header class=\"eael-entry-header\"><h5 class=\"eael-entry-title\"><a class=\"eael-grid-post-link\" href=\"https:\/\/mamimaja.si\/sl\/kako-pomagati-osebi-ki-trpi-za-neplodnostjo\/\" title=\"Kako pomagati osebi, ki trpi za\u00a0neplodnostjo?\">Kako pomagati osebi, ki trpi za\u00a0neplodnostjo?<\/a><\/h5><\/header><div class=\"eael-entry-content\">\n                                <div class=\"eael-grid-post-excerpt\"><p>\u010ce sem v\u00a0prej\u0161nji objavi\u00a0naslovila problemati\u010dno in neprimerno komunikacijo z osebami, ki trpijo za neplodnostjo, imate danes pred vami nabor vedenja,...<\/p><a href=\"https:\/\/mamimaja.si\/sl\/kako-pomagati-osebi-ki-trpi-za-neplodnostjo\/\" class=\"eael-post-elements-readmore-btn\">Preberi ve\u010d<\/a><\/div>\n                            <\/div><div class=\"eael-entry-header-after style-two\"><div class=\"eael-entry-meta\"><span class=\"eael-meta-posted-on\"><i class=\"far fa-clock\"><\/i><time datetime=\"17 januarja, 2020\">17 januarja, 2020<\/time><\/span><\/div><\/div><\/div><\/div>\n    <\/div>\n<\/article><article class=\"eael-grid-post  eael-post-grid-column eael-pg-post-5342 category-psihologija-neplodnosti\" data-id=\"5342\">\n    <div class=\"eael-grid-post-holder\">\n        <div class=\"eael-grid-post-holder-inner\"><div class=\"eael-entry-media\"><div class=\"eael-entry-overlay fade-in\"><i class=\"fas fa-long-arrow-alt-right\" aria-hidden=\"true\"><\/i><a href=\"https:\/\/mamimaja.si\/sl\/cesa-ne-reci-osebi-ki-se-sooca-z-neplodnostjo\/\"><\/a><\/div><div class=\"eael-entry-thumbnail eael-image-ratio\">\n                            <img alt=\"\" decoding=\"async\" width=\"300\" height=\"287\" src=\"https:\/\/mamimaja.si\/wp-content\/uploads\/2026\/02\/1_lccksys6eiglxklie4nkgg-300x287.jpeg\" class=\"attachment-medium size-medium wp-image-5347\" srcset=\"https:\/\/mamimaja.si\/wp-content\/uploads\/2026\/02\/1_lccksys6eiglxklie4nkgg-300x287.jpeg 300w, https:\/\/mamimaja.si\/wp-content\/uploads\/2026\/02\/1_lccksys6eiglxklie4nkgg-1024x979.jpeg 1024w, https:\/\/mamimaja.si\/wp-content\/uploads\/2026\/02\/1_lccksys6eiglxklie4nkgg-768x734.jpeg 768w, https:\/\/mamimaja.si\/wp-content\/uploads\/2026\/02\/1_lccksys6eiglxklie4nkgg-13x12.jpeg 13w, https:\/\/mamimaja.si\/wp-content\/uploads\/2026\/02\/1_lccksys6eiglxklie4nkgg-600x574.jpeg 600w, https:\/\/mamimaja.si\/wp-content\/uploads\/2026\/02\/1_lccksys6eiglxklie4nkgg.jpeg 1200w\" sizes=\"(max-width: 300px) 100vw, 300px\" \/>\n                            <\/div>\n                    <\/div><div class=\"eael-entry-wrapper\"><header class=\"eael-entry-header\"><h5 class=\"eael-entry-title\"><a class=\"eael-grid-post-link\" href=\"https:\/\/mamimaja.si\/sl\/cesa-ne-reci-osebi-ki-se-sooca-z-neplodnostjo\/\" title=\"\u010cesa NE re\u010di osebi, ki se soo\u010da z\u00a0neplodnostjo\">\u010cesa NE re\u010di osebi, ki se soo\u010da z\u00a0neplodnostjo<\/a><\/h5><\/header><div class=\"eael-entry-content\">\n                                <div class=\"eael-grid-post-excerpt\"><p>\u017denskam, parom, ki se soo\u010dajo z neplodnostjo (pa ni va\u017eno ali njihov boj traja eno leto ali pa 10), se...<\/p><a href=\"https:\/\/mamimaja.si\/sl\/cesa-ne-reci-osebi-ki-se-sooca-z-neplodnostjo\/\" class=\"eael-post-elements-readmore-btn\">Preberi ve\u010d<\/a><\/div>\n                            <\/div><div class=\"eael-entry-header-after style-two\"><div class=\"eael-entry-meta\"><span class=\"eael-meta-posted-on\"><i class=\"far fa-clock\"><\/i><time datetime=\"13 januarja, 2020\">13 januarja, 2020<\/time><\/span><\/div><\/div><\/div><\/div>\n    <\/div>\n<\/article><article class=\"eael-grid-post  eael-post-grid-column eael-pg-post-5340 category-psihologija-neplodnosti\" data-id=\"5340\">\n    <div class=\"eael-grid-post-holder\">\n        <div class=\"eael-grid-post-holder-inner\"><div class=\"eael-entry-media\"><div class=\"eael-entry-overlay fade-in\"><i class=\"fas fa-long-arrow-alt-right\" aria-hidden=\"true\"><\/i><a href=\"https:\/\/mamimaja.si\/sl\/neplodnost-otrok-ki-je-moj-a-ni-tvoj-otrok-ki-je-tvoj-a-ni-moj-otrok-ki-je-najin\/\"><\/a><\/div><div class=\"eael-entry-thumbnail eael-image-ratio\">\n                            <img alt=\"\" loading=\"lazy\" decoding=\"async\" width=\"300\" height=\"200\" src=\"https:\/\/mamimaja.si\/wp-content\/uploads\/2026\/02\/couple-embracing-each-other-beach-300x200.webp\" class=\"attachment-medium size-medium wp-image-5351\" srcset=\"https:\/\/mamimaja.si\/wp-content\/uploads\/2026\/02\/couple-embracing-each-other-beach-300x200.webp 300w, https:\/\/mamimaja.si\/wp-content\/uploads\/2026\/02\/couple-embracing-each-other-beach-1024x682.webp 1024w, https:\/\/mamimaja.si\/wp-content\/uploads\/2026\/02\/couple-embracing-each-other-beach-768x511.webp 768w, https:\/\/mamimaja.si\/wp-content\/uploads\/2026\/02\/couple-embracing-each-other-beach-18x12.webp 18w, https:\/\/mamimaja.si\/wp-content\/uploads\/2026\/02\/couple-embracing-each-other-beach-600x400.webp 600w, https:\/\/mamimaja.si\/wp-content\/uploads\/2026\/02\/couple-embracing-each-other-beach.webp 1440w\" sizes=\"(max-width: 300px) 100vw, 300px\" \/>\n                            <\/div>\n                    <\/div><div class=\"eael-entry-wrapper\"><header class=\"eael-entry-header\"><h5 class=\"eael-entry-title\"><a class=\"eael-grid-post-link\" href=\"https:\/\/mamimaja.si\/sl\/neplodnost-otrok-ki-je-moj-a-ni-tvoj-otrok-ki-je-tvoj-a-ni-moj-otrok-ki-je-najin\/\" title=\"Neplodnost: Otrok, ki je moj, a ni tvoj, otrok, ki je tvoj, a ni moj\u2026 otrok, ki je\u00a0najin\">Neplodnost: Otrok, ki je moj, a ni tvoj, otrok, ki je tvoj, a ni moj\u2026 otrok, ki je\u00a0najin<\/a><\/h5><\/header><div class=\"eael-entry-content\">\n                                <div class=\"eael-grid-post-excerpt\"><p>Sedela sva v kavarni. Naro\u010dil si je kavico in pri\u017egal prvi cigaret. \u201cRazume\u0161 kaj to pomeni?\u201d, sem ga vpra\u0161ala. \u201cJa.\u201d,...<\/p><a href=\"https:\/\/mamimaja.si\/sl\/neplodnost-otrok-ki-je-moj-a-ni-tvoj-otrok-ki-je-tvoj-a-ni-moj-otrok-ki-je-najin\/\" class=\"eael-post-elements-readmore-btn\">Preberi ve\u010d<\/a><\/div>\n                            <\/div><div class=\"eael-entry-header-after style-two\"><div class=\"eael-entry-meta\"><span class=\"eael-meta-posted-on\"><i class=\"far fa-clock\"><\/i><time datetime=\"16 aprila, 2019\">16 aprila, 2019<\/time><\/span><\/div><\/div><\/div><\/div>\n    <\/div>\n<\/article><article class=\"eael-grid-post  eael-post-grid-column eael-pg-post-5313 category-psihologija-neplodnosti\" data-id=\"5313\">\n    <div class=\"eael-grid-post-holder\">\n        <div class=\"eael-grid-post-holder-inner\"><div class=\"eael-entry-media\"><div class=\"eael-entry-overlay fade-in\"><i class=\"fas fa-long-arrow-alt-right\" aria-hidden=\"true\"><\/i><a href=\"https:\/\/mamimaja.si\/sl\/brez-otroka-mi-ziveti-ni-je-lahko-zveza-dovolj-trdna-da-obstane-tudi-brez-otrok-2\/\"><\/a><\/div><div class=\"eael-entry-thumbnail eael-image-ratio\">\n                            <img alt=\"\" loading=\"lazy\" decoding=\"async\" width=\"300\" height=\"197\" src=\"https:\/\/mamimaja.si\/wp-content\/uploads\/2026\/02\/grief-and-marriage-300x197.webp\" class=\"attachment-medium size-medium wp-image-5332\" srcset=\"https:\/\/mamimaja.si\/wp-content\/uploads\/2026\/02\/grief-and-marriage-300x197.webp 300w, https:\/\/mamimaja.si\/wp-content\/uploads\/2026\/02\/grief-and-marriage-1024x672.webp 1024w, https:\/\/mamimaja.si\/wp-content\/uploads\/2026\/02\/grief-and-marriage-768x504.webp 768w, https:\/\/mamimaja.si\/wp-content\/uploads\/2026\/02\/grief-and-marriage-18x12.webp 18w, https:\/\/mamimaja.si\/wp-content\/uploads\/2026\/02\/grief-and-marriage-600x394.webp 600w, https:\/\/mamimaja.si\/wp-content\/uploads\/2026\/02\/grief-and-marriage.webp 1439w\" sizes=\"(max-width: 300px) 100vw, 300px\" \/>\n                            <\/div>\n                    <\/div><div class=\"eael-entry-wrapper\"><header class=\"eael-entry-header\"><h5 class=\"eael-entry-title\"><a class=\"eael-grid-post-link\" href=\"https:\/\/mamimaja.si\/sl\/brez-otroka-mi-ziveti-ni-je-lahko-zveza-dovolj-trdna-da-obstane-tudi-brez-otrok-2\/\" title=\"Brez otroka mi \u017eiveti ni: Je lahko zveza dovolj trdna, da obstane tudi brez\u00a0otrok?\">Brez otroka mi \u017eiveti ni: Je lahko zveza dovolj trdna, da obstane tudi brez\u00a0otrok?<\/a><\/h5><\/header><div class=\"eael-entry-content\">\n                                <div class=\"eael-grid-post-excerpt\"><p>Pred \u010dasom sem imela prilo\u017enost zaslediti in si v celoti ogledati pogovorno oddajo TV Kluba, z naslovom\u00a0\u201cLjubim te, \u010deprav nimava...<\/p><a href=\"https:\/\/mamimaja.si\/sl\/brez-otroka-mi-ziveti-ni-je-lahko-zveza-dovolj-trdna-da-obstane-tudi-brez-otrok-2\/\" class=\"eael-post-elements-readmore-btn\">Preberi ve\u010d<\/a><\/div>\n                            <\/div><div class=\"eael-entry-header-after style-two\"><div class=\"eael-entry-meta\"><span class=\"eael-meta-posted-on\"><i class=\"far fa-clock\"><\/i><time datetime=\"1 aprila, 2019\">1 aprila, 2019<\/time><\/span><\/div><\/div><\/div><\/div>\n    <\/div>\n<\/article><article class=\"eael-grid-post  eael-post-grid-column eael-pg-post-5334 category-psihologija-neplodnosti\" data-id=\"5334\">\n    <div class=\"eael-grid-post-holder\">\n        <div class=\"eael-grid-post-holder-inner\"><div class=\"eael-entry-wrapper\"><header class=\"eael-entry-header\"><h5 class=\"eael-entry-title\"><a class=\"eael-grid-post-link\" href=\"https:\/\/mamimaja.si\/sl\/moja-porodna-zgodba-2-del\/\" title=\"MOJA PORODNA ZGODBA \u2013 2.\u00a0DEL\">MOJA PORODNA ZGODBA \u2013 2.\u00a0DEL<\/a><\/h5><\/header><div class=\"eael-entry-content\">\n                                <div class=\"eael-grid-post-excerpt\"><p>Ko so mi vstavili kateter za epiduralno (kar je bilo mimogrede popolnoma nebole\u010de) in za\u010deli dovajati anestetik, smo ugotovili, da...<\/p><a href=\"https:\/\/mamimaja.si\/sl\/moja-porodna-zgodba-2-del\/\" class=\"eael-post-elements-readmore-btn\">Preberi ve\u010d<\/a><\/div>\n                            <\/div><div class=\"eael-entry-header-after style-two\"><div class=\"eael-entry-meta\"><span class=\"eael-meta-posted-on\"><i class=\"far fa-clock\"><\/i><time datetime=\"5 aprila, 2015\">5 aprila, 2015<\/time><\/span><\/div><\/div><\/div><\/div>\n    <\/div>\n<\/article><\/div>\n            <div class=\"clearfix\"><\/div>\n        <\/div>\t\t\t\t<\/div>\n\t\t\t\t\t<\/div>\n\t\t\t\t<\/div>\n\t\t\t\t<\/div>","protected":false},"excerpt":{"rendered":"<p>Pregled leta 2020: Skupina o neplodnosti mi\u00a0pomeni\u2026 \u010cetudi je bilo leto 2020<\/p>","protected":false},"author":2,"featured_media":0,"parent":0,"menu_order":0,"comment_status":"closed","ping_status":"closed","template":"","meta":{"_seopress_robots_primary_cat":"","_seopress_titles_title":"","_seopress_titles_desc":"","_seopress_robots_index":"","footnotes":""},"class_list":["post-5680","page","type-page","status-publish","hentry"],"_links":{"self":[{"href":"https:\/\/mamimaja.si\/sl\/wp-json\/wp\/v2\/pages\/5680","targetHints":{"allow":["GET"]}}],"collection":[{"href":"https:\/\/mamimaja.si\/sl\/wp-json\/wp\/v2\/pages"}],"about":[{"href":"https:\/\/mamimaja.si\/sl\/wp-json\/wp\/v2\/types\/page"}],"author":[{"embeddable":true,"href":"https:\/\/mamimaja.si\/sl\/wp-json\/wp\/v2\/users\/2"}],"replies":[{"embeddable":true,"href":"https:\/\/mamimaja.si\/sl\/wp-json\/wp\/v2\/comments?post=5680"}],"version-history":[{"count":4,"href":"https:\/\/mamimaja.si\/sl\/wp-json\/wp\/v2\/pages\/5680\/revisions"}],"predecessor-version":[{"id":5725,"href":"https:\/\/mamimaja.si\/sl\/wp-json\/wp\/v2\/pages\/5680\/revisions\/5725"}],"wp:attachment":[{"href":"https:\/\/mamimaja.si\/sl\/wp-json\/wp\/v2\/media?parent=5680"}],"curies":[{"name":"wp","href":"https:\/\/api.w.org\/{rel}","templated":true}]}}