{"id":5710,"date":"2026-02-17T11:36:31","date_gmt":"2026-02-17T11:36:31","guid":{"rendered":"https:\/\/mamimaja.si\/?page_id=5710"},"modified":"2026-02-17T16:30:46","modified_gmt":"2026-02-17T16:30:46","slug":"raziskave","status":"publish","type":"page","link":"https:\/\/mamimaja.si\/sl\/raziskave\/","title":{"rendered":"Raziskave"},"content":{"rendered":"<div data-elementor-type=\"wp-page\" data-elementor-id=\"5710\" class=\"elementor elementor-5710\">\n\t\t\t\t<div class=\"elementor-element elementor-element-d6af925 e-flex e-con-boxed wpr-particle-no wpr-jarallax-no wpr-parallax-no wpr-sticky-section-no wpr-equal-height-no e-con e-parent\" data-id=\"d6af925\" data-element_type=\"container\" data-e-type=\"container\">\n\t\t\t\t\t<div class=\"e-con-inner\">\n\t\t\t\t<div class=\"elementor-element elementor-element-d289a2c elementor-grid-eael-col-4 elementor-grid-tablet-eael-col-2 elementor-grid-mobile-eael-col-1 elementor-widget elementor-widget-eael-post-grid\" data-id=\"d289a2c\" data-element_type=\"widget\" data-e-type=\"widget\" data-settings=\"{&quot;eael_post_grid_columns&quot;:&quot;eael-col-4&quot;,&quot;eael_post_grid_columns_tablet&quot;:&quot;eael-col-2&quot;,&quot;eael_post_grid_columns_mobile&quot;:&quot;eael-col-1&quot;}\" data-widget_type=\"eael-post-grid.default\">\n\t\t\t\t\t<div id=\"eael-post-grid-d289a2c\" class=\"eael-post-grid-container\">\n            <div class=\"eael-post-grid eael-post-appender eael-post-appender-d289a2c eael-post-grid-style-two\" data-layout-mode=\"grid\"><article class=\"eael-grid-post  eael-post-grid-column eael-pg-post-5543 category-raziskave\" data-id=\"5543\">\n    <div class=\"eael-grid-post-holder\">\n        <div class=\"eael-grid-post-holder-inner\"><div class=\"eael-entry-media\"><div class=\"eael-entry-overlay fade-in\"><i class=\"fas fa-long-arrow-alt-right\" aria-hidden=\"true\"><\/i><a href=\"https:\/\/mamimaja.si\/sl\/2022-07-26-analiza-vprasalnika-darovanje-spolnih-celic-v-sloveniji\/\"><\/a><\/div><div class=\"eael-entry-thumbnail eael-image-ratio\">\n                            <img alt=\"\" decoding=\"async\" width=\"300\" height=\"100\" src=\"https:\/\/mamimaja.si\/wp-content\/uploads\/2026\/02\/galeria_1-ovo-1200x400-1-300x100.jpg\" class=\"attachment-medium size-medium wp-image-5572\" srcset=\"https:\/\/mamimaja.si\/wp-content\/uploads\/2026\/02\/galeria_1-ovo-1200x400-1-300x100.jpg 300w, https:\/\/mamimaja.si\/wp-content\/uploads\/2026\/02\/galeria_1-ovo-1200x400-1-1024x341.jpg 1024w, https:\/\/mamimaja.si\/wp-content\/uploads\/2026\/02\/galeria_1-ovo-1200x400-1-768x256.jpg 768w, https:\/\/mamimaja.si\/wp-content\/uploads\/2026\/02\/galeria_1-ovo-1200x400-1-18x6.jpg 18w, https:\/\/mamimaja.si\/wp-content\/uploads\/2026\/02\/galeria_1-ovo-1200x400-1-600x200.jpg 600w, https:\/\/mamimaja.si\/wp-content\/uploads\/2026\/02\/galeria_1-ovo-1200x400-1.jpg 1200w\" sizes=\"(max-width: 300px) 100vw, 300px\" \/>\n                            <\/div>\n                    <\/div><div class=\"eael-entry-wrapper\"><header class=\"eael-entry-header\"><h5 class=\"eael-entry-title\"><a class=\"eael-grid-post-link\" href=\"https:\/\/mamimaja.si\/sl\/2022-07-26-analiza-vprasalnika-darovanje-spolnih-celic-v-sloveniji\/\" title=\"Analiza vpra\u0161alnika: Darovanje spolnih celic v\u00a0Sloveniji\">Analiza vpra\u0161alnika: Darovanje spolnih celic v\u00a0Sloveniji<\/a><\/h5><\/header><div class=\"eael-entry-content\">\n                                <div class=\"eael-grid-post-excerpt\"><p>Namen spletnega vpra\u0161alnika Spletni vpra\u0161alnik je bil oblikovan z namenom: ugotavljanja poznavanja podro\u010dja OBMP in darovanja spolnih celic ugotavljanja odnosa...<\/p><a href=\"https:\/\/mamimaja.si\/sl\/2022-07-26-analiza-vprasalnika-darovanje-spolnih-celic-v-sloveniji\/\" class=\"eael-post-elements-readmore-btn\">Preberi ve\u010d<\/a><\/div>\n                            <\/div><div class=\"eael-entry-header-after style-two\"><div class=\"eael-entry-meta\"><span class=\"eael-meta-posted-on\"><i class=\"far fa-clock\"><\/i><time datetime=\"26 julija, 2022\">26 julija, 2022<\/time><\/span><\/div><\/div><\/div><\/div>\n    <\/div>\n<\/article><article class=\"eael-grid-post  eael-post-grid-column eael-pg-post-5542 category-raziskave\" data-id=\"5542\">\n    <div class=\"eael-grid-post-holder\">\n        <div class=\"eael-grid-post-holder-inner\"><div class=\"eael-entry-media\"><div class=\"eael-entry-overlay fade-in\"><i class=\"fas fa-long-arrow-alt-right\" aria-hidden=\"true\"><\/i><a href=\"https:\/\/mamimaja.si\/sl\/2022-07-14-s-prepovedjo-splava-drvimo-v-prepoved-umetne-oploditve\/\"><\/a><\/div><div class=\"eael-entry-thumbnail eael-image-ratio\">\n                            <img alt=\"\" fetchpriority=\"high\" decoding=\"async\" width=\"300\" height=\"202\" src=\"https:\/\/mamimaja.si\/wp-content\/uploads\/2026\/02\/abortion-300x202.webp\" class=\"attachment-medium size-medium wp-image-5570\" srcset=\"https:\/\/mamimaja.si\/wp-content\/uploads\/2026\/02\/abortion-300x202.webp 300w, https:\/\/mamimaja.si\/wp-content\/uploads\/2026\/02\/abortion-768x518.webp 768w, https:\/\/mamimaja.si\/wp-content\/uploads\/2026\/02\/abortion-18x12.webp 18w, https:\/\/mamimaja.si\/wp-content\/uploads\/2026\/02\/abortion-600x404.webp 600w, https:\/\/mamimaja.si\/wp-content\/uploads\/2026\/02\/abortion.webp 1000w\" sizes=\"(max-width: 300px) 100vw, 300px\" \/>\n                            <\/div>\n                    <\/div><div class=\"eael-entry-wrapper\"><header class=\"eael-entry-header\"><h5 class=\"eael-entry-title\"><a class=\"eael-grid-post-link\" href=\"https:\/\/mamimaja.si\/sl\/2022-07-14-s-prepovedjo-splava-drvimo-v-prepoved-umetne-oploditve\/\" title=\"S prepovedjo splava drvimo v prepoved umetne\u00a0oploditve\">S prepovedjo splava drvimo v prepoved umetne\u00a0oploditve<\/a><\/h5><\/header><div class=\"eael-entry-content\">\n                                <div class=\"eael-grid-post-excerpt\"><p>13. decembra 2021 sva Tina Drovenik, uni. dipl. fil., uni. dipl. soc. kult. in Maja Henigman, IVF koordinator, na Simpoziju...<\/p><a href=\"https:\/\/mamimaja.si\/sl\/2022-07-14-s-prepovedjo-splava-drvimo-v-prepoved-umetne-oploditve\/\" class=\"eael-post-elements-readmore-btn\">Preberi ve\u010d<\/a><\/div>\n                            <\/div><div class=\"eael-entry-header-after style-two\"><div class=\"eael-entry-meta\"><span class=\"eael-meta-posted-on\"><i class=\"far fa-clock\"><\/i><time datetime=\"14 julija, 2022\">14 julija, 2022<\/time><\/span><\/div><\/div><\/div><\/div>\n    <\/div>\n<\/article><article class=\"eael-grid-post  eael-post-grid-column eael-pg-post-5544 category-raziskave\" data-id=\"5544\">\n    <div class=\"eael-grid-post-holder\">\n        <div class=\"eael-grid-post-holder-inner\"><div class=\"eael-entry-media\"><div class=\"eael-entry-overlay fade-in\"><i class=\"fas fa-long-arrow-alt-right\" aria-hidden=\"true\"><\/i><a href=\"https:\/\/mamimaja.si\/sl\/2021-11-02-cepivo-proti-raku-dojk-naznanitev-prve-studije-na-ljudeh-2\/\"><\/a><\/div><div class=\"eael-entry-thumbnail eael-image-ratio\">\n                            <img alt=\"\" decoding=\"async\" width=\"300\" height=\"200\" src=\"https:\/\/mamimaja.si\/wp-content\/uploads\/2026\/02\/pink-ribbon-black-stethoscope-plaster-300x200.webp\" class=\"attachment-medium size-medium wp-image-5567\" srcset=\"https:\/\/mamimaja.si\/wp-content\/uploads\/2026\/02\/pink-ribbon-black-stethoscope-plaster-300x200.webp 300w, https:\/\/mamimaja.si\/wp-content\/uploads\/2026\/02\/pink-ribbon-black-stethoscope-plaster-1024x683.webp 1024w, https:\/\/mamimaja.si\/wp-content\/uploads\/2026\/02\/pink-ribbon-black-stethoscope-plaster-768x512.webp 768w, https:\/\/mamimaja.si\/wp-content\/uploads\/2026\/02\/pink-ribbon-black-stethoscope-plaster-18x12.webp 18w, https:\/\/mamimaja.si\/wp-content\/uploads\/2026\/02\/pink-ribbon-black-stethoscope-plaster-600x400.webp 600w, https:\/\/mamimaja.si\/wp-content\/uploads\/2026\/02\/pink-ribbon-black-stethoscope-plaster.webp 1440w\" sizes=\"(max-width: 300px) 100vw, 300px\" \/>\n                            <\/div>\n                    <\/div><div class=\"eael-entry-wrapper\"><header class=\"eael-entry-header\"><h5 class=\"eael-entry-title\"><a class=\"eael-grid-post-link\" href=\"https:\/\/mamimaja.si\/sl\/2021-11-02-cepivo-proti-raku-dojk-naznanitev-prve-studije-na-ljudeh-2\/\" title=\"Cepivo proti raku dojk: Naznanitev prve \u0161tudije na\u00a0ljudeh\">Cepivo proti raku dojk: Naznanitev prve \u0161tudije na\u00a0ljudeh<\/a><\/h5><\/header><div class=\"eael-entry-content\">\n                                <div class=\"eael-grid-post-excerpt\"><p>V zadnjih nekaj desetletjih smo bili pri\u010da neverjetnemu napredku v boju proti raku dojk, pri \u010demer se je stopnja pre\u017eivetja...<\/p><a href=\"https:\/\/mamimaja.si\/sl\/2021-11-02-cepivo-proti-raku-dojk-naznanitev-prve-studije-na-ljudeh-2\/\" class=\"eael-post-elements-readmore-btn\">Preberi ve\u010d<\/a><\/div>\n                            <\/div><div class=\"eael-entry-header-after style-two\"><div class=\"eael-entry-meta\"><span class=\"eael-meta-posted-on\"><i class=\"far fa-clock\"><\/i><time datetime=\"11 februarja, 2021\">11 februarja, 2021<\/time><\/span><\/div><\/div><\/div><\/div>\n    <\/div>\n<\/article><article class=\"eael-grid-post  eael-post-grid-column eael-pg-post-5545 category-raziskave\" data-id=\"5545\">\n    <div class=\"eael-grid-post-holder\">\n        <div class=\"eael-grid-post-holder-inner\"><div class=\"eael-entry-media\"><div class=\"eael-entry-overlay fade-in\"><i class=\"fas fa-long-arrow-alt-right\" aria-hidden=\"true\"><\/i><a href=\"https:\/\/mamimaja.si\/sl\/2021-11-02-cepivo-proti-raku-dojk-naznanitev-prve-studije-na-ljudeh\/\"><\/a><\/div><div class=\"eael-entry-thumbnail eael-image-ratio\">\n                            <img alt=\"\" loading=\"lazy\" decoding=\"async\" width=\"300\" height=\"200\" src=\"https:\/\/mamimaja.si\/wp-content\/uploads\/2026\/02\/think-difference-business-concept-300x200.webp\" class=\"attachment-medium size-medium wp-image-5565\" srcset=\"https:\/\/mamimaja.si\/wp-content\/uploads\/2026\/02\/think-difference-business-concept-300x200.webp 300w, https:\/\/mamimaja.si\/wp-content\/uploads\/2026\/02\/think-difference-business-concept-1024x683.webp 1024w, https:\/\/mamimaja.si\/wp-content\/uploads\/2026\/02\/think-difference-business-concept-768x513.webp 768w, https:\/\/mamimaja.si\/wp-content\/uploads\/2026\/02\/think-difference-business-concept-18x12.webp 18w, https:\/\/mamimaja.si\/wp-content\/uploads\/2026\/02\/think-difference-business-concept-600x400.webp 600w, https:\/\/mamimaja.si\/wp-content\/uploads\/2026\/02\/think-difference-business-concept.webp 1440w\" sizes=\"(max-width: 300px) 100vw, 300px\" \/>\n                            <\/div>\n                    <\/div><div class=\"eael-entry-wrapper\"><header class=\"eael-entry-header\"><h5 class=\"eael-entry-title\"><a class=\"eael-grid-post-link\" href=\"https:\/\/mamimaja.si\/sl\/2021-11-02-cepivo-proti-raku-dojk-naznanitev-prve-studije-na-ljudeh\/\" title=\"OBMP postopek z darovano jaj\u010dno celico: Rezultati\u00a0vpra\u0161alnika\">OBMP postopek z darovano jaj\u010dno celico: Rezultati\u00a0vpra\u0161alnika<\/a><\/h5><\/header><div class=\"eael-entry-content\">\n                                <div class=\"eael-grid-post-excerpt\"><p>Od avgusta letos, je nekaj mesecev v podporni\u00a0Skupini o neplodnosti, tekel spletni vpra\u0161alnik (izdelan na 1ka), kjer so \u017eenske, ki...<\/p><a href=\"https:\/\/mamimaja.si\/sl\/2021-11-02-cepivo-proti-raku-dojk-naznanitev-prve-studije-na-ljudeh\/\" class=\"eael-post-elements-readmore-btn\">Preberi ve\u010d<\/a><\/div>\n                            <\/div><div class=\"eael-entry-header-after style-two\"><div class=\"eael-entry-meta\"><span class=\"eael-meta-posted-on\"><i class=\"far fa-clock\"><\/i><time datetime=\"11 februarja, 2021\">11 februarja, 2021<\/time><\/span><\/div><\/div><\/div><\/div>\n    <\/div>\n<\/article><\/div>\n            <div class=\"clearfix\"><\/div>\n        <\/div>\t\t\t\t<\/div>\n\t\t\t\t\t<\/div>\n\t\t\t\t<\/div>\n\t\t\t\t<\/div>","protected":false},"excerpt":{"rendered":"<p>Analiza vpra\u0161alnika: Darovanje spolnih celic v\u00a0Sloveniji Namen spletnega vpra\u0161alnika Spletni vpra\u0161alnik je<\/p>","protected":false},"author":2,"featured_media":0,"parent":0,"menu_order":0,"comment_status":"closed","ping_status":"closed","template":"","meta":{"_seopress_robots_primary_cat":"","_seopress_titles_title":"","_seopress_titles_desc":"","_seopress_robots_index":"","footnotes":""},"class_list":["post-5710","page","type-page","status-publish","hentry"],"_links":{"self":[{"href":"https:\/\/mamimaja.si\/sl\/wp-json\/wp\/v2\/pages\/5710","targetHints":{"allow":["GET"]}}],"collection":[{"href":"https:\/\/mamimaja.si\/sl\/wp-json\/wp\/v2\/pages"}],"about":[{"href":"https:\/\/mamimaja.si\/sl\/wp-json\/wp\/v2\/types\/page"}],"author":[{"embeddable":true,"href":"https:\/\/mamimaja.si\/sl\/wp-json\/wp\/v2\/users\/2"}],"replies":[{"embeddable":true,"href":"https:\/\/mamimaja.si\/sl\/wp-json\/wp\/v2\/comments?post=5710"}],"version-history":[{"count":10,"href":"https:\/\/mamimaja.si\/sl\/wp-json\/wp\/v2\/pages\/5710\/revisions"}],"predecessor-version":[{"id":5756,"href":"https:\/\/mamimaja.si\/sl\/wp-json\/wp\/v2\/pages\/5710\/revisions\/5756"}],"wp:attachment":[{"href":"https:\/\/mamimaja.si\/sl\/wp-json\/wp\/v2\/media?parent=5710"}],"curies":[{"name":"wp","href":"https:\/\/api.w.org\/{rel}","templated":true}]}}