{"id":5711,"date":"2026-02-17T11:21:59","date_gmt":"2026-02-17T11:21:59","guid":{"rendered":"https:\/\/mamimaja.si\/?page_id=5711"},"modified":"2026-02-17T11:29:08","modified_gmt":"2026-02-17T11:29:08","slug":"moja-nosecnost","status":"publish","type":"page","link":"https:\/\/mamimaja.si\/sl\/moja-nosecnost\/","title":{"rendered":"Moja nose\u010dnost"},"content":{"rendered":"<div data-elementor-type=\"wp-page\" data-elementor-id=\"5711\" class=\"elementor elementor-5711\">\n\t\t\t\t<div class=\"elementor-element elementor-element-d6af925 e-flex e-con-boxed wpr-particle-no wpr-jarallax-no wpr-parallax-no wpr-sticky-section-no wpr-equal-height-no e-con e-parent\" data-id=\"d6af925\" data-element_type=\"container\" data-e-type=\"container\">\n\t\t\t\t\t<div class=\"e-con-inner\">\n\t\t\t\t<div class=\"elementor-element elementor-element-86d0f78 elementor-widget elementor-widget-text-editor\" data-id=\"86d0f78\" data-element_type=\"widget\" data-e-type=\"widget\" data-widget_type=\"text-editor.default\">\n\t\t\t\t\t\t\t\t\t<div class=\"wp-block-group has-global-padding is-layout-constrained wp-block-group-is-layout-constrained\">\u00a0<\/div><div class=\"entry-content wp-block-post-content has-global-padding is-layout-constrained wp-block-post-content-is-layout-constrained\" spellcheck=\"false\"><p class=\"has-text-align-justify wp-block-paragraph\" style=\"text-align: center;\">Preberite si, teden za tednom, kako je potekala moja prva nose\u010dnost po oploditvi z biomedicinsko pomo\u010djo (IVF-ICSI). Kako sem nose\u010dnost prena\u0161ala? Ali je bila bolj tvegana zaradi zanositve po IVF postopku, so se pojavili kak\u0161ni zapleti ali smo napredovali po \u0161olsko?<\/p><\/div>\t\t\t\t\t\t\t\t<\/div>\n\t\t\t\t<div class=\"elementor-element elementor-element-d289a2c elementor-grid-eael-col-4 elementor-grid-tablet-eael-col-2 elementor-grid-mobile-eael-col-1 elementor-widget elementor-widget-eael-post-grid\" data-id=\"d289a2c\" data-element_type=\"widget\" data-e-type=\"widget\" data-settings=\"{&quot;eael_post_grid_columns&quot;:&quot;eael-col-4&quot;,&quot;eael_post_grid_columns_tablet&quot;:&quot;eael-col-2&quot;,&quot;eael_post_grid_columns_mobile&quot;:&quot;eael-col-1&quot;}\" data-widget_type=\"eael-post-grid.default\">\n\t\t\t\t\t<div id=\"eael-post-grid-d289a2c\" class=\"eael-post-grid-container\">\n            <div class=\"eael-post-grid eael-post-appender eael-post-appender-d289a2c eael-post-grid-style-two\" data-layout-mode=\"grid\"><article class=\"eael-grid-post  eael-post-grid-column eael-pg-post-5421 category-moja-nosecnost-tretje-trimesecje\" data-id=\"5421\">\n    <div class=\"eael-grid-post-holder\">\n        <div class=\"eael-grid-post-holder-inner\"><div class=\"eael-entry-wrapper\"><header class=\"eael-entry-header\"><h5 class=\"eael-entry-title\"><a class=\"eael-grid-post-link\" href=\"https:\/\/mamimaja.si\/sl\/41-teden-nosecnosti\/\" title=\"41. TEDEN nose\u010dnosti\">41. TEDEN nose\u010dnosti<\/a><\/h5><\/header><div class=\"eael-entry-content\">\n                                <div class=\"eael-grid-post-excerpt\"><p>Kako dale\u010d sem?\u00a041. tednov (PDP 7.9.2015) Te\u017ea:\u00a090 kg (+6 kg) Obseg trebu\u0161\u010dka:\u00a0118 cm (+10 cm)<\/p><a href=\"https:\/\/mamimaja.si\/sl\/41-teden-nosecnosti\/\" class=\"eael-post-elements-readmore-btn\">Preberi ve\u010d<\/a><\/div>\n                            <\/div><div class=\"eael-entry-header-after style-two\"><div class=\"eael-entry-meta\"><span class=\"eael-meta-posted-on\"><i class=\"far fa-clock\"><\/i><time datetime=\"6 aprila, 2015\">6 aprila, 2015<\/time><\/span><\/div><\/div><\/div><\/div>\n    <\/div>\n<\/article><article class=\"eael-grid-post  eael-post-grid-column eael-pg-post-5420 category-moja-nosecnost-tretje-trimesecje\" data-id=\"5420\">\n    <div class=\"eael-grid-post-holder\">\n        <div class=\"eael-grid-post-holder-inner\"><div class=\"eael-entry-wrapper\"><header class=\"eael-entry-header\"><h5 class=\"eael-entry-title\"><a class=\"eael-grid-post-link\" href=\"https:\/\/mamimaja.si\/sl\/40-teden-nosecnosti\/\" title=\"40. TEDEN nose\u010dnosti\">40. TEDEN nose\u010dnosti<\/a><\/h5><\/header><div class=\"eael-entry-content\">\n                                <div class=\"eael-grid-post-excerpt\"><p>Kako dale\u010d sem?\u00a040. tednov (PDP 7.9.2015) Te\u017ea:\u00a090 kg (+6 kg) Obseg trebu\u0161\u010dka:\u00a0118 cm (+10 cm)<\/p><a href=\"https:\/\/mamimaja.si\/sl\/40-teden-nosecnosti\/\" class=\"eael-post-elements-readmore-btn\">Preberi ve\u010d<\/a><\/div>\n                            <\/div><div class=\"eael-entry-header-after style-two\"><div class=\"eael-entry-meta\"><span class=\"eael-meta-posted-on\"><i class=\"far fa-clock\"><\/i><time datetime=\"6 aprila, 2015\">6 aprila, 2015<\/time><\/span><\/div><\/div><\/div><\/div>\n    <\/div>\n<\/article><article class=\"eael-grid-post  eael-post-grid-column eael-pg-post-5419 category-moja-nosecnost-tretje-trimesecje\" data-id=\"5419\">\n    <div class=\"eael-grid-post-holder\">\n        <div class=\"eael-grid-post-holder-inner\"><div class=\"eael-entry-wrapper\"><header class=\"eael-entry-header\"><h5 class=\"eael-entry-title\"><a class=\"eael-grid-post-link\" href=\"https:\/\/mamimaja.si\/sl\/39-teden-nosecnosti\/\" title=\"39. TEDEN nose\u010dnosti\">39. TEDEN nose\u010dnosti<\/a><\/h5><\/header><div class=\"eael-entry-content\">\n                                <div class=\"eael-grid-post-excerpt\"><p>Kako dale\u010d sem?\u00a039. tednov (PDP 7.9.2015) Te\u017ea:\u00a090 kg (+6 kg) Obseg trebu\u0161\u010dka:\u00a0118 cm (+10 cm) Velikost otro\u010dka:\u00a0ananas (53 cm, 3.2...<\/p><a href=\"https:\/\/mamimaja.si\/sl\/39-teden-nosecnosti\/\" class=\"eael-post-elements-readmore-btn\">Preberi ve\u010d<\/a><\/div>\n                            <\/div><div class=\"eael-entry-header-after style-two\"><div class=\"eael-entry-meta\"><span class=\"eael-meta-posted-on\"><i class=\"far fa-clock\"><\/i><time datetime=\"6 aprila, 2015\">6 aprila, 2015<\/time><\/span><\/div><\/div><\/div><\/div>\n    <\/div>\n<\/article><article class=\"eael-grid-post  eael-post-grid-column eael-pg-post-5418 category-moja-nosecnost-tretje-trimesecje\" data-id=\"5418\">\n    <div class=\"eael-grid-post-holder\">\n        <div class=\"eael-grid-post-holder-inner\"><div class=\"eael-entry-wrapper\"><header class=\"eael-entry-header\"><h5 class=\"eael-entry-title\"><a class=\"eael-grid-post-link\" href=\"https:\/\/mamimaja.si\/sl\/38-teden-nosecnosti\/\" title=\"38. TEDEN nose\u010dnosti\">38. TEDEN nose\u010dnosti<\/a><\/h5><\/header><div class=\"eael-entry-content\">\n                                <div class=\"eael-grid-post-excerpt\"><p>Kako dale\u010d sem?\u00a038. tednov (PDP 7.9.2015) Te\u017ea:\u00a089,8 kg (+5,8 kg) Obseg trebu\u0161\u010dka:\u00a0118 cm (+10 cm) Velikost otro\u010dka:\u00a0ananas (53 cm, 3...<\/p><a href=\"https:\/\/mamimaja.si\/sl\/38-teden-nosecnosti\/\" class=\"eael-post-elements-readmore-btn\">Preberi ve\u010d<\/a><\/div>\n                            <\/div><div class=\"eael-entry-header-after style-two\"><div class=\"eael-entry-meta\"><span class=\"eael-meta-posted-on\"><i class=\"far fa-clock\"><\/i><time datetime=\"6 aprila, 2015\">6 aprila, 2015<\/time><\/span><\/div><\/div><\/div><\/div>\n    <\/div>\n<\/article><article class=\"eael-grid-post  eael-post-grid-column eael-pg-post-5417 category-moja-nosecnost-tretje-trimesecje\" data-id=\"5417\">\n    <div class=\"eael-grid-post-holder\">\n        <div class=\"eael-grid-post-holder-inner\"><div class=\"eael-entry-wrapper\"><header class=\"eael-entry-header\"><h5 class=\"eael-entry-title\"><a class=\"eael-grid-post-link\" href=\"https:\/\/mamimaja.si\/sl\/37-teden-nosecnosti\/\" title=\"37. TEDEN nose\u010dnosti\">37. TEDEN nose\u010dnosti<\/a><\/h5><\/header><div class=\"eael-entry-content\">\n                                <div class=\"eael-grid-post-excerpt\"><p>Kako dale\u010d sem?\u00a037. tednov (PDP 7.9.2015) Te\u017ea:\u00a089,2 kg (+5,2 kg) Obseg trebu\u0161\u010dka:\u00a0118 cm (+10 cm) Velikost otro\u010dka:\u00a0ananas (53 cm, 2.9...<\/p><a href=\"https:\/\/mamimaja.si\/sl\/37-teden-nosecnosti\/\" class=\"eael-post-elements-readmore-btn\">Preberi ve\u010d<\/a><\/div>\n                            <\/div><div class=\"eael-entry-header-after style-two\"><div class=\"eael-entry-meta\"><span class=\"eael-meta-posted-on\"><i class=\"far fa-clock\"><\/i><time datetime=\"6 aprila, 2015\">6 aprila, 2015<\/time><\/span><\/div><\/div><\/div><\/div>\n    <\/div>\n<\/article><article class=\"eael-grid-post  eael-post-grid-column eael-pg-post-5416 category-moja-nosecnost-tretje-trimesecje\" data-id=\"5416\">\n    <div class=\"eael-grid-post-holder\">\n        <div class=\"eael-grid-post-holder-inner\"><div class=\"eael-entry-wrapper\"><header class=\"eael-entry-header\"><h5 class=\"eael-entry-title\"><a class=\"eael-grid-post-link\" href=\"https:\/\/mamimaja.si\/sl\/36-teden-nosecnosti\/\" title=\"36. TEDEN nose\u010dnosti\">36. TEDEN nose\u010dnosti<\/a><\/h5><\/header><div class=\"eael-entry-content\">\n                                <div class=\"eael-grid-post-excerpt\"><p>Kako dale\u010d sem?\u00a036. tednov (PDP 7.9.2015) Te\u017ea:\u00a088,8 kg (+4,8 kg) Obseg trebu\u0161\u010dka:\u00a0118 cm (+10 cm) Velikost otro\u010dka:\u00a0ananas (52 cm, 2.7...<\/p><a href=\"https:\/\/mamimaja.si\/sl\/36-teden-nosecnosti\/\" class=\"eael-post-elements-readmore-btn\">Preberi ve\u010d<\/a><\/div>\n                            <\/div><div class=\"eael-entry-header-after style-two\"><div class=\"eael-entry-meta\"><span class=\"eael-meta-posted-on\"><i class=\"far fa-clock\"><\/i><time datetime=\"6 aprila, 2015\">6 aprila, 2015<\/time><\/span><\/div><\/div><\/div><\/div>\n    <\/div>\n<\/article><article class=\"eael-grid-post  eael-post-grid-column eael-pg-post-5415 category-moja-nosecnost-tretje-trimesecje\" data-id=\"5415\">\n    <div class=\"eael-grid-post-holder\">\n        <div class=\"eael-grid-post-holder-inner\"><div class=\"eael-entry-wrapper\"><header class=\"eael-entry-header\"><h5 class=\"eael-entry-title\"><a class=\"eael-grid-post-link\" href=\"https:\/\/mamimaja.si\/sl\/35-teden-nosecnosti\/\" title=\"35. TEDEN nose\u010dnosti\">35. TEDEN nose\u010dnosti<\/a><\/h5><\/header><div class=\"eael-entry-content\">\n                                <div class=\"eael-grid-post-excerpt\"><p>Kako dale\u010d sem?\u00a035. tednov (PDP 7.9.2015) Te\u017ea:\u00a088,1 kg (+4,1 kg) Obseg trebu\u0161\u010dka:\u00a0118 cm (+10 cm) Velikost otro\u010dka:\u00a0ananas (51 cm, 2.5...<\/p><a href=\"https:\/\/mamimaja.si\/sl\/35-teden-nosecnosti\/\" class=\"eael-post-elements-readmore-btn\">Preberi ve\u010d<\/a><\/div>\n                            <\/div><div class=\"eael-entry-header-after style-two\"><div class=\"eael-entry-meta\"><span class=\"eael-meta-posted-on\"><i class=\"far fa-clock\"><\/i><time datetime=\"6 aprila, 2015\">6 aprila, 2015<\/time><\/span><\/div><\/div><\/div><\/div>\n    <\/div>\n<\/article><article class=\"eael-grid-post  eael-post-grid-column eael-pg-post-5414 category-moja-nosecnost-tretje-trimesecje\" data-id=\"5414\">\n    <div class=\"eael-grid-post-holder\">\n        <div class=\"eael-grid-post-holder-inner\"><div class=\"eael-entry-wrapper\"><header class=\"eael-entry-header\"><h5 class=\"eael-entry-title\"><a class=\"eael-grid-post-link\" href=\"https:\/\/mamimaja.si\/sl\/34-teden-nosecnosti\/\" title=\"34. TEDEN nose\u010dnosti\">34. TEDEN nose\u010dnosti<\/a><\/h5><\/header><div class=\"eael-entry-content\">\n                                <div class=\"eael-grid-post-excerpt\"><p>Kako dale\u010d sem?\u00a034. tednov (PDP 7.9.2015) Te\u017ea:\u00a087,9 kg (+3,9 kg) Obseg trebu\u0161\u010dka:\u00a0118 cm (+10 cm) Velikost otro\u010dka:\u00a0ananas (50 cm, 2.2...<\/p><a href=\"https:\/\/mamimaja.si\/sl\/34-teden-nosecnosti\/\" class=\"eael-post-elements-readmore-btn\">Preberi ve\u010d<\/a><\/div>\n                            <\/div><div class=\"eael-entry-header-after style-two\"><div class=\"eael-entry-meta\"><span class=\"eael-meta-posted-on\"><i class=\"far fa-clock\"><\/i><time datetime=\"6 aprila, 2015\">6 aprila, 2015<\/time><\/span><\/div><\/div><\/div><\/div>\n    <\/div>\n<\/article><article class=\"eael-grid-post  eael-post-grid-column eael-pg-post-5413 category-moja-nosecnost-tretje-trimesecje\" data-id=\"5413\">\n    <div class=\"eael-grid-post-holder\">\n        <div class=\"eael-grid-post-holder-inner\"><div class=\"eael-entry-wrapper\"><header class=\"eael-entry-header\"><h5 class=\"eael-entry-title\"><a class=\"eael-grid-post-link\" href=\"https:\/\/mamimaja.si\/sl\/33-teden-nosecnosti\/\" title=\"33. TEDEN nose\u010dnosti\">33. TEDEN nose\u010dnosti<\/a><\/h5><\/header><div class=\"eael-entry-content\">\n                                <div class=\"eael-grid-post-excerpt\"><p>Kako dale\u010d sem?\u00a033. tednov (PDP 7.9.2015) Te\u017ea:\u00a087,7 kg (+3,7 kg) Obseg trebu\u0161\u010dka:\u00a0118 cm (+10 cm) Velikost otro\u010dka:\u00a0ananas (48 cm, 2.1...<\/p><a href=\"https:\/\/mamimaja.si\/sl\/33-teden-nosecnosti\/\" class=\"eael-post-elements-readmore-btn\">Preberi ve\u010d<\/a><\/div>\n                            <\/div><div class=\"eael-entry-header-after style-two\"><div class=\"eael-entry-meta\"><span class=\"eael-meta-posted-on\"><i class=\"far fa-clock\"><\/i><time datetime=\"6 aprila, 2015\">6 aprila, 2015<\/time><\/span><\/div><\/div><\/div><\/div>\n    <\/div>\n<\/article><article class=\"eael-grid-post  eael-post-grid-column eael-pg-post-5412 category-moja-nosecnost-tretje-trimesecje\" data-id=\"5412\">\n    <div class=\"eael-grid-post-holder\">\n        <div class=\"eael-grid-post-holder-inner\"><div class=\"eael-entry-wrapper\"><header class=\"eael-entry-header\"><h5 class=\"eael-entry-title\"><a class=\"eael-grid-post-link\" href=\"https:\/\/mamimaja.si\/sl\/32-teden-nosecnosti\/\" title=\"32. TEDEN nose\u010dnosti\">32. TEDEN nose\u010dnosti<\/a><\/h5><\/header><div class=\"eael-entry-content\">\n                                <div class=\"eael-grid-post-excerpt\"><p>Kako dale\u010d sem?\u00a032. tednov (PDP 7.9.2015) Te\u017ea:\u00a087,5 kg (+3,5 kg) Obseg trebu\u0161\u010dka?\u00a0117 cm (+9 cm) Velikost otro\u010dka:\u00a0velika glava solate (48...<\/p><a href=\"https:\/\/mamimaja.si\/sl\/32-teden-nosecnosti\/\" class=\"eael-post-elements-readmore-btn\">Preberi ve\u010d<\/a><\/div>\n                            <\/div><div class=\"eael-entry-header-after style-two\"><div class=\"eael-entry-meta\"><span class=\"eael-meta-posted-on\"><i class=\"far fa-clock\"><\/i><time datetime=\"6 aprila, 2015\">6 aprila, 2015<\/time><\/span><\/div><\/div><\/div><\/div>\n    <\/div>\n<\/article><article class=\"eael-grid-post  eael-post-grid-column eael-pg-post-5411 category-moja-nosecnost-tretje-trimesecje\" data-id=\"5411\">\n    <div class=\"eael-grid-post-holder\">\n        <div class=\"eael-grid-post-holder-inner\"><div class=\"eael-entry-wrapper\"><header class=\"eael-entry-header\"><h5 class=\"eael-entry-title\"><a class=\"eael-grid-post-link\" href=\"https:\/\/mamimaja.si\/sl\/31-teden-nosecnosti\/\" title=\"31. TEDEN nose\u010dnosti\">31. TEDEN nose\u010dnosti<\/a><\/h5><\/header><div class=\"eael-entry-content\">\n                                <div class=\"eael-grid-post-excerpt\"><p>Kako dale\u010d sem?\u00a031. tednov (PDP 7.9.2015) Te\u017ea:\u00a087,3 kg (+3,3 kg) Obseg trebu\u0161\u010dka:\u00a0117 cm (+9 cm) Velikost otro\u010dka:\u00a0ananas (46 cm, 1.6...<\/p><a href=\"https:\/\/mamimaja.si\/sl\/31-teden-nosecnosti\/\" class=\"eael-post-elements-readmore-btn\">Preberi ve\u010d<\/a><\/div>\n                            <\/div><div class=\"eael-entry-header-after style-two\"><div class=\"eael-entry-meta\"><span class=\"eael-meta-posted-on\"><i class=\"far fa-clock\"><\/i><time datetime=\"6 aprila, 2015\">6 aprila, 2015<\/time><\/span><\/div><\/div><\/div><\/div>\n    <\/div>\n<\/article><article class=\"eael-grid-post  eael-post-grid-column eael-pg-post-5410 category-moja-nosecnost-tretje-trimesecje\" data-id=\"5410\">\n    <div class=\"eael-grid-post-holder\">\n        <div class=\"eael-grid-post-holder-inner\"><div class=\"eael-entry-wrapper\"><header class=\"eael-entry-header\"><h5 class=\"eael-entry-title\"><a class=\"eael-grid-post-link\" href=\"https:\/\/mamimaja.si\/sl\/30-teden-nosecnosti\/\" title=\"30. TEDEN nose\u010dnosti\">30. TEDEN nose\u010dnosti<\/a><\/h5><\/header><div class=\"eael-entry-content\">\n                                <div class=\"eael-grid-post-excerpt\"><p>Kako dale\u010d sem?\u00a030. tednov (PDP 7.9.2015) Te\u017ea:\u00a087,5 kg (+3,5 kg) Obseg trebu\u0161\u010dka:\u00a0117 cm (+9 cm) Velikost otro\u010dka:\u00a0bu\u010da (44 cm, 1.4...<\/p><a href=\"https:\/\/mamimaja.si\/sl\/30-teden-nosecnosti\/\" class=\"eael-post-elements-readmore-btn\">Preberi ve\u010d<\/a><\/div>\n                            <\/div><div class=\"eael-entry-header-after style-two\"><div class=\"eael-entry-meta\"><span class=\"eael-meta-posted-on\"><i class=\"far fa-clock\"><\/i><time datetime=\"6 aprila, 2015\">6 aprila, 2015<\/time><\/span><\/div><\/div><\/div><\/div>\n    <\/div>\n<\/article><\/div>\n            <div class=\"clearfix\"><\/div>\n        <\/div>            <div class=\"eael-load-more-button-wrap eael-force-hide\">\n                <button class=\"eael-load-more-button\" id=\"eael-load-more-btn-d289a2c\" data-widget-id=\"d289a2c\" data-widget=\"d289a2c\" data-page-id=\"5711\" data-template=\"{&quot;dir&quot;:&quot;lite&quot;,&quot;file_name&quot;:&quot;two.php&quot;,&quot;name&quot;:&quot;Post-Grid&quot;}\" data-class=\"Essential_Addons_Elementor\\Elements\\Post_Grid\" data-layout=\"grid\" data-page=\"1\" data-args=\"orderby=ID&amp;order=desc&amp;ignore_sticky_posts=1&amp;post_status=publish&amp;posts_per_page=12&amp;offset=0&amp;post_type=post&amp;tax_query%5B0%5D%5Btaxonomy%5D=category&amp;tax_query%5B0%5D%5Bfield%5D=term_id&amp;tax_query%5B0%5D%5Bterms%5D%5B0%5D=29&amp;tax_query%5Brelation%5D=AND\" data-max-page=\"3\">\n                    <span class=\"eael-btn-loader button__loader\"><\/span>\n                    <span class=\"eael_load_more_text\">Load More<\/span>\n                <\/button>\n            <\/div>\n            \t\t\t\t<\/div>\n\t\t\t\t\t<\/div>\n\t\t\t\t<\/div>\n\t\t\t\t<\/div>","protected":false},"excerpt":{"rendered":"<p>\u00a0 Preberite si, teden za tednom, kako je potekala moja prva nose\u010dnost<\/p>","protected":false},"author":2,"featured_media":0,"parent":0,"menu_order":0,"comment_status":"closed","ping_status":"closed","template":"","meta":{"_seopress_robots_primary_cat":"","_seopress_titles_title":"","_seopress_titles_desc":"","_seopress_robots_index":"","footnotes":""},"class_list":["post-5711","page","type-page","status-publish","hentry"],"_links":{"self":[{"href":"https:\/\/mamimaja.si\/sl\/wp-json\/wp\/v2\/pages\/5711","targetHints":{"allow":["GET"]}}],"collection":[{"href":"https:\/\/mamimaja.si\/sl\/wp-json\/wp\/v2\/pages"}],"about":[{"href":"https:\/\/mamimaja.si\/sl\/wp-json\/wp\/v2\/types\/page"}],"author":[{"embeddable":true,"href":"https:\/\/mamimaja.si\/sl\/wp-json\/wp\/v2\/users\/2"}],"replies":[{"embeddable":true,"href":"https:\/\/mamimaja.si\/sl\/wp-json\/wp\/v2\/comments?post=5711"}],"version-history":[{"count":4,"href":"https:\/\/mamimaja.si\/sl\/wp-json\/wp\/v2\/pages\/5711\/revisions"}],"predecessor-version":[{"id":5728,"href":"https:\/\/mamimaja.si\/sl\/wp-json\/wp\/v2\/pages\/5711\/revisions\/5728"}],"wp:attachment":[{"href":"https:\/\/mamimaja.si\/sl\/wp-json\/wp\/v2\/media?parent=5711"}],"curies":[{"name":"wp","href":"https:\/\/api.w.org\/{rel}","templated":true}]}}