{"id":5903,"date":"2026-02-18T13:01:07","date_gmt":"2026-02-18T13:01:07","guid":{"rendered":"https:\/\/mamimaja.si\/?page_id=5903"},"modified":"2026-02-18T13:15:33","modified_gmt":"2026-02-18T13:15:33","slug":"gasper-lesar","status":"publish","type":"page","link":"https:\/\/mamimaja.si\/sl\/ekipa-strokovnjakov\/gasper-lesar\/","title":{"rendered":"Ga\u0161per Lesar"},"content":{"rendered":"<div data-elementor-type=\"wp-page\" data-elementor-id=\"5903\" class=\"elementor elementor-5903\">\n\t\t\t\t<div class=\"elementor-element elementor-element-b5cfbc2 gradient-bg-metal e-flex e-con-boxed wpr-particle-no wpr-jarallax-no wpr-parallax-no wpr-sticky-section-no wpr-equal-height-no e-con e-parent\" data-id=\"b5cfbc2\" data-element_type=\"container\" data-e-type=\"container\">\n\t\t\t\t\t<div class=\"e-con-inner\">\n\t\t<div class=\"elementor-element elementor-element-551a006 e-con-full e-flex wpr-particle-no wpr-jarallax-no wpr-parallax-no wpr-sticky-section-no wpr-equal-height-no e-con e-child\" data-id=\"551a006\" data-element_type=\"container\" data-e-type=\"container\">\n\t\t\t\t<div class=\"elementor-element elementor-element-2f94db9 at-heading-animation at-animation-heading-style-3 elementor-widget elementor-widget-heading\" data-id=\"2f94db9\" data-element_type=\"widget\" data-e-type=\"widget\" data-widget_type=\"heading.default\">\n\t\t\t\t\t<h1 class=\"elementor-heading-title elementor-size-default\">Ga\u0161per Lesar<\/h1>\t\t\t\t<\/div>\n\t\t\t\t<div class=\"elementor-element elementor-element-2d35daa elementor-invisible elementor-widget elementor-widget-ferlix-breadcrumb\" data-id=\"2d35daa\" data-element_type=\"widget\" data-e-type=\"widget\" data-settings=\"{&quot;_animation&quot;:&quot;fadeInUp&quot;}\" data-widget_type=\"ferlix-breadcrumb.default\">\n\t\t\t\t<div class=\"elementor-widget-container\">\n\t\t\t\t\t<div role=\"navigation\" aria-label=\"Drobtine\" class=\"breadcrumb-trail breadcrumbs\"><ol class=\"trail-items\"><li class=\"trail-item trail-begin\"><a href=\"https:\/\/mamimaja.si\/sl\/\" rel=\"home\"><span>Domov<\/span><\/a><\/li><li class=\"trail-item\"><a href=\"https:\/\/mamimaja.si\/sl\/ekipa-strokovnjakov\/\"><span>Ekipa strokovnjakov<\/span><\/a><\/li><li class=\"trail-item trail-end\"><span><span>Ga\u0161per Lesar<\/span><\/span><\/li><\/ol><\/div>\t\t\t\t<\/div>\n\t\t\t\t<\/div>\n\t\t\t\t<\/div>\n\t\t\t\t\t<\/div>\n\t\t\t\t<\/div>\n\t\t<div class=\"elementor-element elementor-element-2ddf259 e-flex e-con-boxed wpr-particle-no wpr-jarallax-no wpr-parallax-no wpr-sticky-section-no wpr-equal-height-no e-con e-parent\" data-id=\"2ddf259\" data-element_type=\"container\" data-e-type=\"container\">\n\t\t\t\t\t<div class=\"e-con-inner\">\n\t\t<div class=\"elementor-element elementor-element-176ab2d e-con-full e-flex wpr-particle-no wpr-jarallax-no wpr-parallax-no wpr-sticky-section-no wpr-equal-height-no e-con e-child\" data-id=\"176ab2d\" data-element_type=\"container\" data-e-type=\"container\">\n\t\t<div class=\"elementor-element elementor-element-064daa7 e-con-full e-flex wpr-particle-no wpr-jarallax-no wpr-parallax-no wpr-sticky-section-no wpr-equal-height-no e-con e-child\" data-id=\"064daa7\" data-element_type=\"container\" data-e-type=\"container\" data-settings=\"{&quot;background_background&quot;:&quot;classic&quot;}\">\n\t\t<div class=\"elementor-element elementor-element-1150de4 e-con-full e-flex wpr-particle-no wpr-jarallax-no wpr-parallax-no wpr-sticky-section-no wpr-equal-height-no e-con e-child\" data-id=\"1150de4\" data-element_type=\"container\" data-e-type=\"container\">\n\t\t\t\t<div class=\"elementor-element elementor-element-943cbc0 team-member-image at-image-animation at-animation-image-none at-none elementor-widget elementor-widget-image\" data-id=\"943cbc0\" data-element_type=\"widget\" data-e-type=\"widget\" data-widget_type=\"image.default\">\n\t\t\t\t\t\t\t\t\t\t\t\t\t\t\t<img alt=\"\" fetchpriority=\"high\" decoding=\"async\" width=\"592\" height=\"527\" src=\"https:\/\/mamimaja.si\/wp-content\/uploads\/2026\/02\/91ab1-posnetek-zaslona-2025-07-31-204438-1.png\" class=\"attachment-full size-full wp-image-5867\" srcset=\"https:\/\/mamimaja.si\/wp-content\/uploads\/2026\/02\/91ab1-posnetek-zaslona-2025-07-31-204438-1.png 592w, https:\/\/mamimaja.si\/wp-content\/uploads\/2026\/02\/91ab1-posnetek-zaslona-2025-07-31-204438-1-300x267.png 300w, https:\/\/mamimaja.si\/wp-content\/uploads\/2026\/02\/91ab1-posnetek-zaslona-2025-07-31-204438-1-13x12.png 13w\" sizes=\"(max-width: 592px) 100vw, 592px\" \/>\t\t\t\t\t\t\t\t\t\t\t\t\t\t\t<\/div>\n\t\t\t\t<\/div>\n\t\t<div class=\"elementor-element elementor-element-9557c02 e-con-full e-flex wpr-particle-no wpr-jarallax-no wpr-parallax-no wpr-sticky-section-no wpr-equal-height-no e-con e-child\" data-id=\"9557c02\" data-element_type=\"container\" data-e-type=\"container\">\n\t\t\t\t<div class=\"elementor-element elementor-element-1e5af23 at-heading-animation at-animation-heading-style-3 elementor-widget elementor-widget-heading\" data-id=\"1e5af23\" data-element_type=\"widget\" data-e-type=\"widget\" data-widget_type=\"heading.default\">\n\t\t\t\t\t<h2 class=\"elementor-heading-title elementor-size-default\">O meni<\/h2>\t\t\t\t<\/div>\n\t\t\t\t<div class=\"elementor-element elementor-element-be4ca06 elementor-invisible elementor-widget elementor-widget-text-editor\" data-id=\"be4ca06\" data-element_type=\"widget\" data-e-type=\"widget\" data-settings=\"{&quot;_animation&quot;:&quot;fadeInUp&quot;}\" data-widget_type=\"text-editor.default\">\n\t\t\t\t\t\t\t\t\t<p class=\"has-text-align-justify wp-block-paragraph\">Sem dr. Ga\u0161per Lesar, psihoterapevt in socialni delavec. V svoji praksi se pogosto sre\u010dujem s posamezniki in pari, ki se soo\u010dajo z izzivi neplodnosti.<strong>\u00a0Posebno pozornost namenjam tudi mo\u0161kim<\/strong>, ki se s temi izzivi pogosto soo\u010dajo v ti\u0161ini, a prav tako potrebujejo varen in razumevajo\u010d prostor za pogovor.<\/p>\t\t\t\t\t\t\t\t<\/div>\n\t\t\t\t<div class=\"elementor-element elementor-element-2905531 member-content-body elementor-icon-list--layout-inline elementor-list-item-link-full_width elementor-invisible elementor-widget elementor-widget-icon-list\" data-id=\"2905531\" data-element_type=\"widget\" data-e-type=\"widget\" data-settings=\"{&quot;_animation&quot;:&quot;fadeInUp&quot;,&quot;_animation_delay&quot;:100}\" data-widget_type=\"icon-list.default\">\n\t\t\t\t\t\t\t<ul class=\"elementor-icon-list-items elementor-inline-items\">\n\t\t\t\t\t\t\t<li class=\"elementor-icon-list-item elementor-inline-item\">\n\t\t\t\t\t\t\t\t\t\t<span class=\"elementor-icon-list-text\"><strong>Telefon:<\/strong> Telefon in email: +386 40 710 608<\/span>\n\t\t\t\t\t\t\t\t\t<\/li>\n\t\t\t\t\t\t\t\t<li class=\"elementor-icon-list-item elementor-inline-item\">\n\t\t\t\t\t\t\t\t\t\t<span class=\"elementor-icon-list-text\"><strong>Email :<\/strong>   info@psihoterapija-lesar.si<\/span>\n\t\t\t\t\t\t\t\t\t<\/li>\n\t\t\t\t\t\t<\/ul>\n\t\t\t\t\t\t<\/div>\n\t\t\t\t<\/div>\n\t\t\t\t<\/div>\n\t\t\t\t<\/div>\n\t\t<div class=\"elementor-element elementor-element-5259fb2 e-con-full e-flex wpr-particle-no wpr-jarallax-no wpr-parallax-no wpr-sticky-section-no wpr-equal-height-no e-con e-child\" data-id=\"5259fb2\" data-element_type=\"container\" data-e-type=\"container\">\n\t\t<div class=\"elementor-element elementor-element-bd4ef96 e-con-full e-flex wpr-particle-no wpr-jarallax-no wpr-parallax-no wpr-sticky-section-no wpr-equal-height-no e-con e-child\" data-id=\"bd4ef96\" data-element_type=\"container\" data-e-type=\"container\">\n\t\t\t\t<div class=\"elementor-element elementor-element-dacb556 team-personal-item elementor-widget__width-initial elementor-widget-mobile__width-inherit ekit-equal-height-disable elementor-invisible elementor-widget elementor-widget-elementskit-icon-box\" data-id=\"dacb556\" data-element_type=\"widget\" data-e-type=\"widget\" data-settings=\"{&quot;_animation&quot;:&quot;fadeInUp&quot;}\" data-widget_type=\"elementskit-icon-box.default\">\n\t\t\t\t\t<div class=\"ekit-wid-con\" >        <!-- link opening -->\n                <!-- end link opening -->\n\n        <div class=\"elementskit-infobox text- text-left icon-lef-right-aligin elementor-animation- media gradient-active  hover_from_bottom\">\n                    <div class=\"elementskit-box-header elementor-animation-\">\n                <div class=\"elementskit-info-box-icon  text-center\">\n                    \n                <\/div>\n          <\/div>\n                        <div class=\"box-body\">\n                            <h3 class=\"elementskit-info-box-title\">\n                    Psihoterapija Lesar                <\/h3>\n                        \t\t  \t<p>\nLinhartova cesta 17\n\n1000 Ljubljana\n\n<\/p>\n                                <\/div>\n        \n        \n                <\/div>\n        <\/div>\t\t\t\t<\/div>\n\t\t\t\t<div class=\"elementor-element elementor-element-9a2345f team-personal-item elementor-widget__width-initial elementor-widget-mobile__width-inherit ekit-equal-height-disable elementor-invisible elementor-widget elementor-widget-elementskit-icon-box\" data-id=\"9a2345f\" data-element_type=\"widget\" data-e-type=\"widget\" data-settings=\"{&quot;_animation&quot;:&quot;fadeInUp&quot;,&quot;_animation_delay&quot;:100}\" data-widget_type=\"elementskit-icon-box.default\">\n\t\t\t\t\t<div class=\"ekit-wid-con\" >        <!-- link opening -->\n                <!-- end link opening -->\n\n        <div class=\"elementskit-infobox text- text-left icon-lef-right-aligin elementor-animation- media gradient-active  hover_from_bottom\">\n                    <div class=\"elementskit-box-header elementor-animation-\">\n                <div class=\"elementskit-info-box-icon  text-center\">\n                    \n                <\/div>\n          <\/div>\n                        <div class=\"box-body\">\n                            <h3 class=\"elementskit-info-box-title\">\n                    Delovnik                <\/h3>\n                        \t\t  \t<p>\npo dogovoru\n<\/p>\n                                <\/div>\n        \n        \n                <\/div>\n        <\/div>\t\t\t\t<\/div>\n\t\t\t\t<div class=\"elementor-element elementor-element-ba817df team-personal-item elementor-widget__width-initial elementor-widget-mobile__width-inherit ekit-equal-height-disable elementor-invisible elementor-widget elementor-widget-elementskit-icon-box\" data-id=\"ba817df\" data-element_type=\"widget\" data-e-type=\"widget\" data-settings=\"{&quot;_animation&quot;:&quot;fadeInUp&quot;,&quot;_animation_delay&quot;:200}\" data-widget_type=\"elementskit-icon-box.default\">\n\t\t\t\t\t<div class=\"ekit-wid-con\" >        <!-- link opening -->\n                <!-- end link opening -->\n\n        <div class=\"elementskit-infobox text- text-left icon-lef-right-aligin elementor-animation- media gradient-active  hover_from_bottom\">\n                    <div class=\"elementskit-box-header elementor-animation-\">\n                <div class=\"elementskit-info-box-icon  text-center\">\n                    \n                <\/div>\n          <\/div>\n                        <div class=\"box-body\">\n                            <h3 class=\"elementskit-info-box-title\">\n                    Telefon in email:                <\/h3>\n                        \t\t  \t<p>\n+386 40 710 608\n\ninfo@psihoterapija-lesar.si<\/p>\n                                <\/div>\n        \n        \n                <\/div>\n        <\/div>\t\t\t\t<\/div>\n\t\t\t\t<\/div>\n\t\t\t\t<\/div>\n\t\t\t\t\t<\/div>\n\t\t\t\t<\/div>\n\t\t<div class=\"elementor-element elementor-element-e5da591 e-flex e-con-boxed wpr-particle-no wpr-jarallax-no wpr-parallax-no wpr-sticky-section-no wpr-equal-height-no e-con e-parent\" data-id=\"e5da591\" data-element_type=\"container\" data-e-type=\"container\">\n\t\t\t\t\t<div class=\"e-con-inner\">\n\t\t<div class=\"elementor-element elementor-element-a57e060 e-con-full e-flex wpr-particle-no wpr-jarallax-no wpr-parallax-no wpr-sticky-section-no wpr-equal-height-no e-con e-child\" data-id=\"a57e060\" data-element_type=\"container\" data-e-type=\"container\">\n\t\t\t\t<div class=\"elementor-element elementor-element-d63f94b elementor-invisible elementor-widget elementor-widget-text-editor\" data-id=\"d63f94b\" data-element_type=\"widget\" data-e-type=\"widget\" data-settings=\"{&quot;_animation&quot;:&quot;fadeInUp&quot;}\" data-widget_type=\"text-editor.default\">\n\t\t\t\t\t\t\t\t\t<figure class=\"wp-block-pullquote has-white-color has-tertiary-background-color has-text-color has-background has-link-color wp-elements-4ea49e52aefd08c79b7996403f655781\"><\/figure><p class=\"has-text-align-justify wp-block-paragraph\">Odra\u0161\u010dal sem v Zasavju, tam zaklju\u010dil gimnazijsko izobra\u017eevanje in nato nadaljeval s \u0161tudijem socialnega dela v Ljubljani, kjer sem dokon\u010dal magistrski \u0161tudij. Tekom \u0161tudija sem spoznal, da se \u017eelim posvetiti globinskemu raziskovanju osebnosti in posledi\u010dno nuditi pomo\u010d pri doseganju trajnih sprememb.\u00a0<\/p><p class=\"has-text-align-justify wp-block-paragraph\">Pot me je vodila do Univerze Sigmunda Freuda v Ljubljani, kjer sem zaklju\u010dil specialisti\u010dni \u0161tudij psihoanaliti\u010dne psihoterapije. Na znanstvenem podro\u010dju \u0161e vedno delujem tudi v socialnem delu, kjer sem leta 2024 doktoriral.<\/p><p class=\"has-text-align-justify wp-block-paragraph\">Sem \u010dlan Evropske zveze psihoanaliti\u010dnih pristopov (EZPPS), kjer se aktivno vklju\u010dujem v delovanje \u010castnega razsodi\u0161\u010da dru\u0161tva. Kot predavatelj sodelujem na Univerzi Sigmunda Freuda.<\/p>\t\t\t\t\t\t\t\t<\/div>\n\t\t\t\t<div class=\"elementor-element elementor-element-979199a at-shiny-glass-effect at-image-animation at-animation-image-none elementor-widget elementor-widget-image\" data-id=\"979199a\" data-element_type=\"widget\" data-e-type=\"widget\" data-widget_type=\"image.default\">\n\t\t\t\t\t\t\t\t\t\t\t\t\t\t\t<img alt=\"\" decoding=\"async\" width=\"800\" height=\"1000\" src=\"https:\/\/mamimaja.si\/wp-content\/uploads\/2026\/02\/mamimaja-1-819x1024.jpg\" class=\"attachment-large size-large wp-image-5908\" srcset=\"https:\/\/mamimaja.si\/wp-content\/uploads\/2026\/02\/mamimaja-1-819x1024.jpg 819w, https:\/\/mamimaja.si\/wp-content\/uploads\/2026\/02\/mamimaja-1-240x300.jpg 240w, https:\/\/mamimaja.si\/wp-content\/uploads\/2026\/02\/mamimaja-1-768x960.jpg 768w, https:\/\/mamimaja.si\/wp-content\/uploads\/2026\/02\/mamimaja-1-10x12.jpg 10w, https:\/\/mamimaja.si\/wp-content\/uploads\/2026\/02\/mamimaja-1-600x750.jpg 600w, https:\/\/mamimaja.si\/wp-content\/uploads\/2026\/02\/mamimaja-1.jpg 1080w\" sizes=\"(max-width: 800px) 100vw, 800px\" \/>\t\t\t\t\t\t\t\t\t\t\t\t\t\t\t<\/div>\n\t\t\t\t<\/div>\n\t\t<div class=\"elementor-element elementor-element-799ef9b e-con-full e-flex wpr-particle-no wpr-jarallax-no wpr-parallax-no wpr-sticky-section-no wpr-equal-height-no e-con e-child\" data-id=\"799ef9b\" data-element_type=\"container\" data-e-type=\"container\">\n\t\t\t\t<div class=\"elementor-element elementor-element-1b15f4c elementor-widget elementor-widget-eael-testimonial\" data-id=\"1b15f4c\" data-element_type=\"widget\" data-e-type=\"widget\" data-widget_type=\"eael-testimonial.default\">\n\t\t\t\t\t\n\t<div id=\"eael-testimonial-1b15f4c\" class=\"eael-testimonial-item clearfix testimonial-avatar-rounded simple-layout rating-five\">\n\t\t\t\t\n\t\t\n\t\t\n\t\t\n\t\t\n\t\t\n\t\t\n\t\t\t\t\t\t\t\t<div class=\"eael-testimonial-image\">\n\t\t\t\t\t\t\t\t\t<figure><img alt=\"\" decoding=\"async\" width=\"150\" height=\"150\" src=\"https:\/\/mamimaja.si\/wp-content\/uploads\/2026\/02\/91ab1-posnetek-zaslona-2025-07-31-204438-1-150x150.png\" class=\"attachment-thumbnail size-thumbnail wp-image-5867\" srcset=\"https:\/\/mamimaja.si\/wp-content\/uploads\/2026\/02\/91ab1-posnetek-zaslona-2025-07-31-204438-1-150x150.png 150w, https:\/\/mamimaja.si\/wp-content\/uploads\/2026\/02\/91ab1-posnetek-zaslona-2025-07-31-204438-1-13x12.png 13w, https:\/\/mamimaja.si\/wp-content\/uploads\/2026\/02\/91ab1-posnetek-zaslona-2025-07-31-204438-1-300x300.png 300w, https:\/\/mamimaja.si\/wp-content\/uploads\/2026\/02\/91ab1-posnetek-zaslona-2025-07-31-204438-1-100x100.png 100w\" sizes=\"(max-width: 150px) 100vw, 150px\" \/><\/figure>\n\t\t\t\t\t\t\t<\/div>\n\t\t\t\t\t\t<div class=\"eael-testimonial-content\">\n\t\t\t\t\t\t\t\t<h3 class=\"eael-testimonial-user\"><\/h3>\n\t\t\t\t<p class=\"eael-testimonial-user-company\"><\/p>\n\t\t\t\t\t\t<ul class=\"testimonial-star-rating\">\n\t\t\t<li><i class=\"fas fa-star\" aria-hidden=\"true\"><\/i><\/li>\n\t\t\t<li><i class=\"fas fa-star\" aria-hidden=\"true\"><\/i><\/li>\n\t\t\t<li><i class=\"fas fa-star\" aria-hidden=\"true\"><\/i><\/li>\n\t\t\t<li><i class=\"fas fa-star\" aria-hidden=\"true\"><\/i><\/li>\n\t\t\t<li><i class=\"fas fa-star\" aria-hidden=\"true\"><\/i><\/li>\n\t\t<\/ul>\n\t\t\t\t\t\t<div class=\"eael-testimonial-text\">\n\t\t\t\t\t<p>\u201c<em>Skupaj lahko raziskujemo na\u010dine, kako zmanj\u0161ati stres, okrepiti partnerski odnos in ohraniti notranjo mo\u010d tudi v trenutkih negotovosti.<\/em>\u201c<\/p>\t\t\t\t<\/div>\n\t\t\t<\/div>\n\n\t\t\n\t\t<span class=\"eael-testimonial-quote\"><\/span>\n\t<\/div>\n\n\t\t\t\t\t<\/div>\n\t\t\t\t<div class=\"elementor-element elementor-element-64e26fa elementor-invisible elementor-widget elementor-widget-text-editor\" data-id=\"64e26fa\" data-element_type=\"widget\" data-e-type=\"widget\" data-settings=\"{&quot;_animation&quot;:&quot;fadeInUp&quot;}\" data-widget_type=\"text-editor.default\">\n\t\t\t\t\t\t\t\t\t<figure class=\"wp-block-pullquote has-white-color has-tertiary-background-color has-text-color has-background has-link-color wp-elements-4ea49e52aefd08c79b7996403f655781\"><\/figure><h2 class=\"wp-block-heading has-text-align-justify\">Tu sem za vas<\/h2><p class=\"has-text-align-justify wp-block-paragraph\">Tekom psihoterapevtskega procesa vam pomagam prepoznavati in obvladovati \u010dustva, ki spremljajo to zahtevno obdobje.<\/p><p class=\"has-text-align-justify wp-block-paragraph\">Verjamem, da vsaka zgodba zahteva oseben pristop, zato svoje delo gradim na razumevanju, so\u010dutju in diskretnosti. Moja \u017eelja je, da vam stojim ob strani kot varen sogovornik in zanesljiv sopotnik na poti do izpolnitve va\u0161ih sanj o star\u0161evstvu.<\/p>\t\t\t\t\t\t\t\t<\/div>\n\t\t\t\t<div class=\"elementor-element elementor-element-654c790 at-shiny-glass-effect at-image-animation at-animation-image-none elementor-widget elementor-widget-image\" data-id=\"654c790\" data-element_type=\"widget\" data-e-type=\"widget\" data-widget_type=\"image.default\">\n\t\t\t\t\t\t\t\t\t\t\t\t\t\t\t<img alt=\"\" loading=\"lazy\" decoding=\"async\" width=\"800\" height=\"1000\" src=\"https:\/\/mamimaja.si\/wp-content\/uploads\/2026\/02\/mamimaja-2-819x1024.jpg\" class=\"attachment-large size-large wp-image-5909\" srcset=\"https:\/\/mamimaja.si\/wp-content\/uploads\/2026\/02\/mamimaja-2-819x1024.jpg 819w, https:\/\/mamimaja.si\/wp-content\/uploads\/2026\/02\/mamimaja-2-240x300.jpg 240w, https:\/\/mamimaja.si\/wp-content\/uploads\/2026\/02\/mamimaja-2-768x960.jpg 768w, https:\/\/mamimaja.si\/wp-content\/uploads\/2026\/02\/mamimaja-2-10x12.jpg 10w, https:\/\/mamimaja.si\/wp-content\/uploads\/2026\/02\/mamimaja-2-600x750.jpg 600w, https:\/\/mamimaja.si\/wp-content\/uploads\/2026\/02\/mamimaja-2.jpg 1080w\" sizes=\"(max-width: 800px) 100vw, 800px\" \/>\t\t\t\t\t\t\t\t\t\t\t\t\t\t\t<\/div>\n\t\t\t\t<\/div>\n\t\t\t\t\t<\/div>\n\t\t\t\t<\/div>\n\t\t\t\t<\/div>","protected":false},"excerpt":{"rendered":"<p>Ga\u0161per Lesar Home O meni Sem dr. Ga\u0161per Lesar, psihoterapevt in socialni<\/p>","protected":false},"author":2,"featured_media":0,"parent":1946,"menu_order":0,"comment_status":"closed","ping_status":"closed","template":"elementor_header_footer","meta":{"_seopress_robots_primary_cat":"","_seopress_titles_title":"","_seopress_titles_desc":"","_seopress_robots_index":"","footnotes":""},"class_list":["post-5903","page","type-page","status-publish","hentry"],"_links":{"self":[{"href":"https:\/\/mamimaja.si\/sl\/wp-json\/wp\/v2\/pages\/5903","targetHints":{"allow":["GET"]}}],"collection":[{"href":"https:\/\/mamimaja.si\/sl\/wp-json\/wp\/v2\/pages"}],"about":[{"href":"https:\/\/mamimaja.si\/sl\/wp-json\/wp\/v2\/types\/page"}],"author":[{"embeddable":true,"href":"https:\/\/mamimaja.si\/sl\/wp-json\/wp\/v2\/users\/2"}],"replies":[{"embeddable":true,"href":"https:\/\/mamimaja.si\/sl\/wp-json\/wp\/v2\/comments?post=5903"}],"version-history":[{"count":6,"href":"https:\/\/mamimaja.si\/sl\/wp-json\/wp\/v2\/pages\/5903\/revisions"}],"predecessor-version":[{"id":5925,"href":"https:\/\/mamimaja.si\/sl\/wp-json\/wp\/v2\/pages\/5903\/revisions\/5925"}],"up":[{"embeddable":true,"href":"https:\/\/mamimaja.si\/sl\/wp-json\/wp\/v2\/pages\/1946"}],"wp:attachment":[{"href":"https:\/\/mamimaja.si\/sl\/wp-json\/wp\/v2\/media?parent=5903"}],"curies":[{"name":"wp","href":"https:\/\/api.w.org\/{rel}","templated":true}]}}