{"id":5904,"date":"2026-02-18T13:20:54","date_gmt":"2026-02-18T13:20:54","guid":{"rendered":"https:\/\/mamimaja.si\/?page_id=5904"},"modified":"2026-02-18T13:22:01","modified_gmt":"2026-02-18T13:22:01","slug":"sanja-ivic","status":"publish","type":"page","link":"https:\/\/mamimaja.si\/sl\/ekipa-strokovnjakov\/sanja-ivic\/","title":{"rendered":"Sanja Ivi\u0107"},"content":{"rendered":"<div data-elementor-type=\"wp-page\" data-elementor-id=\"5904\" class=\"elementor elementor-5904\">\n\t\t\t\t<div class=\"elementor-element elementor-element-b5cfbc2 gradient-bg-metal e-flex e-con-boxed wpr-particle-no wpr-jarallax-no wpr-parallax-no wpr-sticky-section-no wpr-equal-height-no e-con e-parent\" data-id=\"b5cfbc2\" data-element_type=\"container\" data-e-type=\"container\">\n\t\t\t\t\t<div class=\"e-con-inner\">\n\t\t<div class=\"elementor-element elementor-element-551a006 e-con-full e-flex wpr-particle-no wpr-jarallax-no wpr-parallax-no wpr-sticky-section-no wpr-equal-height-no e-con e-child\" data-id=\"551a006\" data-element_type=\"container\" data-e-type=\"container\">\n\t\t\t\t<div class=\"elementor-element elementor-element-2f94db9 at-heading-animation at-animation-heading-style-3 elementor-widget elementor-widget-heading\" data-id=\"2f94db9\" data-element_type=\"widget\" data-e-type=\"widget\" data-widget_type=\"heading.default\">\n\t\t\t\t\t<h1 class=\"elementor-heading-title elementor-size-default\">Sanja Ivi\u0107<\/h1>\t\t\t\t<\/div>\n\t\t\t\t<div class=\"elementor-element elementor-element-2d35daa elementor-invisible elementor-widget elementor-widget-ferlix-breadcrumb\" data-id=\"2d35daa\" data-element_type=\"widget\" data-e-type=\"widget\" data-settings=\"{&quot;_animation&quot;:&quot;fadeInUp&quot;}\" data-widget_type=\"ferlix-breadcrumb.default\">\n\t\t\t\t<div class=\"elementor-widget-container\">\n\t\t\t\t\t<div role=\"navigation\" aria-label=\"Drobtine\" class=\"breadcrumb-trail breadcrumbs\"><ol class=\"trail-items\"><li class=\"trail-item trail-begin\"><a href=\"https:\/\/mamimaja.si\/sl\/\" rel=\"home\"><span>Domov<\/span><\/a><\/li><li class=\"trail-item\"><a href=\"https:\/\/mamimaja.si\/sl\/ekipa-strokovnjakov\/\"><span>Ekipa strokovnjakov<\/span><\/a><\/li><li class=\"trail-item trail-end\"><span><span>Sanja Ivi\u0107<\/span><\/span><\/li><\/ol><\/div>\t\t\t\t<\/div>\n\t\t\t\t<\/div>\n\t\t\t\t<\/div>\n\t\t\t\t\t<\/div>\n\t\t\t\t<\/div>\n\t\t<div class=\"elementor-element elementor-element-2ddf259 e-flex e-con-boxed wpr-particle-no wpr-jarallax-no wpr-parallax-no wpr-sticky-section-no wpr-equal-height-no e-con e-parent\" data-id=\"2ddf259\" data-element_type=\"container\" data-e-type=\"container\">\n\t\t\t\t\t<div class=\"e-con-inner\">\n\t\t<div class=\"elementor-element elementor-element-176ab2d e-con-full e-flex wpr-particle-no wpr-jarallax-no wpr-parallax-no wpr-sticky-section-no wpr-equal-height-no e-con e-child\" data-id=\"176ab2d\" data-element_type=\"container\" data-e-type=\"container\">\n\t\t<div class=\"elementor-element elementor-element-064daa7 e-con-full e-flex wpr-particle-no wpr-jarallax-no wpr-parallax-no wpr-sticky-section-no wpr-equal-height-no e-con e-child\" data-id=\"064daa7\" data-element_type=\"container\" data-e-type=\"container\" data-settings=\"{&quot;background_background&quot;:&quot;classic&quot;}\">\n\t\t<div class=\"elementor-element elementor-element-1150de4 e-con-full e-flex wpr-particle-no wpr-jarallax-no wpr-parallax-no wpr-sticky-section-no wpr-equal-height-no e-con e-child\" data-id=\"1150de4\" data-element_type=\"container\" data-e-type=\"container\">\n\t\t\t\t<div class=\"elementor-element elementor-element-943cbc0 team-member-image at-image-animation at-animation-image-none at-none elementor-widget elementor-widget-image\" data-id=\"943cbc0\" data-element_type=\"widget\" data-e-type=\"widget\" data-widget_type=\"image.default\">\n\t\t\t\t\t\t\t\t\t\t\t\t\t\t\t<img alt=\"\" decoding=\"async\" src=\"https:\/\/mamimaja.si\/wp-content\/uploads\/2026\/02\/5b1eb-img_20211013_161133_original.jpg\" class=\"attachment-full size-full wp-image-5866\" \/>\t\t\t\t\t\t\t\t\t\t\t\t\t\t\t<\/div>\n\t\t\t\t<\/div>\n\t\t<div class=\"elementor-element elementor-element-9557c02 e-con-full e-flex wpr-particle-no wpr-jarallax-no wpr-parallax-no wpr-sticky-section-no wpr-equal-height-no e-con e-child\" data-id=\"9557c02\" data-element_type=\"container\" data-e-type=\"container\">\n\t\t\t\t<div class=\"elementor-element elementor-element-1e5af23 at-heading-animation at-animation-heading-style-3 elementor-widget elementor-widget-heading\" data-id=\"1e5af23\" data-element_type=\"widget\" data-e-type=\"widget\" data-widget_type=\"heading.default\">\n\t\t\t\t\t<h2 class=\"elementor-heading-title elementor-size-default\">O meni<\/h2>\t\t\t\t<\/div>\n\t\t\t\t<div class=\"elementor-element elementor-element-be4ca06 elementor-invisible elementor-widget elementor-widget-text-editor\" data-id=\"be4ca06\" data-element_type=\"widget\" data-e-type=\"widget\" data-settings=\"{&quot;_animation&quot;:&quot;fadeInUp&quot;}\" data-widget_type=\"text-editor.default\">\n\t\t\t\t\t\t\t\t\t<p class=\"has-text-align-justify wp-block-paragraph\">Sem Sanja Ivi\u0107, magistrica socialnega dela in edukantka realitetne psihoterapije z desetimi leti izku\u0161enj na podro\u010dju psihosocialnega svetovanja.\u00a0<a href=\"https:\/\/repozitorij.uni-lj.si\/IzpisGradiva.php?id=168353&amp;lang=slv\">Moje magistrsko delo<\/a>\u00a0je obravnavalo tematiko star\u0161evstva s pomo\u010djo\u00a0<strong>darovanih spolnih celic<\/strong>.<\/p><p class=\"has-text-align-justify wp-block-paragraph\">Danes delujem kot svetovalka s poudarkom na\u00a0<strong>psihosocialni podpori posameznikom in parom<\/strong>, ki se soo\u010dajo z izzivi\u00a0<strong>neplodnosti, darovanja spolnih celic, vpra\u0161anji star\u0161evstva in iskanjem notranjega ravnovesja<\/strong>. V svoje delo vklju\u010dujem tudi\u00a0<strong>lastno izku\u0161njo<\/strong>, saj sem se po bolezni sama soo\u010dila z izgubo plodnosti.<\/p>\t\t\t\t\t\t\t\t<\/div>\n\t\t\t\t<div class=\"elementor-element elementor-element-2905531 member-content-body elementor-icon-list--layout-inline elementor-list-item-link-full_width elementor-invisible elementor-widget elementor-widget-icon-list\" data-id=\"2905531\" data-element_type=\"widget\" data-e-type=\"widget\" data-settings=\"{&quot;_animation&quot;:&quot;fadeInUp&quot;,&quot;_animation_delay&quot;:100}\" data-widget_type=\"icon-list.default\">\n\t\t\t\t\t\t\t<ul class=\"elementor-icon-list-items elementor-inline-items\">\n\t\t\t\t\t\t\t<li class=\"elementor-icon-list-item elementor-inline-item\">\n\t\t\t\t\t\t\t\t\t\t<span class=\"elementor-icon-list-text\"><strong>Telefon:<\/strong>(+386) 040 933 075<\/span>\n\t\t\t\t\t\t\t\t\t<\/li>\n\t\t\t\t\t\t\t\t<li class=\"elementor-icon-list-item elementor-inline-item\">\n\t\t\t\t\t\t\t\t\t\t<span class=\"elementor-icon-list-text\"><strong>Email :<\/strong>  natalija.pomoc@gmail.com<\/span>\n\t\t\t\t\t\t\t\t\t<\/li>\n\t\t\t\t\t\t<\/ul>\n\t\t\t\t\t\t<\/div>\n\t\t\t\t<\/div>\n\t\t\t\t<\/div>\n\t\t\t\t<\/div>\n\t\t<div class=\"elementor-element elementor-element-5259fb2 e-con-full e-flex wpr-particle-no wpr-jarallax-no wpr-parallax-no wpr-sticky-section-no wpr-equal-height-no e-con e-child\" data-id=\"5259fb2\" data-element_type=\"container\" data-e-type=\"container\">\n\t\t<div class=\"elementor-element elementor-element-bd4ef96 e-con-full e-flex wpr-particle-no wpr-jarallax-no wpr-parallax-no wpr-sticky-section-no wpr-equal-height-no e-con e-child\" data-id=\"bd4ef96\" data-element_type=\"container\" data-e-type=\"container\">\n\t\t\t\t<div class=\"elementor-element elementor-element-dacb556 team-personal-item elementor-widget__width-initial elementor-widget-mobile__width-inherit ekit-equal-height-disable elementor-invisible elementor-widget elementor-widget-elementskit-icon-box\" data-id=\"dacb556\" data-element_type=\"widget\" data-e-type=\"widget\" data-settings=\"{&quot;_animation&quot;:&quot;fadeInUp&quot;}\" data-widget_type=\"elementskit-icon-box.default\">\n\t\t\t\t\t<div class=\"ekit-wid-con\" >        <!-- link opening -->\n                <!-- end link opening -->\n\n        <div class=\"elementskit-infobox text- text-left icon-lef-right-aligin elementor-animation- media gradient-active  hover_from_bottom\">\n                    <div class=\"elementskit-box-header elementor-animation-\">\n                <div class=\"elementskit-info-box-icon  text-center\">\n                    \n                <\/div>\n          <\/div>\n                        <div class=\"box-body\">\n                            <h3 class=\"elementskit-info-box-title\">\n                    Dru\u0161tvo Center Hi\u0161ka                <\/h3>\n                        \t\t  \t<p>\nPsihoterapija Hi\u0161ka\n\nTav\u010darjeva ulica 41\n4000 Kranj\n<\/p>\n                                <\/div>\n        \n        \n                <\/div>\n        <\/div>\t\t\t\t<\/div>\n\t\t\t\t<div class=\"elementor-element elementor-element-9a2345f team-personal-item elementor-widget__width-initial elementor-widget-mobile__width-inherit ekit-equal-height-disable elementor-invisible elementor-widget elementor-widget-elementskit-icon-box\" data-id=\"9a2345f\" data-element_type=\"widget\" data-e-type=\"widget\" data-settings=\"{&quot;_animation&quot;:&quot;fadeInUp&quot;,&quot;_animation_delay&quot;:100}\" data-widget_type=\"elementskit-icon-box.default\">\n\t\t\t\t\t<div class=\"ekit-wid-con\" >        <!-- link opening -->\n                <!-- end link opening -->\n\n        <div class=\"elementskit-infobox text- text-left icon-lef-right-aligin elementor-animation- media gradient-active  hover_from_bottom\">\n                    <div class=\"elementskit-box-header elementor-animation-\">\n                <div class=\"elementskit-info-box-icon  text-center\">\n                    \n                <\/div>\n          <\/div>\n                        <div class=\"box-body\">\n                            <h3 class=\"elementskit-info-box-title\">\n                    Delovnik                <\/h3>\n                        \t\t  \t<p>\nPon\u2014Tor\u2014Pet\nod 18.00\n\n<\/p>\n                                <\/div>\n        \n        \n                <\/div>\n        <\/div>\t\t\t\t<\/div>\n\t\t\t\t<div class=\"elementor-element elementor-element-ba817df team-personal-item elementor-widget__width-initial elementor-widget-mobile__width-inherit ekit-equal-height-disable elementor-invisible elementor-widget elementor-widget-elementskit-icon-box\" data-id=\"ba817df\" data-element_type=\"widget\" data-e-type=\"widget\" data-settings=\"{&quot;_animation&quot;:&quot;fadeInUp&quot;,&quot;_animation_delay&quot;:200}\" data-widget_type=\"elementskit-icon-box.default\">\n\t\t\t\t\t<div class=\"ekit-wid-con\" >        <!-- link opening -->\n                <!-- end link opening -->\n\n        <div class=\"elementskit-infobox text- text-left icon-lef-right-aligin elementor-animation- media gradient-active  hover_from_bottom\">\n                    <div class=\"elementskit-box-header elementor-animation-\">\n                <div class=\"elementskit-info-box-icon  text-center\">\n                    \n                <\/div>\n          <\/div>\n                        <div class=\"box-body\">\n                            <h3 class=\"elementskit-info-box-title\">\n                    Telefon in email:                <\/h3>\n                        \t\t  \t<p>\n(+386) 040 933 075\n\nnatalija.pomoc@gmail.com<\/p>\n                                <\/div>\n        \n        \n                <\/div>\n        <\/div>\t\t\t\t<\/div>\n\t\t\t\t<\/div>\n\t\t\t\t<\/div>\n\t\t\t\t\t<\/div>\n\t\t\t\t<\/div>\n\t\t<div class=\"elementor-element elementor-element-e5da591 e-flex e-con-boxed wpr-particle-no wpr-jarallax-no wpr-parallax-no wpr-sticky-section-no wpr-equal-height-no e-con e-parent\" data-id=\"e5da591\" data-element_type=\"container\" data-e-type=\"container\">\n\t\t\t\t\t<div class=\"e-con-inner\">\n\t\t<div class=\"elementor-element elementor-element-a57e060 e-con-full e-flex wpr-particle-no wpr-jarallax-no wpr-parallax-no wpr-sticky-section-no wpr-equal-height-no e-con e-child\" data-id=\"a57e060\" data-element_type=\"container\" data-e-type=\"container\">\n\t\t\t\t<div class=\"elementor-element elementor-element-1b15f4c elementor-widget elementor-widget-eael-testimonial\" data-id=\"1b15f4c\" data-element_type=\"widget\" data-e-type=\"widget\" data-widget_type=\"eael-testimonial.default\">\n\t\t\t\t\t\n\t<div id=\"eael-testimonial-1b15f4c\" class=\"eael-testimonial-item clearfix testimonial-avatar-rounded simple-layout rating-five\">\n\t\t\t\t\n\t\t\n\t\t\n\t\t\n\t\t\n\t\t\n\t\t\n\t\t\t\t\t\t\t\t<div class=\"eael-testimonial-image\">\n\t\t\t\t\t\t\t\t\t<figure><img alt=\"\" decoding=\"async\" width=\"1\" height=\"1\" src=\"https:\/\/mamimaja.si\/wp-content\/uploads\/2026\/02\/5b1eb-img_20211013_161133_original.jpg\" class=\"attachment-thumbnail size-thumbnail wp-image-5866\" \/><\/figure>\n\t\t\t\t\t\t\t<\/div>\n\t\t\t\t\t\t<div class=\"eael-testimonial-content\">\n\t\t\t\t\t\t\t\t<h3 class=\"eael-testimonial-user\"><\/h3>\n\t\t\t\t<p class=\"eael-testimonial-user-company\"><\/p>\n\t\t\t\t\t\t<ul class=\"testimonial-star-rating\">\n\t\t\t<li><i class=\"fas fa-star\" aria-hidden=\"true\"><\/i><\/li>\n\t\t\t<li><i class=\"fas fa-star\" aria-hidden=\"true\"><\/i><\/li>\n\t\t\t<li><i class=\"fas fa-star\" aria-hidden=\"true\"><\/i><\/li>\n\t\t\t<li><i class=\"fas fa-star\" aria-hidden=\"true\"><\/i><\/li>\n\t\t\t<li><i class=\"fas fa-star\" aria-hidden=\"true\"><\/i><\/li>\n\t\t<\/ul>\n\t\t\t\t\t\t<div class=\"eael-testimonial-text\">\n\t\t\t\t\t<p><em>Va\u0161a zgodba ima prostor.<br \/>Va\u0161a ob\u010dutja so legitimna.<br \/>Va\u0161a pot je pomembna.<\/em><\/p>\t\t\t\t<\/div>\n\t\t\t<\/div>\n\n\t\t\n\t\t<span class=\"eael-testimonial-quote\"><\/span>\n\t<\/div>\n\n\t\t\t\t\t<\/div>\n\t\t\t\t<div class=\"elementor-element elementor-element-1c877e8 elementor-invisible elementor-widget elementor-widget-text-editor\" data-id=\"1c877e8\" data-element_type=\"widget\" data-e-type=\"widget\" data-settings=\"{&quot;_animation&quot;:&quot;fadeInUp&quot;}\" data-widget_type=\"text-editor.default\">\n\t\t\t\t\t\t\t\t\t<figure class=\"wp-block-pullquote has-white-color has-tertiary-background-color has-text-color has-background has-link-color wp-elements-4ea49e52aefd08c79b7996403f655781\"><\/figure><h3 class=\"wp-block-heading\">Osebna izku\u0161nja \u2013 temelj razumevanja<\/h3><p class=\"has-text-align-justify wp-block-paragraph\">Moja pot do materinstva je bila zahtevna in nepredvidljiva. Po soo\u010denju z izgubo plodnosti sem se odlo\u010dila za uporabo darovane spolne celice. Ta izku\u0161nja me je postavila pred temeljna vpra\u0161anja o identiteti, strahovih, vrednotah in predstavi o star\u0161evstvu. Hkrati sem skozi proces do\u017eivljala celo paleto \u010dustev \u2013 od dvomov, \u017ealosti, notranjega odpora, pa do sprejemanja, ranljivosti in poguma.<\/p><p class=\"has-text-align-justify wp-block-paragraph\">Danes sem mama dveh otrok \u2013 enega spo\u010detega z darovano jaj\u010dno celico in drugega, ki je biolo\u0161ko povezan z menoj. To edinstveno star\u0161evsko izkustvo mi daje globlje razumevanje razli\u010dnih oblik dru\u017eine in poti do star\u0161evstva, ki ne sledijo tradicionalnim vzorcem.<\/p><p class=\"has-text-align-justify wp-block-paragraph\">Ta pot me ni zaznamovala le osebno, ampak me je oblikovala tudi kot svetovalko \u2013 s sposobnostjo so\u010dutnega poslu\u0161anja, razumevanja kompleksnosti odlo\u010ditev in spremljanja posameznika skozi njegovo resnico.<\/p><div class=\"wp-block-spacer\" aria-hidden=\"true\">\u00a0<\/div><h3 class=\"wp-block-heading\">Moj pristop: realitetna psihoterapija<\/h3><p class=\"has-text-align-justify wp-block-paragraph\">Svetovalno delo temelji na principih realitetne psihoterapije, smeri, ki jo je razvil dr. William Glasser. Gre za pristop, ki poudarja odgovornost posameznika, svobodo izbire in mo\u010d odnosa. Ne ukvarja se toliko z analiziranjem preteklosti, ampak posamezniku pomaga razumeti, kaj si resni\u010dno \u017eeli v \u017eivljenju, kak\u0161ne potrebe posku\u0161a zadovoljiti in katere izbire ima na voljo tukaj in zdaj.<\/p><p class=\"has-text-align-justify wp-block-paragraph\">Realitetna terapija je prakti\u010dna, jasna in usmerjena v krepitev ob\u010dutka notranje mo\u010di. Klju\u010dno vodilo je prepri\u010danje, da ima vsak posameznik vpliv na svojo \u017eivljenjsko pot \u2013 tudi kadar okoli\u0161\u010dine tega ne olaj\u0161ajo. Terapevtski odnos je pri tem varen prostor, kjer se gradita zaupanje in pogum za spremembo.<\/p>\t\t\t\t\t\t\t\t<\/div>\n\t\t\t\t<div class=\"elementor-element elementor-element-979199a at-shiny-glass-effect at-image-animation at-animation-image-none elementor-widget elementor-widget-image\" data-id=\"979199a\" data-element_type=\"widget\" data-e-type=\"widget\" data-widget_type=\"image.default\">\n\t\t\t\t\t\t\t\t\t\t\t\t\t\t\t<img alt=\"\" fetchpriority=\"high\" decoding=\"async\" width=\"800\" height=\"1000\" src=\"https:\/\/mamimaja.si\/wp-content\/uploads\/2026\/02\/mamimaja-3-819x1024.jpg\" class=\"attachment-large size-large wp-image-5926\" srcset=\"https:\/\/mamimaja.si\/wp-content\/uploads\/2026\/02\/mamimaja-3-819x1024.jpg 819w, https:\/\/mamimaja.si\/wp-content\/uploads\/2026\/02\/mamimaja-3-240x300.jpg 240w, https:\/\/mamimaja.si\/wp-content\/uploads\/2026\/02\/mamimaja-3-768x960.jpg 768w, https:\/\/mamimaja.si\/wp-content\/uploads\/2026\/02\/mamimaja-3-10x12.jpg 10w, https:\/\/mamimaja.si\/wp-content\/uploads\/2026\/02\/mamimaja-3-600x750.jpg 600w, https:\/\/mamimaja.si\/wp-content\/uploads\/2026\/02\/mamimaja-3.jpg 1080w\" sizes=\"(max-width: 800px) 100vw, 800px\" \/>\t\t\t\t\t\t\t\t\t\t\t\t\t\t\t<\/div>\n\t\t\t\t<\/div>\n\t\t<div class=\"elementor-element elementor-element-799ef9b e-con-full e-flex wpr-particle-no wpr-jarallax-no wpr-parallax-no wpr-sticky-section-no wpr-equal-height-no e-con e-child\" data-id=\"799ef9b\" data-element_type=\"container\" data-e-type=\"container\">\n\t\t\t\t<div class=\"elementor-element elementor-element-d63f94b elementor-invisible elementor-widget elementor-widget-text-editor\" data-id=\"d63f94b\" data-element_type=\"widget\" data-e-type=\"widget\" data-settings=\"{&quot;_animation&quot;:&quot;fadeInUp&quot;}\" data-widget_type=\"text-editor.default\">\n\t\t\t\t\t\t\t\t\t<figure class=\"wp-block-pullquote has-white-color has-tertiary-background-color has-text-color has-background has-link-color wp-elements-4ea49e52aefd08c79b7996403f655781\"><\/figure><h3 class=\"wp-block-heading\">Kaj vam lahko ponudim?<\/h3><p>\u00a0<\/p><p class=\"wp-block-paragraph\">Moje delo temelji na strokovnosti, osebni izku\u0161nji in spo\u0161tovanju edinstvenosti va\u0161e poti.<\/p><p class=\"wp-block-paragraph\">Nudim:<\/p><ul class=\"wp-block-list\"><li>psihosocialno svetovanje posameznikom in parom ob neplodnosti, zdravljenju, izgubah in dilemah glede star\u0161evstva;<\/li><\/ul><ul class=\"wp-block-list\"><li>podporo ob odlo\u010ditvah za uporabo darovanih spolnih celic, ob vseh spremljajo\u010dih ob\u010dutkih, kot so strah, sram, negotovost, jeza ali \u017ealost;<\/li><\/ul><ul class=\"wp-block-list\"><li>procesno spremljanje pri iskanju sprejemanja nove realnosti in opolnomo\u010denja;<\/li><\/ul><ul class=\"wp-block-list\"><li>psihoterapevtski pristop po na\u010delih realitetne psihoterapije, ki gradi na odgovornosti, zavestnih izbirah in odnosu;<\/li><\/ul><ul class=\"wp-block-list\"><li>dolgoletne izku\u0161nje pri svetovanju starej\u0161im, invalidom ter parom, ki se soocajo z izgubo plodnosti, kjer je v ospredju reorganizacija \u017eivljenja in ohranjanje dostojanstva v zahtevnih razmerah.<\/li><\/ul><div class=\"wp-block-spacer\" aria-hidden=\"true\">\u00a0<\/div><h3 class=\"wp-block-heading\">Zakaj jaz?<\/h3><p>\u00a0<\/p><p class=\"wp-block-paragraph\">Ker vam lahko ponudim:<\/p><ul class=\"wp-block-list\"><li>strokovno znanje in osebno izku\u0161njo;<\/li><\/ul><ul class=\"wp-block-list\"><li>neidealiziran, a so\u010duten pogled na realnost;<\/li><\/ul><ul class=\"wp-block-list\"><li>varen prostor za \u010dustveno raziskovanje brez sodbe;<\/li><\/ul><ul class=\"wp-block-list\"><li>podporo pri sprejemanju odlo\u010ditev, ki so globoko osebne;<\/li><\/ul><ul class=\"wp-block-list\"><li>odnos, ki temelji na iskrenosti, prisotnosti in spo\u0161tovanju.<\/li><\/ul><p class=\"has-text-align-justify wp-block-paragraph\">\u010ce se tudi vi nahajate na to\u010dki, ko i\u0161\u010dete razumevanje, podporo ali varen prostor za soo\u010denje z lastno zgodbo \u2013 sem tu za vas.<\/p>\t\t\t\t\t\t\t\t<\/div>\n\t\t\t\t<div class=\"elementor-element elementor-element-654c790 at-shiny-glass-effect at-image-animation at-animation-image-none elementor-widget elementor-widget-image\" data-id=\"654c790\" data-element_type=\"widget\" data-e-type=\"widget\" data-widget_type=\"image.default\">\n\t\t\t\t\t\t\t\t\t\t\t\t\t\t\t<img alt=\"\" decoding=\"async\" width=\"800\" height=\"1000\" src=\"https:\/\/mamimaja.si\/wp-content\/uploads\/2026\/02\/mamimaja-4-819x1024.jpg\" class=\"attachment-large size-large wp-image-5927\" srcset=\"https:\/\/mamimaja.si\/wp-content\/uploads\/2026\/02\/mamimaja-4-819x1024.jpg 819w, https:\/\/mamimaja.si\/wp-content\/uploads\/2026\/02\/mamimaja-4-240x300.jpg 240w, https:\/\/mamimaja.si\/wp-content\/uploads\/2026\/02\/mamimaja-4-768x960.jpg 768w, https:\/\/mamimaja.si\/wp-content\/uploads\/2026\/02\/mamimaja-4-10x12.jpg 10w, https:\/\/mamimaja.si\/wp-content\/uploads\/2026\/02\/mamimaja-4-600x750.jpg 600w, https:\/\/mamimaja.si\/wp-content\/uploads\/2026\/02\/mamimaja-4.jpg 1080w\" sizes=\"(max-width: 800px) 100vw, 800px\" \/>\t\t\t\t\t\t\t\t\t\t\t\t\t\t\t<\/div>\n\t\t\t\t<\/div>\n\t\t\t\t\t<\/div>\n\t\t\t\t<\/div>\n\t\t\t\t<\/div>","protected":false},"excerpt":{"rendered":"<p>Sanja Ivi\u0107 Home O meni Sem Sanja Ivi\u0107, magistrica socialnega dela in<\/p>","protected":false},"author":2,"featured_media":0,"parent":1946,"menu_order":0,"comment_status":"closed","ping_status":"closed","template":"elementor_header_footer","meta":{"_seopress_robots_primary_cat":"","_seopress_titles_title":"","_seopress_titles_desc":"","_seopress_robots_index":"","footnotes":""},"class_list":["post-5904","page","type-page","status-publish","hentry"],"_links":{"self":[{"href":"https:\/\/mamimaja.si\/sl\/wp-json\/wp\/v2\/pages\/5904","targetHints":{"allow":["GET"]}}],"collection":[{"href":"https:\/\/mamimaja.si\/sl\/wp-json\/wp\/v2\/pages"}],"about":[{"href":"https:\/\/mamimaja.si\/sl\/wp-json\/wp\/v2\/types\/page"}],"author":[{"embeddable":true,"href":"https:\/\/mamimaja.si\/sl\/wp-json\/wp\/v2\/users\/2"}],"replies":[{"embeddable":true,"href":"https:\/\/mamimaja.si\/sl\/wp-json\/wp\/v2\/comments?post=5904"}],"version-history":[{"count":3,"href":"https:\/\/mamimaja.si\/sl\/wp-json\/wp\/v2\/pages\/5904\/revisions"}],"predecessor-version":[{"id":5930,"href":"https:\/\/mamimaja.si\/sl\/wp-json\/wp\/v2\/pages\/5904\/revisions\/5930"}],"up":[{"embeddable":true,"href":"https:\/\/mamimaja.si\/sl\/wp-json\/wp\/v2\/pages\/1946"}],"wp:attachment":[{"href":"https:\/\/mamimaja.si\/sl\/wp-json\/wp\/v2\/media?parent=5904"}],"curies":[{"name":"wp","href":"https:\/\/api.w.org\/{rel}","templated":true}]}}