{"id":5999,"date":"2026-02-18T17:55:09","date_gmt":"2026-02-18T17:55:09","guid":{"rendered":"https:\/\/mamimaja.si\/?page_id=5999"},"modified":"2026-02-18T18:13:47","modified_gmt":"2026-02-18T18:13:47","slug":"knjiga-zgodba-o-tebi","status":"publish","type":"page","link":"https:\/\/mamimaja.si\/sl\/knjiga-zgodba-o-tebi\/","title":{"rendered":"Knjiga: Zgodba o tebi"},"content":{"rendered":"<div data-elementor-type=\"wp-page\" data-elementor-id=\"5999\" class=\"elementor elementor-5999\">\n\t\t\t\t<div class=\"elementor-element elementor-element-8dd623e gradient-bg-metal e-flex e-con-boxed wpr-particle-no wpr-jarallax-no wpr-parallax-no wpr-sticky-section-no wpr-equal-height-no e-con e-parent\" data-id=\"8dd623e\" data-element_type=\"container\" data-e-type=\"container\">\n\t\t\t\t\t<div class=\"e-con-inner\">\n\t\t<div class=\"elementor-element elementor-element-f7d9dac e-con-full e-flex wpr-particle-no wpr-jarallax-no wpr-parallax-no wpr-sticky-section-no wpr-equal-height-no e-con e-child\" data-id=\"f7d9dac\" data-element_type=\"container\" data-e-type=\"container\">\n\t\t\t\t<div class=\"elementor-element elementor-element-10b52ad at-heading-animation at-animation-heading-style-3 elementor-widget elementor-widget-heading\" data-id=\"10b52ad\" data-element_type=\"widget\" data-e-type=\"widget\" data-widget_type=\"heading.default\">\n\t\t\t\t\t<h1 class=\"elementor-heading-title elementor-size-default\">Zgodba o tebi\n<\/h1>\t\t\t\t<\/div>\n\t\t\t\t<div class=\"elementor-element elementor-element-4a07cb5 elementor-invisible elementor-widget elementor-widget-ferlix-breadcrumb\" data-id=\"4a07cb5\" data-element_type=\"widget\" data-e-type=\"widget\" data-settings=\"{&quot;_animation&quot;:&quot;fadeInUp&quot;}\" data-widget_type=\"ferlix-breadcrumb.default\">\n\t\t\t\t<div class=\"elementor-widget-container\">\n\t\t\t\t\t<div role=\"navigation\" aria-label=\"Drobtine\" class=\"breadcrumb-trail breadcrumbs\"><ol class=\"trail-items\"><li class=\"trail-item trail-begin\"><a href=\"https:\/\/mamimaja.si\/sl\/\" rel=\"home\"><span>Domov<\/span><\/a><\/li><li class=\"trail-item trail-end\"><span><span>Knjiga: Zgodba o tebi<\/span><\/span><\/li><\/ol><\/div>\t\t\t\t<\/div>\n\t\t\t\t<\/div>\n\t\t\t\t<\/div>\n\t\t\t\t\t<\/div>\n\t\t\t\t<\/div>\n\t\t<div class=\"elementor-element elementor-element-13e12d0 e-flex e-con-boxed wpr-particle-no wpr-jarallax-no wpr-parallax-no wpr-sticky-section-no wpr-equal-height-no e-con e-parent\" data-id=\"13e12d0\" data-element_type=\"container\" data-e-type=\"container\">\n\t\t\t\t\t<div class=\"e-con-inner\">\n\t\t<div class=\"elementor-element elementor-element-d7f24e3 e-con-full e-flex wpr-particle-no wpr-jarallax-no wpr-parallax-no wpr-sticky-section-no wpr-equal-height-no e-con e-child\" data-id=\"d7f24e3\" data-element_type=\"container\" data-e-type=\"container\">\n\t\t\t\t<div class=\"elementor-element elementor-element-d51e144 elementor-widget elementor-widget-text-editor\" data-id=\"d51e144\" data-element_type=\"widget\" data-e-type=\"widget\" data-widget_type=\"text-editor.default\">\n\t\t\t\t\t\t\t\t\t<h3 class=\"wp-block-heading\"><strong>Zgodba o star\u0161evstvu na malce druga\u010den na\u010din<\/strong><\/h3><p class=\"wp-block-paragraph\">Knjiga je bila napisana za star\u0161e otrok, spo\u010detih s pomo\u010djo darovane jaj\u010dne celice. Z njeno pomo\u010djo lahko na\u010din spo\u010detja la\u017eje pribli\u017eajo otroku in mu s tem podarijo pomemben ko\u0161\u010dek v sestavljanki \u017eivljenja. Otrokom pa lahko pomaga, da skupaj s star\u0161i odkrijejo zgodbo, polno ljubezni, upanja in edinstvenosti, ki je omogo\u010dila njihov prihod na svet.<\/p><p class=\"wp-block-paragraph\">Knjiga predstavlja tudi odli\u010den pripomo\u010dek za socialne delavce, psihologe, psihoterapevte in druge strokovnjake na podro\u010dju zakonskih in dru\u017einskih terapij.<\/p>\t\t\t\t\t\t\t\t<\/div>\n\t\t\t\t<\/div>\n\t\t<div class=\"elementor-element elementor-element-c1daafc e-con-full e-flex wpr-particle-no wpr-jarallax-no wpr-parallax-no wpr-sticky-section-no wpr-equal-height-no e-con e-child\" data-id=\"c1daafc\" data-element_type=\"container\" data-e-type=\"container\">\n\t\t\t\t<div class=\"elementor-element elementor-element-f5dcde6 at-image-animation at-animation-image-none at-none elementor-widget elementor-widget-image\" data-id=\"f5dcde6\" data-element_type=\"widget\" data-e-type=\"widget\" data-widget_type=\"image.default\">\n\t\t\t\t\t\t\t\t\t\t\t\t\t\t\t<img alt=\"\" fetchpriority=\"high\" decoding=\"async\" width=\"800\" height=\"683\" src=\"https:\/\/mamimaja.si\/wp-content\/uploads\/2026\/02\/611852ec-0a21-450f-b1bb-a0cd881b4a09_20250105_164447_0000-2-1-1024x874.jpg\" class=\"attachment-large size-large wp-image-6004\" srcset=\"https:\/\/mamimaja.si\/wp-content\/uploads\/2026\/02\/611852ec-0a21-450f-b1bb-a0cd881b4a09_20250105_164447_0000-2-1-1024x874.jpg 1024w, https:\/\/mamimaja.si\/wp-content\/uploads\/2026\/02\/611852ec-0a21-450f-b1bb-a0cd881b4a09_20250105_164447_0000-2-1-300x256.jpg 300w, https:\/\/mamimaja.si\/wp-content\/uploads\/2026\/02\/611852ec-0a21-450f-b1bb-a0cd881b4a09_20250105_164447_0000-2-1-768x656.jpg 768w, https:\/\/mamimaja.si\/wp-content\/uploads\/2026\/02\/611852ec-0a21-450f-b1bb-a0cd881b4a09_20250105_164447_0000-2-1-14x12.jpg 14w, https:\/\/mamimaja.si\/wp-content\/uploads\/2026\/02\/611852ec-0a21-450f-b1bb-a0cd881b4a09_20250105_164447_0000-2-1-600x512.jpg 600w, https:\/\/mamimaja.si\/wp-content\/uploads\/2026\/02\/611852ec-0a21-450f-b1bb-a0cd881b4a09_20250105_164447_0000-2-1.jpg 1239w\" sizes=\"(max-width: 800px) 100vw, 800px\" \/>\t\t\t\t\t\t\t\t\t\t\t\t\t\t\t<\/div>\n\t\t\t\t<\/div>\n\t\t\t\t\t<\/div>\n\t\t\t\t<\/div>\n\t\t<div class=\"elementor-element elementor-element-2fca94d e-flex e-con-boxed wpr-particle-no wpr-jarallax-no wpr-parallax-no wpr-sticky-section-no wpr-equal-height-no e-con e-parent\" data-id=\"2fca94d\" data-element_type=\"container\" data-e-type=\"container\">\n\t\t\t\t\t<div class=\"e-con-inner\">\n\t\t<div class=\"elementor-element elementor-element-539999d e-con-full e-flex wpr-particle-no wpr-jarallax-no wpr-parallax-no wpr-sticky-section-no wpr-equal-height-no e-con e-child\" data-id=\"539999d\" data-element_type=\"container\" data-e-type=\"container\">\n\t\t\t\t<div class=\"elementor-element elementor-element-0209215 at-image-animation at-animation-image-none at-none elementor-widget elementor-widget-image\" data-id=\"0209215\" data-element_type=\"widget\" data-e-type=\"widget\" data-widget_type=\"image.default\">\n\t\t\t\t\t\t\t\t\t\t\t\t\t\t\t<img alt=\"\" decoding=\"async\" width=\"800\" height=\"693\" src=\"https:\/\/mamimaja.si\/wp-content\/uploads\/2026\/02\/2b321d22-58bd-4b8e-b87a-052074453305_20250105_183735_0000-1-1024x887.jpg\" class=\"attachment-large size-large wp-image-6002\" srcset=\"https:\/\/mamimaja.si\/wp-content\/uploads\/2026\/02\/2b321d22-58bd-4b8e-b87a-052074453305_20250105_183735_0000-1-1024x887.jpg 1024w, https:\/\/mamimaja.si\/wp-content\/uploads\/2026\/02\/2b321d22-58bd-4b8e-b87a-052074453305_20250105_183735_0000-1-300x260.jpg 300w, https:\/\/mamimaja.si\/wp-content\/uploads\/2026\/02\/2b321d22-58bd-4b8e-b87a-052074453305_20250105_183735_0000-1-768x665.jpg 768w, https:\/\/mamimaja.si\/wp-content\/uploads\/2026\/02\/2b321d22-58bd-4b8e-b87a-052074453305_20250105_183735_0000-1-14x12.jpg 14w, https:\/\/mamimaja.si\/wp-content\/uploads\/2026\/02\/2b321d22-58bd-4b8e-b87a-052074453305_20250105_183735_0000-1-600x520.jpg 600w, https:\/\/mamimaja.si\/wp-content\/uploads\/2026\/02\/2b321d22-58bd-4b8e-b87a-052074453305_20250105_183735_0000-1.jpg 1247w\" sizes=\"(max-width: 800px) 100vw, 800px\" \/>\t\t\t\t\t\t\t\t\t\t\t\t\t\t\t<\/div>\n\t\t\t\t<\/div>\n\t\t<div class=\"elementor-element elementor-element-1f3d93c e-con-full e-flex wpr-particle-no wpr-jarallax-no wpr-parallax-no wpr-sticky-section-no wpr-equal-height-no e-con e-child\" data-id=\"1f3d93c\" data-element_type=\"container\" data-e-type=\"container\">\n\t\t\t\t<div class=\"elementor-element elementor-element-a5ea54e elementor-widget elementor-widget-text-editor\" data-id=\"a5ea54e\" data-element_type=\"widget\" data-e-type=\"widget\" data-widget_type=\"text-editor.default\">\n\t\t\t\t\t\t\t\t\t<h3 class=\"wp-block-heading\"><strong>Zakaj je bila knjiga napisana?<\/strong><\/h3><p>\u00a0<\/p><p class=\"wp-block-paragraph\">Knjiga je bila zasnovana kot odgovor na potrebo po vsebinah in pripomo\u010dkih, namenjenih star\u0161em, ki so se odlo\u010dili za zdravljenje z darovano jaj\u010dno celico. Na slovenskem prostoru \u2013 pa tudi \u0161ir\u0161e \u2013 ni dovolj sistemati\u010dne podpore, ki bi star\u0161em pomagala razumeti, kako otroku na primeren, ljube\u010d in starosti prilagojen na\u010din predstaviti njegovo\/njeno zgodbo.<\/p><p class=\"wp-block-paragraph\">Pari, ki izberejo to obliko zdravljenja, se pogosto soo\u010dajo z ob\u010dutljivimi vpra\u0161anji:\u00a0<em>Kdaj je pravi \u010das, da otroku razkrijemo njegovo zgodbo? Kako to storiti, da bo razumel, da je bil \u017ee od za\u010detka za\u017eelen in ljubljen? Kako mu razlo\u017eiti proces na na\u010din, ki krepi zaupanje in povezanost?<\/em>\u00a0Psiholo\u0161ka podpora pri teh vpra\u0161anjih je pogosto pomanjkljiva ali celo nedostopna, kar lahko povzro\u010di ob\u010dutke negotovosti in tesnobe.<\/p><p class=\"wp-block-paragraph\">Knjiga ponuja pristop z uporabo prisr\u010dnih ilustracij gozdnih \u017eivali in razli\u010dnih metafor, ki na ne\u017een, a hkrati jasen na\u010din odpirajo prostor za pogovor med star\u0161ema in otrokom ter omogo\u010dijo ustrezno pripravo na bolj poglobljene pogovore, ko otroci odrastejo.<\/p>\t\t\t\t\t\t\t\t<\/div>\n\t\t\t\t<\/div>\n\t\t\t\t\t<\/div>\n\t\t\t\t<\/div>\n\t\t<div class=\"elementor-element elementor-element-fd592e8 e-flex e-con-boxed wpr-particle-no wpr-jarallax-no wpr-parallax-no wpr-sticky-section-no wpr-equal-height-no e-con e-parent\" data-id=\"fd592e8\" data-element_type=\"container\" data-e-type=\"container\">\n\t\t\t\t\t<div class=\"e-con-inner\">\n\t\t\t\t<div class=\"elementor-element elementor-element-de323dc elementor-widget elementor-widget-text-editor\" data-id=\"de323dc\" data-element_type=\"widget\" data-e-type=\"widget\" data-widget_type=\"text-editor.default\">\n\t\t\t\t\t\t\t\t\t<h3 class=\"wp-block-heading has-large-font-size\"><em>\u201cLjubezen ne pozna meja \u2013 v\u010dasih se dru\u017eina rodi s pomo\u010djo drobnega daru srca, ki pri\u017ege novo \u017eivljenje. Vsak otrok je \u010dude\u017e, ustvarjen iz sanj, upanja in neskon\u010dne ljubezni.\u201d<\/em><\/h3>\t\t\t\t\t\t\t\t<\/div>\n\t\t\t\t<div class=\"elementor-element elementor-element-399cfdf elementor-align-center elementor-widget elementor-widget-button\" data-id=\"399cfdf\" data-element_type=\"widget\" data-e-type=\"widget\" data-widget_type=\"button.default\">\n\t\t\t\t\t\t\t\t\t\t<a class=\"elementor-button elementor-button-link elementor-size-sm\" href=\"mailto:maja.janes90@gmail.com\">\n\t\t\t\t\t\t<span class=\"elementor-button-content-wrapper\">\n\t\t\t\t\t\t\t\t\t<span class=\"elementor-button-text\">Naro\u010di knjigo<\/span>\n\t\t\t\t\t<\/span>\n\t\t\t\t\t<\/a>\n\t\t\t\t\t\t\t\t<\/div>\n\t\t\t\t\t<\/div>\n\t\t\t\t<\/div>\n\t\t<div class=\"elementor-element elementor-element-660bdc4 e-con-full e-flex wpr-particle-no wpr-jarallax-no wpr-parallax-no wpr-sticky-section-no wpr-equal-height-no e-con e-parent\" data-id=\"660bdc4\" data-element_type=\"container\" data-e-type=\"container\">\n\t\t<div class=\"elementor-element elementor-element-5db56ce e-con-full e-flex wpr-particle-no wpr-jarallax-no wpr-parallax-no wpr-sticky-section-no wpr-equal-height-no e-con e-child\" data-id=\"5db56ce\" data-element_type=\"container\" data-e-type=\"container\" data-settings=\"{&quot;background_background&quot;:&quot;classic&quot;}\">\n\t\t\t\t<\/div>\n\t\t<div class=\"elementor-element elementor-element-7b9012a e-con-full e-flex wpr-particle-no wpr-jarallax-no wpr-parallax-no wpr-sticky-section-no wpr-equal-height-no e-con e-child\" data-id=\"7b9012a\" data-element_type=\"container\" data-e-type=\"container\" data-settings=\"{&quot;background_background&quot;:&quot;classic&quot;}\">\n\t\t\t\t<div class=\"elementor-element elementor-element-0cfbfbe at-heading-animation at-animation-heading-style-3 elementor-widget elementor-widget-heading\" data-id=\"0cfbfbe\" data-element_type=\"widget\" data-e-type=\"widget\" data-widget_type=\"heading.default\">\n\t\t\t\t\t<h2 class=\"elementor-heading-title elementor-size-default\">O avtoricah<\/h2>\t\t\t\t<\/div>\n\t\t\t\t<div class=\"elementor-element elementor-element-e1cd1ed elementor-invisible elementor-widget elementor-widget-text-editor\" data-id=\"e1cd1ed\" data-element_type=\"widget\" data-e-type=\"widget\" data-settings=\"{&quot;_animation&quot;:&quot;fadeInUp&quot;,&quot;_animation_delay&quot;:100}\" data-widget_type=\"text-editor.default\">\n\t\t\t\t\t\t\t\t\t<p class=\"wp-block-paragraph\"><strong>Maja Henigman<\/strong>\u00a0je diplomirana medicinska sestra, IVF koordinatorka in \u010dlanica Evropskega zdru\u017eenja za humano reprodukcijo in embriologijo (ESHRE). Njeno strokovno delo dopolnjuje tudi lastna izku\u0161nja z neplodnostjo \u2013 je mama dveh sinov, spo\u010detih z IVF \u2013 kar ji omogo\u010da razumevanje \u010dustvenih in fizi\u010dnih izzivov, s katerimi se sre\u010dujejo posamezniki in pari med zdravljenjem. Prizadeva si za celostno obravnavo, ki vklju\u010duje psiholo\u0161ko podporo in empatijo, s ciljem, da bi bil postopek zdravljenja neplodnosti \u010dim bolj prijazen in dostopen.<\/p><p class=\"wp-block-paragraph\"><strong>Tina Aber<\/strong>\u00a0je po izobrazbi sociologinja in filozofinja, ki opravlja poklic socialne delavke, hkrati pa je predana mama dveh radovednih deklic. Njeno strast predstavlja raziskovanje podro\u010dja bioetike, postopkov zunajtelesne oploditve ter reproduktivnih pravic. Tina je prepri\u010dana, da je razumevanje ljudi in njihovih edinstvenih zgodb klju\u010d do so\u010dutnej\u0161e dru\u017ebe.<\/p><p class=\"wp-block-paragraph\">Besedilo slovenske knjige je lektorirala Neja Lenart Dvor\u0161ak, za \u010dudovite ilustracije pa je poskrbela\u00a0<a href=\"https:\/\/www.instagram.com\/darjacadezillustrations\/\">Darja \u010cade\u017e<\/a>.<\/p>\t\t\t\t\t\t\t\t<\/div>\n\t\t\t\t<\/div>\n\t\t\t\t<\/div>\n\t\t<div class=\"elementor-element elementor-element-26888a5 e-flex e-con-boxed wpr-particle-no wpr-jarallax-no wpr-parallax-no wpr-sticky-section-no wpr-equal-height-no e-con e-parent\" data-id=\"26888a5\" data-element_type=\"container\" data-e-type=\"container\">\n\t\t\t\t\t<div class=\"e-con-inner\">\n\t\t\t\t<div class=\"elementor-element elementor-element-ea30aad elementor-widget elementor-widget-text-editor\" data-id=\"ea30aad\" data-element_type=\"widget\" data-e-type=\"widget\" data-widget_type=\"text-editor.default\">\n\t\t\t\t\t\t\t\t\t<h2 class=\"wp-block-heading\">Nakup knjige<\/h2><p>\u00a0<\/p><p class=\"wp-block-paragraph\">Knjiga ima trde platnice s kakovostno vezavo, znotraj pa se nahaja mo\u010dan in trpe\u017een papir, ki bo odporen na \u0161e tako vztrajne otro\u0161ke ro\u010dice, kar pomeni, da knjiga lep \u010das ne bo izgubila svoj \u010dar.<\/p><p class=\"wp-block-paragraph\">Ilustracije so \u010dudovite in velike, s prisr\u010dnimi \u017eivalskimi liki v glavni vlogi, ki bodo pritegnili zvedave otro\u0161ke u\u010dke, besedilo pa prijetno in zanimivo tako za star\u0161e, kot tudi za mlade radovedne \u0161kratke.<\/p><p class=\"wp-block-paragraph\">Knjigo je v slovenskem jeziku \u017ee mogo\u010de naro\u010diti, in sicer po ceni\u00a0<strong>24.99\u20ac<\/strong>\u00a0(+po\u0161tnina). Knjiga bo v prihodnosti na voljo tudi v tujih jezikih. Za vsa vpra\u0161anja, prednaro\u010dila, sodelovanja in drugo, sva vama na voljo preko elektronskih naslovov:<\/p><p class=\"wp-block-paragraph\"><strong>info@mamimaja.com<\/strong><\/p><p class=\"wp-block-paragraph\"><strong>tinaaber@gmail.com<\/strong><\/p>\t\t\t\t\t\t\t\t<\/div>\n\t\t\t\t<div class=\"elementor-element elementor-element-e84b814 elementor-align-center elementor-widget elementor-widget-button\" data-id=\"e84b814\" data-element_type=\"widget\" data-e-type=\"widget\" data-widget_type=\"button.default\">\n\t\t\t\t\t\t\t\t\t\t<a class=\"elementor-button elementor-button-link elementor-size-sm\" href=\"mailto:maja.janes90@gmail.com\">\n\t\t\t\t\t\t<span class=\"elementor-button-content-wrapper\">\n\t\t\t\t\t\t\t\t\t<span class=\"elementor-button-text\">Naro\u010di knjigo<\/span>\n\t\t\t\t\t<\/span>\n\t\t\t\t\t<\/a>\n\t\t\t\t\t\t\t\t<\/div>\n\t\t\t\t\t<\/div>\n\t\t\t\t<\/div>\n\t\t\t\t<\/div>","protected":false},"excerpt":{"rendered":"<p>Zgodba o tebi Home Zgodba o star\u0161evstvu na malce druga\u010den na\u010din Knjiga<\/p>","protected":false},"author":2,"featured_media":0,"parent":0,"menu_order":0,"comment_status":"closed","ping_status":"closed","template":"elementor_header_footer","meta":{"_seopress_robots_primary_cat":"","_seopress_titles_title":"","_seopress_titles_desc":"","_seopress_robots_index":"","footnotes":""},"class_list":["post-5999","page","type-page","status-publish","hentry"],"_links":{"self":[{"href":"https:\/\/mamimaja.si\/sl\/wp-json\/wp\/v2\/pages\/5999","targetHints":{"allow":["GET"]}}],"collection":[{"href":"https:\/\/mamimaja.si\/sl\/wp-json\/wp\/v2\/pages"}],"about":[{"href":"https:\/\/mamimaja.si\/sl\/wp-json\/wp\/v2\/types\/page"}],"author":[{"embeddable":true,"href":"https:\/\/mamimaja.si\/sl\/wp-json\/wp\/v2\/users\/2"}],"replies":[{"embeddable":true,"href":"https:\/\/mamimaja.si\/sl\/wp-json\/wp\/v2\/comments?post=5999"}],"version-history":[{"count":4,"href":"https:\/\/mamimaja.si\/sl\/wp-json\/wp\/v2\/pages\/5999\/revisions"}],"predecessor-version":[{"id":6008,"href":"https:\/\/mamimaja.si\/sl\/wp-json\/wp\/v2\/pages\/5999\/revisions\/6008"}],"wp:attachment":[{"href":"https:\/\/mamimaja.si\/sl\/wp-json\/wp\/v2\/media?parent=5999"}],"curies":[{"name":"wp","href":"https:\/\/api.w.org\/{rel}","templated":true}]}}