{"id":5589,"date":"2026-02-13T08:20:38","date_gmt":"2026-02-13T08:20:38","guid":{"rendered":"https:\/\/mamimaja.si\/?post_type=product&#038;p=5589"},"modified":"2026-03-04T16:29:47","modified_gmt":"2026-03-04T16:29:47","slug":"revija-neplodnost-februar","status":"publish","type":"product","link":"https:\/\/mamimaja.si\/sl\/produkt\/revija-neplodnost-februar\/","title":{"rendered":"Revija (ne)plodnost Februar"},"content":{"rendered":"<div data-elementor-type=\"wp-post\" data-elementor-id=\"5589\" class=\"elementor elementor-5589\">\n\t\t\t\t<div class=\"elementor-element elementor-element-1108b82 e-flex e-con-boxed wpr-particle-no wpr-jarallax-no wpr-parallax-no wpr-sticky-section-no wpr-equal-height-no e-con e-parent\" data-id=\"1108b82\" data-element_type=\"container\" data-e-type=\"container\">\n\t\t\t\t\t<div class=\"e-con-inner\">\n\t\t\t\t<div class=\"elementor-element elementor-element-105c5bb elementor-widget-divider--view-line elementor-widget elementor-widget-divider\" data-id=\"105c5bb\" data-element_type=\"widget\" data-e-type=\"widget\" data-widget_type=\"divider.default\">\n\t\t\t\t\t\t\t<div class=\"elementor-divider\">\n\t\t\t<span class=\"elementor-divider-separator\">\n\t\t\t\t\t\t<\/span>\n\t\t<\/div>\n\t\t\t\t\t\t<\/div>\n\t\t\t\t<div class=\"elementor-element elementor-element-3933fdaf elementor-widget elementor-widget-text-editor\" data-id=\"3933fdaf\" data-element_type=\"widget\" data-e-type=\"widget\" data-widget_type=\"text-editor.default\">\n\t\t\t\t\t\t\t\t\t<p data-start=\"305\" data-end=\"582\">Revija <em data-start=\"312\" data-end=\"326\">(ne)plodnost<\/em> je prva slovenska publikacija, ki temo neplodnosti odpira <strong data-start=\"385\" data-end=\"422\">celostno, iskreno in brez tabujev<\/strong>. Namenjena je vsem, ki se na tej poti kdaj znajdejo \u2013 \u017eenskam, parom, posameznikom, pa tudi strokovnjakom, ki \u017eelijo globlje razumeti izku\u0161njo svojih klientov.<\/p><h3 data-start=\"584\" data-end=\"603\"><strong>V njej boste na\u0161li:<\/strong><\/h3><ul data-start=\"604\" data-end=\"1005\"><li data-start=\"604\" data-end=\"689\"><p data-start=\"606\" data-end=\"689\">osebne zgodbe \u017eensk in parov, ki dajejo glas tistemu, o \u010demer se prepogosto mol\u010di<\/p><\/li><li data-start=\"690\" data-end=\"751\"><p data-start=\"692\" data-end=\"751\">strokovne prispevke ginekologov, psihologov in terapevtov<\/p><\/li><li data-start=\"752\" data-end=\"815\"><p data-start=\"754\" data-end=\"815\">razlago medicinskih postopkov na razumljiv in so\u010duten na\u010din<\/p><\/li><li data-start=\"816\" data-end=\"877\"><p data-start=\"818\" data-end=\"877\">vpogled v \u010dustvene izzive, izgube, upanje in notranjo mo\u010d<\/p><\/li><li data-start=\"878\" data-end=\"939\"><p data-start=\"880\" data-end=\"939\">teme o odnosih, partnerstvu, telesni podobi in samopodobi<\/p><\/li><li data-start=\"940\" data-end=\"1005\"><p data-start=\"942\" data-end=\"1005\">prostor za vpra\u0161anja, ki si jih marsikdo ne upa izre\u010di naglas<\/p><\/li><\/ul><p data-start=\"1007\" data-end=\"1106\">Revija ponuja\u00a0<strong data-start=\"1055\" data-end=\"1105\">razumevanje, podporo in ob\u010dutek, da nisi sama<\/strong>.<\/p><p data-start=\"1108\" data-end=\"1259\">Je revija, ki neplodnosti ne reducira le na diagnozo, temve\u010d jo predstavi kot <strong data-start=\"1186\" data-end=\"1210\">\u017eivljenjsko izku\u0161njo<\/strong>, ki zaznamuje telo, misli, odnose in identiteto.<\/p><p data-start=\"1261\" data-end=\"1418\"><em>Prva izdaja je povabilo k pogovoru.<\/em><br data-start=\"1296\" data-end=\"1299\" \/><em>Povabilo k so\u010dutju \u2013 do sebe in drugih.<\/em><br data-start=\"1338\" data-end=\"1341\" \/><em>In predvsem povabilo k temu, da si dovoli\u0161 \u010dutiti, vpra\u0161ati in biti sli\u0161an\/a.<\/em><\/p>\t\t\t\t\t\t\t\t<\/div>\n\t\t\t\t\t<\/div>\n\t\t\t\t<\/div>\n\t\t\t\t<\/div>","protected":false},"excerpt":{"rendered":"<p>Nova in prva izdaja revije (ne)plodnost, ki govori o <strong data-start=\"230\" data-end=\"303\">neplodnosti z vseh plati \u2013 \u010dustvene, telesne, partnerske in dru\u017ebene.<\/strong><\/p>\n<p><strong>S klikom POD REVIJO na 3. gumb z desne se revija odpre v celozaslonskem na\u010dinu:<\/strong><\/p>\n<div class=\"w-full my-4\">\n<div class=\"\">\n<div class=\"relative\">\n<div class=\"h-full min-h-0 min-w-0\">\n<div class=\"h-full min-h-0 min-w-0\">\n<div class=\"border corner-superellipse\/1.1 border-token-border-light bg-token-bg-elevated-secondary rounded-3xl\">\n<div class=\"corner-superellipse\/1.1 rounded-3xl bg-token-bg-elevated-secondary\">\n<div class=\"relative z-0 flex max-w-full\">\n<div id=\"code-block-viewer\" class=\"q9tKkq_viewer cm-editor z-10 light:cm-light dark:cm-light flex h-full w-full flex-col items-stretch \u037c5 \u037cj\" dir=\"ltr\">\n<div class=\"cm-scroller\">\n<div class=\"cm-content q9tKkq_readonly\">\n<div class=\"_3d-flip-book  fb3d-fullscreen-mode full-size\" data-id=\"6237\" data-mode=\"fullscreen\" data-title=\"false\" data-template=\"short-white-book-view\" data-lightbox=\"dark-shadow\" data-urlparam=\"fb3d-page\" data-page-n=\"0\" data-pdf=\"\" data-tax=\"null\" data-thumbnail=\"\" data-cols=\"3\" data-book-template=\"default\" data-trigger=\"\"><\/div>\n<p><script type=\"text\/javascript\">window.FB3D_CLIENT_DATA = window.FB3D_CLIENT_DATA || [];FB3D_CLIENT_DATA.push('eyJwb3N0cyI6eyI2MjM3Ijp7IklEIjo2MjM3LCJ0aXRsZSI6IkZlYnJ1YXIiLCJ0eXBlIjoicGRmIiwicmVhZHlfZnVuY3Rpb24iOiIiLCJib29rX3N0eWxlIjoiZmxhdCIsImJvb2tfdGVtcGxhdGUiOiJub25lIiwib3V0bGluZSI6W10sImRhdGEiOnsicG9zdF9JRCI6IjYxMjUiLCJndWlkIjoiaHR0cHM6XC9cL21hbWltYWphLnNpXC93cC1jb250ZW50XC91cGxvYWRzXC8yMDI2XC8wMlwvbmVwbG9kbm9zdC1mZWJydWFyLTIwMjYtc3BsZXQucGRmIiwicGRmX3BhZ2VzIjoiNDAiLCJwYWdlc19jdXN0b21pemF0aW9uIjoibm9uZSJ9LCJ0aHVtYm5haWwiOnsiZGF0YSI6eyJwb3N0X0lEIjoiMCJ9LCJ0eXBlIjoiYXV0byJ9LCJwcm9wcyI6eyJiYWNrZ3JvdW5kQ29sb3IiOiJhdXRvIiwiYmFja2dyb3VuZEltYWdlIjoiYXV0byIsImJhY2tncm91bmRTdHlsZSI6ImF1dG8iLCJoaWdobGlnaHRMaW5rcyI6ImF1dG8iLCJsaWdodGluZyI6ImF1dG8iLCJzaW5nbGVQYWdlTW9kZSI6ImF1dG8iLCJjYWNoZWRQYWdlcyI6ImF1dG8iLCJyZW5kZXJJbmFjdGl2ZVBhZ2VzIjoiYXV0byIsInJlbmRlckluYWN0aXZlUGFnZXNPbk1vYmlsZSI6ImF1dG8iLCJyZW5kZXJXaGlsZUZsaXBwaW5nIjoiYXV0byIsInByZWxvYWRQYWdlcyI6ImF1dG8iLCJhdXRvUGxheUR1cmF0aW9uIjoiYXV0byIsInJ0bCI6ImF1dG8iLCJpbnRlcmFjdGl2ZUNvcm5lcnMiOiJhdXRvIiwibWF4RGVwdGgiOiJhdXRvIiwic2hlZXQiOnsic3RhcnRWZWxvY2l0eSI6ImF1dG8iLCJ3YXZlIjoiYXV0byIsInNoYXBlIjoiYXV0byIsIndpZHRoVGV4ZWxzIjoiYXV0byIsImNvbG9yIjoiYXV0byIsInNpZGUiOiJhdXRvIiwic3RyZXRjaEltYWdlcyI6ImF1dG8iLCJjb3JuZXJEZXZpYXRpb24iOiJhdXRvIiwiZmxleGliaWxpdHkiOiJhdXRvIiwiZmxleGlibGVDb3JuZXIiOiJhdXRvIiwiYmVuZGluZyI6ImF1dG8iLCJoZWlnaHRUZXhlbHMiOiJhdXRvIn0sImNvdmVyIjp7IndhdmUiOiJhdXRvIiwiY29sb3IiOiJhdXRvIiwic2lkZSI6ImF1dG8iLCJzdHJldGNoSW1hZ2VzIjoiYXV0byIsImJpbmRlclRleHR1cmUiOiJhdXRvIiwiZGVwdGgiOiJhdXRvIiwicGFkZGluZyI6ImF1dG8iLCJzdGFydFZlbG9jaXR5IjoiYXV0byIsImZsZXhpYmlsaXR5IjoiYXV0byIsImZsZXhpYmxlQ29ybmVyIjoiYXV0byIsImJlbmRpbmciOiJhdXRvIiwid2lkdGhUZXhlbHMiOiJhdXRvIiwiaGVpZ2h0VGV4ZWxzIjoiYXV0byIsIm1hc3MiOiJhdXRvIiwic2hhcGUiOiJhdXRvIn0sInBhZ2UiOnsid2F2ZSI6ImF1dG8iLCJjb2xvciI6ImF1dG8iLCJzaWRlIjoiYXV0byIsInN0cmV0Y2hJbWFnZXMiOiJhdXRvIiwiZGVwdGgiOiJhdXRvIiwic3RhcnRWZWxvY2l0eSI6ImF1dG8iLCJmbGV4aWJpbGl0eSI6ImF1dG8iLCJmbGV4aWJsZUNvcm5lciI6ImF1dG8iLCJiZW5kaW5nIjoiYXV0byIsIndpZHRoVGV4ZWxzIjoiYXV0byIsImhlaWdodFRleGVscyI6ImF1dG8iLCJtYXNzIjoiYXV0byIsInNoYXBlIjoiYXV0byJ9LCJoZWlnaHQiOiJhdXRvIiwid2lkdGgiOiJhdXRvIiwiZ3Jhdml0eSI6ImF1dG8iLCJwYWdlc0ZvclByZWRpY3RpbmciOiJhdXRvIn0sImNvbnRyb2xQcm9wcyI6eyJhY3Rpb25zIjp7ImNtZFRvYyI6eyJlbmFibGVkIjoiYXV0byIsImVuYWJsZWRJbk5hcnJvdyI6ImF1dG8iLCJhY3RpdmUiOiJhdXRvIiwiZGVmYXVsdFRhYiI6ImF1dG8ifSwiY21kQXV0b1BsYXkiOnsiZW5hYmxlZCI6ImF1dG8iLCJlbmFibGVkSW5OYXJyb3ciOiJhdXRvIiwiYWN0aXZlIjoiYXV0byJ9LCJjbWRTYXZlIjp7ImVuYWJsZWQiOiJhdXRvIiwiZW5hYmxlZEluTmFycm93IjoiYXV0byJ9LCJjbWRQcmludCI6eyJlbmFibGVkIjoiYXV0byIsImVuYWJsZWRJbk5hcnJvdyI6ImF1dG8ifSwiY21kU2luZ2xlUGFnZSI6eyJlbmFibGVkIjoiYXV0byIsImVuYWJsZWRJbk5hcnJvdyI6ImF1dG8iLCJhY3RpdmUiOiJhdXRvIiwiYWN0aXZlRm9yTW9iaWxlIjoiYXV0byJ9LCJ3aWRUb29sYmFyIjp7ImVuYWJsZWQiOiJhdXRvIiwiZW5hYmxlZEluTmFycm93IjoiYXV0byJ9fX0sImF1dG9UaHVtYm5haWwiOiJodHRwczpcL1wvbWFtaW1hamEuc2lcL3dwLWNvbnRlbnRcL3VwbG9hZHNcLzNkLWZsaXAtYm9va1wvYXV0by10aHVtYm5haWxzXC82MjM3LnBuZyIsInBvc3RfbmFtZSI6ImZlYnJ1YXIiLCJwb3N0X3R5cGUiOiIzZC1mbGlwLWJvb2sifX0sInBhZ2VzIjpbXSwiZmlyc3RQYWdlcyI6W119');window.FB3D_CLIENT_LOCALE &#038;& FB3D_CLIENT_LOCALE.render &#038;& FB3D_CLIENT_LOCALE.render();<\/script><\/div>\n<\/div>\n<\/div>\n<\/div>\n<\/div>\n<\/div>\n<\/div>\n<\/div>\n<div class=\"\">\n<div class=\"\"><\/div>\n<\/div>\n<\/div>\n<\/div>\n<\/div>\n<p data-start=\"1075\" data-end=\"1095\">","protected":false},"featured_media":4599,"template":"","meta":{"_seopress_robots_primary_cat":"none","_seopress_titles_title":"","_seopress_titles_desc":"","_seopress_robots_index":""},"product_brand":[],"product_cat":[15],"product_tag":[],"class_list":{"0":"post-5589","1":"product","2":"type-product","3":"status-publish","4":"has-post-thumbnail","6":"product_cat-uncategorized","8":"first","9":"instock","10":"downloadable","11":"virtual","12":"product-type-simple"},"_links":{"self":[{"href":"https:\/\/mamimaja.si\/sl\/wp-json\/wp\/v2\/product\/5589","targetHints":{"allow":["GET"]}}],"collection":[{"href":"https:\/\/mamimaja.si\/sl\/wp-json\/wp\/v2\/product"}],"about":[{"href":"https:\/\/mamimaja.si\/sl\/wp-json\/wp\/v2\/types\/product"}],"version-history":[{"count":22,"href":"https:\/\/mamimaja.si\/sl\/wp-json\/wp\/v2\/product\/5589\/revisions"}],"predecessor-version":[{"id":6303,"href":"https:\/\/mamimaja.si\/sl\/wp-json\/wp\/v2\/product\/5589\/revisions\/6303"}],"wp:featuredmedia":[{"embeddable":true,"href":"https:\/\/mamimaja.si\/sl\/wp-json\/wp\/v2\/media\/4599"}],"wp:attachment":[{"href":"https:\/\/mamimaja.si\/sl\/wp-json\/wp\/v2\/media?parent=5589"}],"wp:term":[{"taxonomy":"product_brand","embeddable":true,"href":"https:\/\/mamimaja.si\/sl\/wp-json\/wp\/v2\/product_brand?post=5589"},{"taxonomy":"product_cat","embeddable":true,"href":"https:\/\/mamimaja.si\/sl\/wp-json\/wp\/v2\/product_cat?post=5589"},{"taxonomy":"product_tag","embeddable":true,"href":"https:\/\/mamimaja.si\/sl\/wp-json\/wp\/v2\/product_tag?post=5589"}],"curies":[{"name":"wp","href":"https:\/\/api.w.org\/{rel}","templated":true}]}}