{"id":6021,"date":"2026-02-19T07:40:31","date_gmt":"2026-02-19T07:40:31","guid":{"rendered":"https:\/\/mamimaja.si\/?post_type=product&#038;p=6021"},"modified":"2026-03-13T16:48:40","modified_gmt":"2026-03-13T16:48:40","slug":"ivf-brez-meja-vse-o-zdravljenju-neplodnosti-na-ceskem","status":"publish","type":"product","link":"https:\/\/mamimaja.si\/sl\/produkt\/ivf-brez-meja-vse-o-zdravljenju-neplodnosti-na-ceskem\/","title":{"rendered":"IVF BREZ MEJA: Vse o zdravljenju neplodnosti na \u010ce\u0161kem"},"content":{"rendered":"<div data-elementor-type=\"wp-post\" data-elementor-id=\"6021\" class=\"elementor elementor-6021\">\n\t\t\t\t<div class=\"elementor-element elementor-element-85fa2c4 e-flex e-con-boxed wpr-particle-no wpr-jarallax-no wpr-parallax-no wpr-sticky-section-no wpr-equal-height-no e-con e-parent\" data-id=\"85fa2c4\" data-element_type=\"container\" data-e-type=\"container\">\n\t\t\t\t\t<div class=\"e-con-inner\">\n\t\t\t\t<div class=\"elementor-element elementor-element-f3a52cd elementor-widget-divider--view-line elementor-widget elementor-widget-divider\" data-id=\"f3a52cd\" data-element_type=\"widget\" data-e-type=\"widget\" data-widget_type=\"divider.default\">\n\t\t\t\t\t\t\t<div class=\"elementor-divider\">\n\t\t\t<span class=\"elementor-divider-separator\">\n\t\t\t\t\t\t<\/span>\n\t\t<\/div>\n\t\t\t\t\t\t<\/div>\n\t\t\t\t<div class=\"elementor-element elementor-element-7aeaed2 elementor-widget-divider--view-line elementor-widget elementor-widget-divider\" data-id=\"7aeaed2\" data-element_type=\"widget\" data-e-type=\"widget\" data-widget_type=\"divider.default\">\n\t\t\t\t\t\t\t<div class=\"elementor-divider\">\n\t\t\t<span class=\"elementor-divider-separator\">\n\t\t\t\t\t\t<\/span>\n\t\t<\/div>\n\t\t\t\t\t\t<\/div>\n\t\t\t\t<div class=\"elementor-element elementor-element-6341151 elementor-widget elementor-widget-text-editor\" data-id=\"6341151\" data-element_type=\"widget\" data-e-type=\"widget\" data-widget_type=\"text-editor.default\">\n\t\t\t\t\t\t\t\t\t<div class=\"wp-block-group alignfull has-global-padding is-layout-constrained wp-container-core-group-is-layout-d3064e12 wp-block-group-is-layout-constrained\"><div class=\"wp-block-columns alignwide are-vertically-aligned-center is-layout-flex wp-container-core-columns-is-layout-1aaf921e wp-block-columns-is-layout-flex\"><div class=\"wp-block-column is-vertically-aligned-center is-layout-flow wp-block-column-is-layout-flow\"><h2 class=\"wp-block-heading alignwide\">IVF BREZ MEJA: Vse o zdravljenju neplodnosti na \u010ce\u0161kem<\/h2><p class=\"has-text-align-justify wp-block-paragraph\">Zdravljenje neplodnosti je lahko izjemno stresno, \u0161e posebej, \u010de se je ponj treba odpraviti v tujino.<\/p><p class=\"has-text-align-justify wp-block-paragraph\">Na tem spletnem seminarju boste izvedeli vse, kar potrebujete za varen, dobro organiziran in premi\u0161ljen za\u010detek IVF zdravljenja na \u010ce\u0161kem, vendar je vsebina primerna tudi za vse, ki se v zdravljenje odpravljate v druge dr\u017eave EU.<\/p><p class=\"has-text-align-justify wp-block-paragraph\">Dogodek je namenjen vsem, ki \u017eelijo bolje razumeti vse mo\u017enosti zdravljenja, ki so jim na voljo, zakonodajo, eti\u010dni vidik, omejitve ter se \u017eelijo u\u010dinkovito pripraviti na zdravljenje v tujini.<\/p><\/div><div class=\"wp-block-column is-vertically-aligned-center is-layout-flow wp-block-column-is-layout-flow\"><figure class=\"wp-block-image size-full has-custom-border\"><img alt=\"\" decoding=\"async\" class=\"wp-image-16213\" src=\"https:\/\/mamimaja.wordpress.com\/wp-content\/uploads\/2026\/02\/c36c7-monuments-prague.jpg\" data-attachment-id=\"16213\" data-permalink=\"https:\/\/mamimaja.wordpress.com\/seminar-ceska-splosno\/monuments-of-prague\/\" data-orig-file=\"https:\/\/mamimaja.wordpress.com\/wp-content\/uploads\/2026\/02\/18cea-monuments-prague.jpg\" data-orig-size=\"5200,3464\" data-comments-opened=\"1\" data-image-meta=\"{&quot;aperture&quot;:&quot;0&quot;,&quot;credit&quot;:&quot;&quot;,&quot;camera&quot;:&quot;&quot;,&quot;caption&quot;:&quot;Monuments of Prague. View of Hradcany with St. Vitus Cathedral and Castle of Prague.&quot;,&quot;created_timestamp&quot;:&quot;0&quot;,&quot;copyright&quot;:&quot;&quot;,&quot;focal_length&quot;:&quot;0&quot;,&quot;iso&quot;:&quot;0&quot;,&quot;shutter_speed&quot;:&quot;0&quot;,&quot;title&quot;:&quot;Monuments of Prague.&quot;,&quot;orientation&quot;:&quot;1&quot;}\" data-image-title=\"Monuments of Prague.\" data-image-description=\"\" data-image-caption=\"&lt;p&gt;Monuments of Prague. View of Hradcany with St. Vitus Cathedral and Castle of Prague.&lt;\/p&gt; \" data-medium-file=\"https:\/\/mamimaja.wordpress.com\/wp-content\/uploads\/2026\/02\/18cea-monuments-prague.jpg?w=300\" data-large-file=\"https:\/\/mamimaja.wordpress.com\/wp-content\/uploads\/2026\/02\/18cea-monuments-prague.jpg?w=5200\" \/><\/figure><\/div><\/div><h2 class=\"wp-block-heading\">\u00a0<\/h2><\/div>\t\t\t\t\t\t\t\t<\/div>\n\t\t\t\t\t<\/div>\n\t\t\t\t<\/div>\n\t\t<div class=\"elementor-element elementor-element-f1d09c2 e-flex e-con-boxed wpr-particle-no wpr-jarallax-no wpr-parallax-no wpr-sticky-section-no wpr-equal-height-no e-con e-parent\" data-id=\"f1d09c2\" data-element_type=\"container\" data-e-type=\"container\">\n\t\t\t\t\t<div class=\"e-con-inner\">\n\t\t<div class=\"elementor-element elementor-element-e5cc80d e-con-full e-flex wpr-particle-no wpr-jarallax-no wpr-parallax-no wpr-sticky-section-no wpr-equal-height-no e-con e-child\" data-id=\"e5cc80d\" data-element_type=\"container\" data-e-type=\"container\">\n\t\t\t\t<div class=\"elementor-element elementor-element-94aaecb elementor-widget elementor-widget-text-editor\" data-id=\"94aaecb\" data-element_type=\"widget\" data-e-type=\"widget\" data-widget_type=\"text-editor.default\">\n\t\t\t\t\t\t\t\t\t<div class=\"wp-block-group alignfull has-global-padding is-layout-constrained wp-container-core-group-is-layout-d3064e12 wp-block-group-is-layout-constrained\"><h2 class=\"wp-block-heading\">Kaj boste izvedeli?<\/h2><p>\u00a0<\/p><p class=\"wp-block-paragraph\"><img decoding=\"async\" class=\"emoji\" role=\"img\" draggable=\"false\" src=\"https:\/\/s0.wp.com\/wp-content\/mu-plugins\/wpcom-smileys\/twemoji\/2\/svg\/2714.svg\" alt=\"\u2714\" \/>\u00a0Katere oblike zdravljenja so na voljo na \u010ce\u0161kem;<br \/><img decoding=\"async\" class=\"emoji\" role=\"img\" draggable=\"false\" src=\"https:\/\/s0.wp.com\/wp-content\/mu-plugins\/wpcom-smileys\/twemoji\/2\/svg\/2714.svg\" alt=\"\u2714\" \/>\u00a0Katere oblike darovanja spolnih celic so dovoljene;<br \/><img decoding=\"async\" class=\"emoji\" role=\"img\" draggable=\"false\" src=\"https:\/\/s0.wp.com\/wp-content\/mu-plugins\/wpcom-smileys\/twemoji\/2\/svg\/2714.svg\" alt=\"\u2714\" \/>\u00a0Zakonodaja in omejitve (istospolni pari, samske \u017eenske, nadomestno materinstvo);<br \/><img decoding=\"async\" class=\"emoji\" role=\"img\" draggable=\"false\" src=\"https:\/\/s0.wp.com\/wp-content\/mu-plugins\/wpcom-smileys\/twemoji\/2\/svg\/2714.svg\" alt=\"\u2714\" \/>\u00a0Katere preiskave in pregledi so obvezni pred za\u010detkom postopka;<br \/><img decoding=\"async\" class=\"emoji\" role=\"img\" draggable=\"false\" src=\"https:\/\/s0.wp.com\/wp-content\/mu-plugins\/wpcom-smileys\/twemoji\/2\/svg\/2714.svg\" alt=\"\u2714\" \/>\u00a0Kako poteka razli\u010dno zdravljenje (lastne spolne celice, darovane, \u201cposvojtev zarodka\u201d) \u2013 korak za korakom;<br \/><img decoding=\"async\" class=\"emoji\" role=\"img\" draggable=\"false\" src=\"https:\/\/s0.wp.com\/wp-content\/mu-plugins\/wpcom-smileys\/twemoji\/2\/svg\/2714.svg\" alt=\"\u2714\" \/>\u00a0Finan\u010dni vidik zdravljenja (cene in kaj vklju\u010dujejo);<br \/><img decoding=\"async\" class=\"emoji\" role=\"img\" draggable=\"false\" src=\"https:\/\/s0.wp.com\/wp-content\/mu-plugins\/wpcom-smileys\/twemoji\/2\/svg\/2714.svg\" alt=\"\u2714\" \/>\u00a0Upravi\u010denost do povra\u010dila stro\u0161kov zdravljenja;<br \/><img decoding=\"async\" class=\"emoji\" role=\"img\" draggable=\"false\" src=\"https:\/\/s0.wp.com\/wp-content\/mu-plugins\/wpcom-smileys\/twemoji\/2\/svg\/2714.svg\" alt=\"\u2714\" \/>\u00a0Organizacija poti, nastanitve, komunikacija;<br \/><img decoding=\"async\" class=\"emoji\" role=\"img\" draggable=\"false\" src=\"https:\/\/s0.wp.com\/wp-content\/mu-plugins\/wpcom-smileys\/twemoji\/2\/svg\/2714.svg\" alt=\"\u2714\" \/>\u00a0Kak\u0161na je moja vloga in kako lahko sami izberete kliniko, ki bo najbolj ustrezna za vas.<\/p><\/div><p class=\"wp-block-paragraph\">\u00a0<\/p>\t\t\t\t\t\t\t\t<\/div>\n\t\t\t\t<\/div>\n\t\t<div class=\"elementor-element elementor-element-345f7e9 e-con-full e-flex wpr-particle-no wpr-jarallax-no wpr-parallax-no wpr-sticky-section-no wpr-equal-height-no e-con e-child\" data-id=\"345f7e9\" data-element_type=\"container\" data-e-type=\"container\">\n\t\t\t\t<div class=\"elementor-element elementor-element-0fc0d56 elementor-widget elementor-widget-text-editor\" data-id=\"0fc0d56\" data-element_type=\"widget\" data-e-type=\"widget\" data-widget_type=\"text-editor.default\">\n\t\t\t\t\t\t\t\t\t<h2 class=\"wp-block-heading\">Komu je seminar namenjen?<\/h2><h4>\u00a0<\/h4><h4 class=\"wp-block-paragraph\"><strong>Ta dogodek je za vas, \u010de:<\/strong><\/h4><p>\u00a0<\/p><p class=\"wp-block-paragraph\"><img decoding=\"async\" class=\"emoji\" role=\"img\" draggable=\"false\" src=\"https:\/\/s0.wp.com\/wp-content\/mu-plugins\/wpcom-smileys\/twemoji\/2\/svg\/2714.svg\" alt=\"\u2714\" \/>\u00a0razmi\u0161ljate o zdravljenju v tujini z lastnimi ali darovanimi spolnimi celicami<\/p><p class=\"wp-block-paragraph\"><img decoding=\"async\" class=\"emoji\" role=\"img\" draggable=\"false\" src=\"https:\/\/s0.wp.com\/wp-content\/mu-plugins\/wpcom-smileys\/twemoji\/2\/svg\/2714.svg\" alt=\"\u2714\" \/>\u00a0i\u0161\u010dete re\u0161itve zaradi (pre)dolgih \u010dakalnih dob ali pomanjkanja mo\u017enosti v Sloveniji<\/p><p class=\"wp-block-paragraph\"><img decoding=\"async\" class=\"emoji\" role=\"img\" draggable=\"false\" src=\"https:\/\/s0.wp.com\/wp-content\/mu-plugins\/wpcom-smileys\/twemoji\/2\/svg\/2714.svg\" alt=\"\u2714\" \/>\u00a0\u017eelite jasne in preverjene informacije brez pritiskov<\/p><p class=\"wp-block-paragraph\"><img decoding=\"async\" class=\"emoji\" role=\"img\" draggable=\"false\" src=\"https:\/\/s0.wp.com\/wp-content\/mu-plugins\/wpcom-smileys\/twemoji\/2\/svg\/2714.svg\" alt=\"\u2714\" \/>\u00a0\u017eelite razumeti vse vidike zdravljenja, preden sprejmete pomembne odlo\u010ditve<\/p>\t\t\t\t\t\t\t\t<\/div>\n\t\t\t\t<\/div>\n\t\t\t\t\t<\/div>\n\t\t\t\t<\/div>\n\t\t<div class=\"elementor-element elementor-element-a6977be e-flex e-con-boxed wpr-particle-no wpr-jarallax-no wpr-parallax-no wpr-sticky-section-no wpr-equal-height-no e-con e-parent\" data-id=\"a6977be\" data-element_type=\"container\" data-e-type=\"container\">\n\t\t\t\t\t<div class=\"e-con-inner\">\n\t\t\t\t<div class=\"elementor-element elementor-element-2b58d7b elementor-widget elementor-widget-text-editor\" data-id=\"2b58d7b\" data-element_type=\"widget\" data-e-type=\"widget\" data-widget_type=\"text-editor.default\">\n\t\t\t\t\t\t\t\t\t<div class=\"wp-block-group alignfull has-global-padding is-layout-constrained wp-container-core-group-is-layout-d3064e12 wp-block-group-is-layout-constrained\">\n<h2 class=\"wp-block-heading\"><br><\/h2><\/div>\n<h2 class=\"wp-block-heading\">O meni<\/h2>\n<p class=\"has-text-align-justify wp-block-paragraph\">Sem diplomirana medicinska sestra s skoraj 10 let izku\u0161enj na podro\u010dju zdravljenja neplodnosti. V tem \u010dasu sem spremljala \u0161tevilne pare na njihovi poti do star\u0161evstva in jim pomagala razumeti postopke ter sprejeti najbolj\u0161e odlo\u010ditve glede zdravljenja.<\/p>\n<p class=\"has-text-align-justify wp-block-paragraph\">Kot IVF koordinatorka sodelujem z vodilno IVF kliniko na \u010ce\u0161kem, kjer dnevno povezujem strokovno znanje z osebnim pristopom. Moje delo vklju\u010duje individualno svetovanje, usklajevanje postopkov zdravljenja v tujini ter podporo parom v vseh fazah poti \u2013 od prvih vpra\u0161anj do uspe\u0161nega zaklju\u010dka.<\/p>\n<p class=\"has-text-align-justify wp-block-paragraph\">Pri svojem delu mi je najpomembnej\u0161e, da prejmete to\u010dne, jasne in zanesljive informacije, ki vam bodo pomagale razumeti mo\u017enosti, ki jih imate na voljo. Verjamem v mo\u010d znanja in v to, da je vsak par vreden iskrene, strokovne in empati\u010dne podpore.<\/p>\n<h2 class=\"wp-block-heading has-primary-color has-text-color has-link-color wp-elements-a3d3a068d7ef3082c07e165a5fbdb525\">Kaj prejmete z nakupom?<\/h2>\n<p class=\"wp-block-paragraph\">Potrebno je enkratno pla\u010dilo v znesku&nbsp;<strong>15.99 \u20ac<\/strong>&nbsp;s katerim prejmete:<\/p>\n<p class=\"wp-block-paragraph\"><img decoding=\"async\" class=\"emoji\" role=\"img\" draggable=\"false\" src=\"https:\/\/s0.wp.com\/wp-content\/mu-plugins\/wpcom-smileys\/twemoji\/2\/svg\/1f5d3.svg\" alt=\"\ud83d\uddd3\ufe0f\">&nbsp;Dostop do&nbsp;<strong>1-urnega<\/strong>&nbsp;posnetka spletnega seminarja (PP predstavitev + predavanje).<\/p>\n<p class=\"wp-block-paragraph\"><img decoding=\"async\" class=\"emoji\" role=\"img\" draggable=\"false\" src=\"https:\/\/s0.wp.com\/wp-content\/mu-plugins\/wpcom-smileys\/twemoji\/2\/svg\/1f381.svg\" alt=\"\ud83c\udf81\">&nbsp;<strong>PDF dokument<\/strong>:&nbsp;<em>\u201cIVF na \u010ce\u0161kem \u2013 va\u0161 vodi\u010d do prave odlo\u010ditve<\/em>\u201c.<\/p>\n<p class=\"wp-block-paragraph\"><strong>Dostop do obojega dobite po izvedbi pla\u010dila, na va\u0161 elektronski naslov.<\/strong><\/p>\t\t\t\t\t\t\t\t<\/div>\n\t\t\t\t\t<\/div>\n\t\t\t\t<\/div>\n\t\t\t\t<\/div>","protected":false},"excerpt":{"rendered":"<h2 class=\"wp-block-heading\">Kaj boste izvedeli?<\/h2>\n<p class=\"wp-block-paragraph\"><img decoding=\"async\" class=\"emoji\" role=\"img\" draggable=\"false\" src=\"https:\/\/s0.wp.com\/wp-content\/mu-plugins\/wpcom-smileys\/twemoji\/2\/svg\/2714.svg\" alt=\"\u2714\" \/>\u00a0Katere oblike zdravljenja so na voljo na \u010ce\u0161kem;<br \/>\n<img decoding=\"async\" class=\"emoji\" role=\"img\" draggable=\"false\" src=\"https:\/\/s0.wp.com\/wp-content\/mu-plugins\/wpcom-smileys\/twemoji\/2\/svg\/2714.svg\" alt=\"\u2714\" \/>\u00a0Katere oblike darovanja spolnih celic so dovoljene;<br \/>\n<img decoding=\"async\" class=\"emoji\" role=\"img\" draggable=\"false\" src=\"https:\/\/s0.wp.com\/wp-content\/mu-plugins\/wpcom-smileys\/twemoji\/2\/svg\/2714.svg\" alt=\"\u2714\" \/>\u00a0Zakonodaja in omejitve (istospolni pari, samske \u017eenske, nadomestno materinstvo);<br \/>\n<img decoding=\"async\" class=\"emoji\" role=\"img\" draggable=\"false\" src=\"https:\/\/s0.wp.com\/wp-content\/mu-plugins\/wpcom-smileys\/twemoji\/2\/svg\/2714.svg\" alt=\"\u2714\" \/>\u00a0Katere preiskave in pregledi so obvezni pred za\u010detkom postopka;<br \/>\n<img decoding=\"async\" class=\"emoji\" role=\"img\" draggable=\"false\" src=\"https:\/\/s0.wp.com\/wp-content\/mu-plugins\/wpcom-smileys\/twemoji\/2\/svg\/2714.svg\" alt=\"\u2714\" \/>\u00a0Kako poteka razli\u010dno zdravljenje (lastne spolne celice, darovane, \u201cposvojtev zarodka\u201d) \u2013 korak za korakom;<br \/>\n<img decoding=\"async\" class=\"emoji\" role=\"img\" draggable=\"false\" src=\"https:\/\/s0.wp.com\/wp-content\/mu-plugins\/wpcom-smileys\/twemoji\/2\/svg\/2714.svg\" alt=\"\u2714\" \/>\u00a0Finan\u010dni vidik zdravljenja (cene in kaj vklju\u010dujejo);<br \/>\n<img decoding=\"async\" class=\"emoji\" role=\"img\" draggable=\"false\" src=\"https:\/\/s0.wp.com\/wp-content\/mu-plugins\/wpcom-smileys\/twemoji\/2\/svg\/2714.svg\" alt=\"\u2714\" \/>\u00a0Upravi\u010denost do povra\u010dila stro\u0161kov zdravljenja;<br \/>\n<img decoding=\"async\" class=\"emoji\" role=\"img\" draggable=\"false\" src=\"https:\/\/s0.wp.com\/wp-content\/mu-plugins\/wpcom-smileys\/twemoji\/2\/svg\/2714.svg\" alt=\"\u2714\" \/>\u00a0Organizacija poti, nastanitve, komunikacija;<br \/>\n<img decoding=\"async\" class=\"emoji\" role=\"img\" draggable=\"false\" src=\"https:\/\/s0.wp.com\/wp-content\/mu-plugins\/wpcom-smileys\/twemoji\/2\/svg\/2714.svg\" alt=\"\u2714\" \/>\u00a0Kak\u0161na je moja vloga in kako lahko sami izberete kliniko, ki bo najbolj ustrezna za vas.<\/p>","protected":false},"featured_media":6031,"template":"","meta":{"_seopress_robots_primary_cat":"none","_seopress_titles_title":"","_seopress_titles_desc":"","_seopress_robots_index":""},"product_brand":[],"product_cat":[15],"product_tag":[],"class_list":{"0":"post-6021","1":"product","2":"type-product","3":"status-publish","4":"has-post-thumbnail","6":"product_cat-uncategorized","8":"first","9":"instock","10":"downloadable","11":"virtual","12":"purchasable","13":"product-type-simple"},"_links":{"self":[{"href":"https:\/\/mamimaja.si\/sl\/wp-json\/wp\/v2\/product\/6021","targetHints":{"allow":["GET"]}}],"collection":[{"href":"https:\/\/mamimaja.si\/sl\/wp-json\/wp\/v2\/product"}],"about":[{"href":"https:\/\/mamimaja.si\/sl\/wp-json\/wp\/v2\/types\/product"}],"version-history":[{"count":26,"href":"https:\/\/mamimaja.si\/sl\/wp-json\/wp\/v2\/product\/6021\/revisions"}],"predecessor-version":[{"id":6119,"href":"https:\/\/mamimaja.si\/sl\/wp-json\/wp\/v2\/product\/6021\/revisions\/6119"}],"wp:featuredmedia":[{"embeddable":true,"href":"https:\/\/mamimaja.si\/sl\/wp-json\/wp\/v2\/media\/6031"}],"wp:attachment":[{"href":"https:\/\/mamimaja.si\/sl\/wp-json\/wp\/v2\/media?parent=6021"}],"wp:term":[{"taxonomy":"product_brand","embeddable":true,"href":"https:\/\/mamimaja.si\/sl\/wp-json\/wp\/v2\/product_brand?post=6021"},{"taxonomy":"product_cat","embeddable":true,"href":"https:\/\/mamimaja.si\/sl\/wp-json\/wp\/v2\/product_cat?post=6021"},{"taxonomy":"product_tag","embeddable":true,"href":"https:\/\/mamimaja.si\/sl\/wp-json\/wp\/v2\/product_tag?post=6021"}],"curies":[{"name":"wp","href":"https:\/\/api.w.org\/{rel}","templated":true}]}}