{"id":6050,"date":"2026-02-19T08:38:02","date_gmt":"2026-02-19T08:38:02","guid":{"rendered":"https:\/\/mamimaja.si\/?post_type=product&#038;p=6050"},"modified":"2026-02-25T09:20:21","modified_gmt":"2026-02-25T09:20:21","slug":"ko-ivf-ne-uspe-vzroki-in-vloga-specialisticnih-preiskav","status":"publish","type":"product","link":"https:\/\/mamimaja.si\/sl\/produkt\/ko-ivf-ne-uspe-vzroki-in-vloga-specialisticnih-preiskav\/","title":{"rendered":"KO IVF NE USPE: Vzroki in vloga specialisti\u010dnih preiskav"},"content":{"rendered":"<div data-elementor-type=\"wp-post\" data-elementor-id=\"6050\" class=\"elementor elementor-6050\">\n\t\t\t\t<div class=\"elementor-element elementor-element-85fa2c4 e-flex e-con-boxed wpr-particle-no wpr-jarallax-no wpr-parallax-no wpr-sticky-section-no wpr-equal-height-no e-con e-parent\" data-id=\"85fa2c4\" data-element_type=\"container\" data-e-type=\"container\">\n\t\t\t\t\t<div class=\"e-con-inner\">\n\t\t\t\t<div class=\"elementor-element elementor-element-f3a52cd elementor-widget-divider--view-line elementor-widget elementor-widget-divider\" data-id=\"f3a52cd\" data-element_type=\"widget\" data-e-type=\"widget\" data-widget_type=\"divider.default\">\n\t\t\t\t\t\t\t<div class=\"elementor-divider\">\n\t\t\t<span class=\"elementor-divider-separator\">\n\t\t\t\t\t\t<\/span>\n\t\t<\/div>\n\t\t\t\t\t\t<\/div>\n\t\t\t\t<div class=\"elementor-element elementor-element-7aeaed2 elementor-widget-divider--view-line elementor-widget elementor-widget-divider\" data-id=\"7aeaed2\" data-element_type=\"widget\" data-e-type=\"widget\" data-widget_type=\"divider.default\">\n\t\t\t\t\t\t\t<div class=\"elementor-divider\">\n\t\t\t<span class=\"elementor-divider-separator\">\n\t\t\t\t\t\t<\/span>\n\t\t<\/div>\n\t\t\t\t\t\t<\/div>\n\t\t\t\t<div class=\"elementor-element elementor-element-6341151 elementor-widget elementor-widget-text-editor\" data-id=\"6341151\" data-element_type=\"widget\" data-e-type=\"widget\" data-widget_type=\"text-editor.default\">\n\t\t\t\t\t\t\t\t\t<div class=\"wp-block-columns alignwide are-vertically-aligned-center is-layout-flex wp-container-core-columns-is-layout-1aaf921e wp-block-columns-is-layout-flex\"><div class=\"wp-block-column is-vertically-aligned-center is-layout-flow wp-block-column-is-layout-flow\"><h2 class=\"wp-block-heading alignwide\">KO IVF NE USPE: Vzroki in vloga specialisti\u010dnih preiskav<\/h2><p class=\"has-text-align-justify wp-block-paragraph\">Zdravljenje z IVF je za mnoge pare naporno in \u010dustveno zahtevno. Najve\u010dja frustracija pa nastopi, ko tudi po ve\u010d poskusih ne pride do \u017eelenega uspeha, brez o\u010ditnega razloga, brez jasnih ovir. In tu najve\u010dkrat nastopi vpra\u0161anje: Ali smo res preverili vse?<\/p><p class=\"has-text-align-justify wp-block-paragraph\">S tem seminarjem \u017eelim parom in posameznikom pribli\u017eati vse klju\u010dne dodatne preiskave, ki lahko pomagajo osvetliti skrite vzroke neuspeha. Poglobili se bomo v genetske, imunske, endometrijske in hormonske dejavnike ter razlo\u017eili, kaj posamezna preiskava poka\u017ee, kdaj je smiselna in kako rezultati vplivajo na nadaljnje zdravljenje.<\/p><p class=\"has-text-align-justify wp-block-paragraph\">Cilj seminarja je, da boste bolje razumeli svojo situacijo, znali postavljati prava vpra\u0161anja zdravnikom in se opremili z znanjem, ki vam bo pomagalo sprejemati premi\u0161ljene odlo\u010ditve. Seminar ni namenjen iskanju te\u017eav tam, kjer jih ni, ampak odgovornemu iskanju re\u0161itev za tiste, ki so se z neuspehom soo\u010dili \u017ee (pre)ve\u010dkrat.<\/p><\/div><div class=\"wp-block-column is-vertically-aligned-center is-layout-flow wp-block-column-is-layout-flow\"><figure class=\"wp-block-image size-full has-custom-border\"><img alt=\"\" decoding=\"async\" class=\"wp-image-16378\" src=\"https:\/\/mamimaja.wordpress.com\/wp-content\/uploads\/2026\/02\/82a50-medical-banner-with-doctor-holding-vial-1.jpg\" data-attachment-id=\"16378\" data-permalink=\"https:\/\/mamimaja.wordpress.com\/spletni-seminar-preiskave\/medical-banner-with-doctor-holding-vial-2\/\" data-orig-file=\"https:\/\/mamimaja.wordpress.com\/wp-content\/uploads\/2026\/02\/3004a-medical-banner-with-doctor-holding-vial-1.jpg\" data-orig-size=\"4697,4024\" data-comments-opened=\"1\" data-image-meta=\"{&quot;aperture&quot;:&quot;0&quot;,&quot;credit&quot;:&quot;&quot;,&quot;camera&quot;:&quot;&quot;,&quot;caption&quot;:&quot;&quot;,&quot;created_timestamp&quot;:&quot;0&quot;,&quot;copyright&quot;:&quot;&quot;,&quot;focal_length&quot;:&quot;0&quot;,&quot;iso&quot;:&quot;0&quot;,&quot;shutter_speed&quot;:&quot;0&quot;,&quot;title&quot;:&quot;&quot;,&quot;orientation&quot;:&quot;0&quot;}\" data-image-title=\"medical-banner-with-doctor-holding-vial\" data-image-description=\"\" data-image-caption=\"\" data-medium-file=\"https:\/\/mamimaja.wordpress.com\/wp-content\/uploads\/2026\/02\/3004a-medical-banner-with-doctor-holding-vial-1.jpg?w=300\" data-large-file=\"https:\/\/mamimaja.wordpress.com\/wp-content\/uploads\/2026\/02\/3004a-medical-banner-with-doctor-holding-vial-1.jpg?w=4697\" \/><\/figure><\/div><\/div>\t\t\t\t\t\t\t\t<\/div>\n\t\t\t\t\t<\/div>\n\t\t\t\t<\/div>\n\t\t<div class=\"elementor-element elementor-element-b2217b4 e-flex e-con-boxed wpr-particle-no wpr-jarallax-no wpr-parallax-no wpr-sticky-section-no wpr-equal-height-no e-con e-parent\" data-id=\"b2217b4\" data-element_type=\"container\" data-e-type=\"container\">\n\t\t\t\t\t<div class=\"e-con-inner\">\n\t\t<div class=\"elementor-element elementor-element-6322423 e-con-full e-flex wpr-particle-no wpr-jarallax-no wpr-parallax-no wpr-sticky-section-no wpr-equal-height-no e-con e-child\" data-id=\"6322423\" data-element_type=\"container\" data-e-type=\"container\">\n\t\t\t\t<div class=\"elementor-element elementor-element-1782fae elementor-widget elementor-widget-text-editor\" data-id=\"1782fae\" data-element_type=\"widget\" data-e-type=\"widget\" data-widget_type=\"text-editor.default\">\n\t\t\t\t\t\t\t\t\t<h2 class=\"wp-block-heading\">Kaj boste izvedeli?<\/h2><p class=\"wp-block-paragraph\"><img decoding=\"async\" class=\"emoji\" role=\"img\" draggable=\"false\" src=\"https:\/\/s0.wp.com\/wp-content\/mu-plugins\/wpcom-smileys\/twemoji\/2\/svg\/2714.svg\" alt=\"\u2714\" \/>\u00a0Katere dodatne preiskave obstajajo pri zdravljenju z IVF in kdaj jih je smiselno opraviti;<\/p><p class=\"wp-block-paragraph\"><img decoding=\"async\" class=\"emoji\" role=\"img\" draggable=\"false\" src=\"https:\/\/s0.wp.com\/wp-content\/mu-plugins\/wpcom-smileys\/twemoji\/2\/svg\/2714.svg\" alt=\"\u2714\" \/>\u00a0Pomen genetskih testov (kariotip, CFTR, Y-delecije, ipd.) pri ponavljajo\u010dih neuspehih;<\/p><p class=\"wp-block-paragraph\"><img decoding=\"async\" class=\"emoji\" role=\"img\" draggable=\"false\" src=\"https:\/\/s0.wp.com\/wp-content\/mu-plugins\/wpcom-smileys\/twemoji\/2\/svg\/2714.svg\" alt=\"\u2714\" \/>\u00a0Kako vplivajo trombofilije, antifosfolipidni sindrom in avtoimune bolezni na implantacijo zarodka;<\/p><p class=\"wp-block-paragraph\"><img decoding=\"async\" class=\"emoji\" role=\"img\" draggable=\"false\" src=\"https:\/\/s0.wp.com\/wp-content\/mu-plugins\/wpcom-smileys\/twemoji\/2\/svg\/2714.svg\" alt=\"\u2714\" \/>\u00a0Vse o testiranju endometrija: EMMA, ERA, ALICE in klasi\u010dna biopsija endometrija;<\/p><p class=\"wp-block-paragraph\"><img decoding=\"async\" class=\"emoji\" role=\"img\" draggable=\"false\" src=\"https:\/\/s0.wp.com\/wp-content\/mu-plugins\/wpcom-smileys\/twemoji\/2\/svg\/2714.svg\" alt=\"\u2714\" \/>\u00a0Hormonske in endokrinolo\u0161ke motnje, ki lahko vplivajo na zanositev in uspeh IVF;<\/p><p class=\"wp-block-paragraph\"><img decoding=\"async\" class=\"emoji\" role=\"img\" draggable=\"false\" src=\"https:\/\/s0.wp.com\/wp-content\/mu-plugins\/wpcom-smileys\/twemoji\/2\/svg\/2714.svg\" alt=\"\u2714\" \/>\u00a0Kdaj je smiselna histeroskopska, laparoskopska diagnostika, mikrobiolo\u0161ki testi;<\/p><p class=\"wp-block-paragraph\"><img decoding=\"async\" class=\"emoji\" role=\"img\" draggable=\"false\" src=\"https:\/\/s0.wp.com\/wp-content\/mu-plugins\/wpcom-smileys\/twemoji\/2\/svg\/2714.svg\" alt=\"\u2714\" \/>\u00a0Zakaj te preiskave niso del rutinske obravnave in kako razumeti odlo\u010danje zdravnikov.<\/p><div class=\"wp-block-spacer\" aria-hidden=\"true\">\u00a0<\/div><div class=\"wp-block-spacer\" aria-hidden=\"true\">\u00a0<\/div>\t\t\t\t\t\t\t\t<\/div>\n\t\t\t\t<\/div>\n\t\t<div class=\"elementor-element elementor-element-921379e e-con-full e-flex wpr-particle-no wpr-jarallax-no wpr-parallax-no wpr-sticky-section-no wpr-equal-height-no e-con e-child\" data-id=\"921379e\" data-element_type=\"container\" data-e-type=\"container\">\n\t\t\t\t<div class=\"elementor-element elementor-element-652633d elementor-widget elementor-widget-text-editor\" data-id=\"652633d\" data-element_type=\"widget\" data-e-type=\"widget\" data-widget_type=\"text-editor.default\">\n\t\t\t\t\t\t\t\t\t<h2 class=\"wp-block-heading\">Komu je seminar namenjen?<\/h2><p class=\"wp-block-paragraph\"><img decoding=\"async\" class=\"emoji\" role=\"img\" draggable=\"false\" src=\"https:\/\/s0.wp.com\/wp-content\/mu-plugins\/wpcom-smileys\/twemoji\/2\/svg\/2714.svg\" alt=\"\u2714\" \/>\u00a0Posameznikom in parom z ve\u010d neuspe\u0161nimi IVF postopki ali izgubami nose\u010dnosti.<\/p><p class=\"wp-block-paragraph\"><img decoding=\"async\" class=\"emoji\" role=\"img\" draggable=\"false\" src=\"https:\/\/s0.wp.com\/wp-content\/mu-plugins\/wpcom-smileys\/twemoji\/2\/svg\/2714.svg\" alt=\"\u2714\" \/>\u00a0Tistim, ki razmi\u0161ljajo o nadaljnjih specialisti\u010dnih preiskavah.<\/p><p class=\"wp-block-paragraph\"><img decoding=\"async\" class=\"emoji\" role=\"img\" draggable=\"false\" src=\"https:\/\/s0.wp.com\/wp-content\/mu-plugins\/wpcom-smileys\/twemoji\/2\/svg\/2714.svg\" alt=\"\u2714\" \/>\u00a0Vsem, ki \u017eelijo bolje razumeti morebitne vzroke za neuspe\u0161no zanositev.<\/p><div class=\"wp-block-spacer\" aria-hidden=\"true\">\u00a0<\/div>\t\t\t\t\t\t\t\t<\/div>\n\t\t\t\t<\/div>\n\t\t\t\t\t<\/div>\n\t\t\t\t<\/div>\n\t\t<div class=\"elementor-element elementor-element-437269e e-flex e-con-boxed wpr-particle-no wpr-jarallax-no wpr-parallax-no wpr-sticky-section-no wpr-equal-height-no e-con e-parent\" data-id=\"437269e\" data-element_type=\"container\" data-e-type=\"container\">\n\t\t\t\t\t<div class=\"e-con-inner\">\n\t\t\t\t<div class=\"elementor-element elementor-element-414f847 elementor-widget elementor-widget-text-editor\" data-id=\"414f847\" data-element_type=\"widget\" data-e-type=\"widget\" data-widget_type=\"text-editor.default\">\n\t\t\t\t\t\t\t\t\t<h2 class=\"wp-block-heading\">O meni<\/h2><p class=\"has-text-align-justify wp-block-paragraph\">Sem diplomirana medicinska sestra s skoraj 10 let izku\u0161enj na podro\u010dju zdravljenja neplodnosti. V tem \u010dasu sem spremljala \u0161tevilne pare na njihovi poti do star\u0161evstva in jim pomagala razumeti postopke ter sprejeti najbolj\u0161e odlo\u010ditve glede zdravljenja.<\/p><p class=\"has-text-align-justify wp-block-paragraph\">Kot IVF koordinatorka sodelujem z vodilno IVF kliniko na \u010ce\u0161kem, kjer dnevno povezujem strokovno znanje z osebnim pristopom. Moje delo vklju\u010duje individualno svetovanje, usklajevanje postopkov zdravljenja v tujini ter podporo parom v vseh fazah poti \u2013 od prvih vpra\u0161anj do uspe\u0161nega zaklju\u010dka.<\/p><p class=\"has-text-align-justify wp-block-paragraph\">Pri svojem delu mi je najpomembnej\u0161e, da prejmete to\u010dne, jasne in zanesljive informacije, ki vam bodo pomagale razumeti mo\u017enosti, ki jih imate na voljo. Verjamem v mo\u010d znanja in v to, da je vsak par vreden iskrene, strokovne in empati\u010dne podpore.<\/p><p>s nec ullamcorper mattis, pulvinar dapibus leo.<\/p>\t\t\t\t\t\t\t\t<\/div>\n\t\t\t\t\t<\/div>\n\t\t\t\t<\/div>\n\t\t\t\t<\/div>","protected":false},"excerpt":{"rendered":"<h2 class=\"wp-block-heading has-primary-color has-text-color has-link-color wp-elements-dffa228bea92a4a6e73889c54c4044b9\">Kaj prejmete z registracijo?<\/h2>\n<p class=\"wp-block-paragraph\"><img decoding=\"async\" class=\"emoji\" role=\"img\" draggable=\"false\" src=\"https:\/\/s0.wp.com\/wp-content\/mu-plugins\/wpcom-smileys\/twemoji\/2\/svg\/2705.svg\" alt=\"\u2705\" \/>\u00a0Posnetek seminarja (ogled za 7 dni).<\/p>\n<p class=\"wp-block-paragraph\"><img decoding=\"async\" class=\"emoji\" role=\"img\" draggable=\"false\" src=\"https:\/\/s0.wp.com\/wp-content\/mu-plugins\/wpcom-smileys\/twemoji\/2\/svg\/2705.svg\" alt=\"\u2705\" \/>\u00a0PDF-vodi\u010d z razlago vseh omenjenih preiskav.<\/p>\n<p class=\"wp-block-paragraph\"><img decoding=\"async\" class=\"emoji\" role=\"img\" draggable=\"false\" src=\"https:\/\/s0.wp.com\/wp-content\/mu-plugins\/wpcom-smileys\/twemoji\/2\/svg\/2705.svg\" alt=\"\u2705\" \/>\u00a0Seznam vpra\u0161anj, ki jih lahko zastavite svojemu zdravniku.<\/p>","protected":false},"featured_media":6056,"template":"","meta":{"_seopress_robots_primary_cat":"none","_seopress_titles_title":"","_seopress_titles_desc":"","_seopress_robots_index":""},"product_brand":[],"product_cat":[15],"product_tag":[],"class_list":{"0":"post-6050","1":"product","2":"type-product","3":"status-publish","4":"has-post-thumbnail","6":"product_cat-uncategorized","8":"first","9":"instock","10":"downloadable","11":"virtual","12":"purchasable","13":"product-type-simple"},"_links":{"self":[{"href":"https:\/\/mamimaja.si\/sl\/wp-json\/wp\/v2\/product\/6050","targetHints":{"allow":["GET"]}}],"collection":[{"href":"https:\/\/mamimaja.si\/sl\/wp-json\/wp\/v2\/product"}],"about":[{"href":"https:\/\/mamimaja.si\/sl\/wp-json\/wp\/v2\/types\/product"}],"version-history":[{"count":8,"href":"https:\/\/mamimaja.si\/sl\/wp-json\/wp\/v2\/product\/6050\/revisions"}],"predecessor-version":[{"id":6111,"href":"https:\/\/mamimaja.si\/sl\/wp-json\/wp\/v2\/product\/6050\/revisions\/6111"}],"wp:featuredmedia":[{"embeddable":true,"href":"https:\/\/mamimaja.si\/sl\/wp-json\/wp\/v2\/media\/6056"}],"wp:attachment":[{"href":"https:\/\/mamimaja.si\/sl\/wp-json\/wp\/v2\/media?parent=6050"}],"wp:term":[{"taxonomy":"product_brand","embeddable":true,"href":"https:\/\/mamimaja.si\/sl\/wp-json\/wp\/v2\/product_brand?post=6050"},{"taxonomy":"product_cat","embeddable":true,"href":"https:\/\/mamimaja.si\/sl\/wp-json\/wp\/v2\/product_cat?post=6050"},{"taxonomy":"product_tag","embeddable":true,"href":"https:\/\/mamimaja.si\/sl\/wp-json\/wp\/v2\/product_tag?post=6050"}],"curies":[{"name":"wp","href":"https:\/\/api.w.org\/{rel}","templated":true}]}}