{"id":6059,"date":"2026-02-19T09:12:46","date_gmt":"2026-02-19T09:12:46","guid":{"rendered":"https:\/\/mamimaja.si\/?post_type=product&#038;p=6059"},"modified":"2026-03-13T18:02:27","modified_gmt":"2026-03-13T18:02:27","slug":"spletna-delavnica-tehnike-cujecnosti","status":"publish","type":"product","link":"https:\/\/mamimaja.si\/sl\/produkt\/spletna-delavnica-tehnike-cujecnosti\/","title":{"rendered":"Spletna delavnica: TEHNIKE \u010cUJE\u010cNOSTI"},"content":{"rendered":"<div data-elementor-type=\"wp-post\" data-elementor-id=\"6059\" class=\"elementor elementor-6059\">\n\t\t\t\t<div class=\"elementor-element elementor-element-85fa2c4 e-flex e-con-boxed wpr-particle-no wpr-jarallax-no wpr-parallax-no wpr-sticky-section-no wpr-equal-height-no e-con e-parent\" data-id=\"85fa2c4\" data-element_type=\"container\" data-e-type=\"container\">\n\t\t\t\t\t<div class=\"e-con-inner\">\n\t\t\t\t<div class=\"elementor-element elementor-element-f3a52cd elementor-widget-divider--view-line elementor-widget elementor-widget-divider\" data-id=\"f3a52cd\" data-element_type=\"widget\" data-e-type=\"widget\" data-widget_type=\"divider.default\">\n\t\t\t\t\t\t\t<div class=\"elementor-divider\">\n\t\t\t<span class=\"elementor-divider-separator\">\n\t\t\t\t\t\t<\/span>\n\t\t<\/div>\n\t\t\t\t\t\t<\/div>\n\t\t\t\t<div class=\"elementor-element elementor-element-7aeaed2 elementor-widget-divider--view-line elementor-widget elementor-widget-divider\" data-id=\"7aeaed2\" data-element_type=\"widget\" data-e-type=\"widget\" data-widget_type=\"divider.default\">\n\t\t\t\t\t\t\t<div class=\"elementor-divider\">\n\t\t\t<span class=\"elementor-divider-separator\">\n\t\t\t\t\t\t<\/span>\n\t\t<\/div>\n\t\t\t\t\t\t<\/div>\n\t\t\t\t<div class=\"elementor-element elementor-element-6341151 elementor-widget elementor-widget-text-editor\" data-id=\"6341151\" data-element_type=\"widget\" data-e-type=\"widget\" data-widget_type=\"text-editor.default\">\n\t\t\t\t\t\t\t\t\t<div class=\"wp-block-group alignfull has-global-padding is-layout-constrained wp-container-core-group-is-layout-e220c6fd wp-block-group-is-layout-constrained\"><div class=\"wp-block-columns alignwide are-vertically-aligned-center is-layout-flex wp-container-core-columns-is-layout-cbe57604 wp-block-columns-is-layout-flex\"><div class=\"wp-block-column is-vertically-aligned-center is-layout-flow wp-block-column-is-layout-flow\"><div class=\"wp-block-group alignfull has-global-padding is-layout-constrained wp-container-core-group-is-layout-e220c6fd wp-block-group-is-layout-constrained\"><div class=\"wp-block-columns alignwide are-vertically-aligned-center is-layout-flex wp-container-core-columns-is-layout-cbe57604 wp-block-columns-is-layout-flex\"><div class=\"wp-block-column is-vertically-aligned-center is-layout-flow wp-block-column-is-layout-flow\"><h2 class=\"wp-block-heading alignwide\">V\u010dasih je najte\u017eje biti v svojem telesu, s svojimi mislimi.<\/h2><p class=\"has-text-align-justify\">\u010ce si se zna\u0161la na tej strani, potem morda pozna\u0161 ob\u010dutek \u010dakanja. \u010cakanja na novico, dobro ali malo manj dobro, \u010dakanje na dve \u010drtici, ki kar ne prideta, \u010dakanje na \u017eivljenje, ki si ga tako \u017eeli\u0161, pa ga ni.<\/p><p><strong>In v vsem tem\u2026 kje si ti?<\/strong><\/p><p class=\"has-text-align-justify\">Ta delavnica ni \u0161e ena stvar na tvojem seznamu. Je ne\u017een prostor, ki te ni\u010d ne sili in ni\u010d ne popravlja. Namenjena je le tebi \u2013 tvoji ti\u0161ini, tvoji bole\u010dini, tvoji ne\u017enosti. V njej bomo raziskovale, kako se lahko s pomo\u010djo \u010duje\u010dnosti za trenutek ustavi\u0161, prisluhne\u0161 svojemu telesu in za\u010duti\u0161 svoja \u010dustva \u2013 ne da bi jih morala potisniti stran ali upravi\u010devati.<\/p><p>Ker si zaslu\u017ei\u0161, da v tem, kar do\u017eivlja\u0161, nisi ne sama in ne izgubljena.<\/p><\/div><div class=\"wp-block-column is-vertically-aligned-center is-layout-flow wp-block-column-is-layout-flow\"><figure class=\"wp-block-image size-full has-custom-border\"><img alt=\"\" fetchpriority=\"high\" decoding=\"async\" class=\"alignnone wp-image-4614 size-full\" src=\"https:\/\/mamimaja.si\/wp-content\/uploads\/2026\/01\/side-view-woman-holding-beautiful-flowers.webp\" width=\"1320\" height=\"881\" srcset=\"https:\/\/mamimaja.si\/wp-content\/uploads\/2026\/01\/side-view-woman-holding-beautiful-flowers.webp 1320w, https:\/\/mamimaja.si\/wp-content\/uploads\/2026\/01\/side-view-woman-holding-beautiful-flowers-300x200.webp 300w, https:\/\/mamimaja.si\/wp-content\/uploads\/2026\/01\/side-view-woman-holding-beautiful-flowers-1024x683.webp 1024w, https:\/\/mamimaja.si\/wp-content\/uploads\/2026\/01\/side-view-woman-holding-beautiful-flowers-768x513.webp 768w, https:\/\/mamimaja.si\/wp-content\/uploads\/2026\/01\/side-view-woman-holding-beautiful-flowers-18x12.webp 18w, https:\/\/mamimaja.si\/wp-content\/uploads\/2026\/01\/side-view-woman-holding-beautiful-flowers-600x400.webp 600w\" sizes=\"(max-width: 1320px) 100vw, 1320px\" \/><\/figure><\/div><\/div><\/div><\/div><\/div><\/div>\t\t\t\t\t\t\t\t<\/div>\n\t\t\t\t\t<\/div>\n\t\t\t\t<\/div>\n\t\t<div class=\"elementor-element elementor-element-dce1721 e-flex e-con-boxed wpr-particle-no wpr-jarallax-no wpr-parallax-no wpr-sticky-section-no wpr-equal-height-no e-con e-parent\" data-id=\"dce1721\" data-element_type=\"container\" data-e-type=\"container\">\n\t\t\t\t\t<div class=\"e-con-inner\">\n\t\t<div class=\"elementor-element elementor-element-4486ddc e-con-full e-flex wpr-particle-no wpr-jarallax-no wpr-parallax-no wpr-sticky-section-no wpr-equal-height-no e-con e-child\" data-id=\"4486ddc\" data-element_type=\"container\" data-e-type=\"container\">\n\t\t\t\t<div class=\"elementor-element elementor-element-e159288 elementor-widget elementor-widget-text-editor\" data-id=\"e159288\" data-element_type=\"widget\" data-e-type=\"widget\" data-widget_type=\"text-editor.default\">\n\t\t\t\t\t\t\t\t\t<h2 class=\"wp-block-heading\">Komu je delavnica namenjena?<\/h2><p><img decoding=\"async\" class=\"emoji\" role=\"img\" src=\"https:\/\/s.w.org\/images\/core\/emoji\/17.0.2\/svg\/1f90d.svg\" alt=\"\ud83e\udd0d\" \/>\u00a0Tebi, ki hodi\u0161 po poti, ki je nih\u010de ne razume \u010disto zares.<\/p><p>Delavnica je ustvarjena posebej za \u017eenske, ki se soo\u010dajo z\u00a0<strong>izzivi zanositve<\/strong>,\u00a0<strong>neplodnostjo<\/strong>,\u00a0<strong>procesom IVF<\/strong>,\u00a0<strong>izgubami<\/strong>\u00a0ali\u00a0<strong>\u010dakanjem, ki traja \u017ee predolgo<\/strong>. Ni ti treba biti \u201cduhovna\u201d ali ve\u0161\u010da meditacije \u2014 le prisotna. Tak\u0161na, kot si.<\/p><p class=\"has-text-align-justify\">Lahko se zdi, kot da te nih\u010de ne sli\u0161i, tvoje telo pa postaja tuje. V tej delavnici ti \u017eelimo ponuditi varen prostor, kjer se bo\u0161 lahko povezala s sabo \u2014 brez sodb, brez pritiskov, samo s prisotnostjo.<\/p>\t\t\t\t\t\t\t\t<\/div>\n\t\t\t\t<\/div>\n\t\t<div class=\"elementor-element elementor-element-6a41b74 e-con-full e-flex wpr-particle-no wpr-jarallax-no wpr-parallax-no wpr-sticky-section-no wpr-equal-height-no e-con e-child\" data-id=\"6a41b74\" data-element_type=\"container\" data-e-type=\"container\">\n\t\t\t\t<div class=\"elementor-element elementor-element-7bac974 elementor-widget elementor-widget-text-editor\" data-id=\"7bac974\" data-element_type=\"widget\" data-e-type=\"widget\" data-widget_type=\"text-editor.default\">\n\t\t\t\t\t\t\t\t\t<h2 class=\"wp-block-heading\"><img decoding=\"async\" class=\"emoji\" role=\"img\" src=\"https:\/\/s.w.org\/images\/core\/emoji\/17.0.2\/svg\/1f33f.svg\" alt=\"\ud83c\udf3f\" \/>\u00a0Kaj bo\u0161 do\u017eivela:<\/h2><p class=\"has-text-align-justify\">Na tej\u00a0<strong>90-minutni<\/strong>\u00a0spletni delavnici bomo skupaj raziskovale, kako ti lahko \u010duje\u010dnost pomaga:<\/p><p class=\"has-text-align-justify\"><img decoding=\"async\" class=\"emoji\" role=\"img\" src=\"https:\/\/s.w.org\/images\/core\/emoji\/17.0.2\/svg\/2705.svg\" alt=\"\u2705\" \/>\u00a0Sprejeti in razumeti svoja \u010dustva, ne da bi te preplavila.<br \/><img decoding=\"async\" class=\"emoji\" role=\"img\" src=\"https:\/\/s.w.org\/images\/core\/emoji\/17.0.2\/svg\/2705.svg\" alt=\"\u2705\" \/>\u00a0Umiriti notranji nemir in stres.<br \/><img decoding=\"async\" class=\"emoji\" role=\"img\" src=\"https:\/\/s.w.org\/images\/core\/emoji\/17.0.2\/svg\/2705.svg\" alt=\"\u2705\" \/>\u00a0Ponovno za\u010dutiti svoje telo z ne\u017enostjo, ne z razo\u010daranjem.<br \/><img decoding=\"async\" class=\"emoji\" role=\"img\" src=\"https:\/\/s.w.org\/images\/core\/emoji\/17.0.2\/svg\/2705.svg\" alt=\"\u2705\" \/>\u00a0Ustvariti drobne vsakdanje trenutke miru in stika s seboj.<br \/><img decoding=\"async\" class=\"emoji\" role=\"img\" src=\"https:\/\/s.w.org\/images\/core\/emoji\/17.0.2\/svg\/2705.svg\" alt=\"\u2705\" \/>\u00a0Razvijati so\u010dutje do sebe \u2013 tudi, ko stvari niso tak\u0161ne, kot si si \u017eelela.<\/p>\t\t\t\t\t\t\t\t<\/div>\n\t\t\t\t<\/div>\n\t\t\t\t\t<\/div>\n\t\t\t\t<\/div>\n\t\t<div class=\"elementor-element elementor-element-12aa9f1 e-flex e-con-boxed wpr-particle-no wpr-jarallax-no wpr-parallax-no wpr-sticky-section-no wpr-equal-height-no e-con e-parent\" data-id=\"12aa9f1\" data-element_type=\"container\" data-e-type=\"container\">\n\t\t\t\t\t<div class=\"e-con-inner\">\n\t\t\t\t<div class=\"elementor-element elementor-element-ece2e8c elementor-widget elementor-widget-text-editor\" data-id=\"ece2e8c\" data-element_type=\"widget\" data-e-type=\"widget\" data-widget_type=\"text-editor.default\">\n\t\t\t\t\t\t\t\t\t<div class=\"wp-block-spacer\" aria-hidden=\"true\">&nbsp;<\/div>\n<h2 class=\"wp-block-heading has-text-align-left\"><img decoding=\"async\" class=\"emoji\" role=\"img\" src=\"https:\/\/s.w.org\/images\/core\/emoji\/17.0.2\/svg\/2728.svg\" alt=\"\u2728\">&nbsp;Program delavnice:<\/h2>\n<ul class=\"wp-block-list\">\n<li><strong>Refleksija in delitev (po \u017eelji)<\/strong>&nbsp;\u2013 \u010de bo\u0161 \u017eelela, bo prostor tudi za tvojo zgodbo<\/li>\n<\/ul>\n<ul class=\"wp-block-list\">\n<li><strong>Prizemljitev \u2013 vaja 5-4-3-2-1<\/strong><\/li>\n<\/ul>\n<ul class=\"wp-block-list\">\n<li><strong>Zavestno dihanje in \u201cbody scan\u201d<\/strong>&nbsp;\u2013 stik s telesom in dihom<\/li>\n<\/ul>\n<ul class=\"wp-block-list\">\n<li><strong>Opazovanje \u010dustev brez obsojanja<\/strong>&nbsp;\u2013 prostor za ne\u017enost v bole\u010dini<\/li>\n<\/ul>\n<ul class=\"wp-block-list\">\n<li><strong>Ljube\u010da prijaznost<\/strong>&nbsp;\u2013 po\u0161iljanje so\u010dutja sebi in drugim<\/li><\/ul>\n<h2 class=\"wp-block-heading\">O voditeljici<\/h2>\n<p><strong>Natalija Bujadilo Ko\u017euh<\/strong>, dipl.psp s spec. znanji, diplomantka psihosocialne<br>pomo\u010di, Center Hi\u0161ka.<\/p>\n<p class=\"has-text-align-justify\">S partnerjem sta se ve\u010d kot desetletje soo\u010dala z neplodnostjo. Ta izku\u0161nja je bila globoka, pogosto bole\u010da, ki pa je rodila novo razumevanje, so\u010dutje in notranjo mo\u010d.Danes svoje znanje in osebno izku\u0161njo deli v podporo drugim. Z \u017eeljo, da nih\u010de na tej poti ne bi ostal sam, je oblikovala delavnico \u010duje\u010dnosti, namenjeno posameznicam in parom, ki se soo\u010dajo z neplodnostjo.V varnem in sprejemajo\u010dem prostoru boste skupaj raziskovali, kako si lahko z vajami \u010duje\u010dnosti pomagate pri soo\u010danju s \u010dustvi, negotovostjo in stresom.<\/p>\n<h2 class=\"wp-block-heading has-primary-color has-text-color has-link-color wp-elements-ec4fc6751a4bb6fe919d3e54030396a5\">Kdaj, kje, kako?<\/h2>\n<p class=\"has-text-align-justify\"><img decoding=\"async\" class=\"emoji\" role=\"img\" src=\"https:\/\/s.w.org\/images\/core\/emoji\/17.0.2\/svg\/1f5d3.svg\" alt=\"\ud83d\uddd3\ufe0f\">&nbsp;\u010ce se nam ne boste mogle pridru\u017eiti v \u017eivo, bo na voljo posnetek za kasnej\u0161i ogled (\u010deprav mo\u010dno priporo\u010damo udele\u017ebo v \u017eivo). Sodelujete lahko tudi anonimno, torej z ugasnjeno kamero, samo sledite, izvajate vaje, si bele\u017eite ob\u010dutke.<\/p>\t\t\t\t\t\t\t\t<\/div>\n\t\t\t\t\t<\/div>\n\t\t\t\t<\/div>\n\t\t\t\t<\/div>","protected":false},"excerpt":{"rendered":"<h2 class=\"wp-block-heading\">Kaj bo\u0161 do\u017eivela:<\/h2>\n<p class=\"has-text-align-justify\">Na tej\u00a0<strong>90-minutni<\/strong>\u00a0spletni delavnici bomo skupaj raziskovale, kako ti lahko \u010duje\u010dnost pomaga:<\/p>\n<p class=\"has-text-align-justify\"><img decoding=\"async\" class=\"emoji\" role=\"img\" src=\"https:\/\/s.w.org\/images\/core\/emoji\/17.0.2\/svg\/2705.svg\" alt=\"\u2705\" \/>\u00a0Sprejeti in razumeti svoja \u010dustva, ne da bi te preplavila.<br \/>\n<img decoding=\"async\" class=\"emoji\" role=\"img\" src=\"https:\/\/s.w.org\/images\/core\/emoji\/17.0.2\/svg\/2705.svg\" alt=\"\u2705\" \/>\u00a0Umiriti notranji nemir in stres.<br \/>\n<img decoding=\"async\" class=\"emoji\" role=\"img\" src=\"https:\/\/s.w.org\/images\/core\/emoji\/17.0.2\/svg\/2705.svg\" alt=\"\u2705\" \/>\u00a0Ponovno za\u010dutiti svoje telo z ne\u017enostjo, ne z razo\u010daranjem.<br \/>\n<img decoding=\"async\" class=\"emoji\" role=\"img\" src=\"https:\/\/s.w.org\/images\/core\/emoji\/17.0.2\/svg\/2705.svg\" alt=\"\u2705\" \/>\u00a0Ustvariti drobne vsakdanje trenutke miru in stika s seboj.<br \/>\n<img decoding=\"async\" class=\"emoji\" role=\"img\" src=\"https:\/\/s.w.org\/images\/core\/emoji\/17.0.2\/svg\/2705.svg\" alt=\"\u2705\" \/>\u00a0Razvijati so\u010dutje do sebe \u2013 tudi, ko stvari niso tak\u0161ne, kot si si \u017eelela.<\/p>","protected":false},"featured_media":6107,"template":"","meta":{"_seopress_robots_primary_cat":"none","_seopress_titles_title":"","_seopress_titles_desc":"","_seopress_robots_index":""},"product_brand":[],"product_cat":[15],"product_tag":[],"class_list":{"0":"post-6059","1":"product","2":"type-product","3":"status-publish","4":"has-post-thumbnail","6":"product_cat-uncategorized","8":"first","9":"instock","10":"downloadable","11":"virtual","12":"purchasable","13":"product-type-simple"},"_links":{"self":[{"href":"https:\/\/mamimaja.si\/sl\/wp-json\/wp\/v2\/product\/6059","targetHints":{"allow":["GET"]}}],"collection":[{"href":"https:\/\/mamimaja.si\/sl\/wp-json\/wp\/v2\/product"}],"about":[{"href":"https:\/\/mamimaja.si\/sl\/wp-json\/wp\/v2\/types\/product"}],"version-history":[{"count":20,"href":"https:\/\/mamimaja.si\/sl\/wp-json\/wp\/v2\/product\/6059\/revisions"}],"predecessor-version":[{"id":6114,"href":"https:\/\/mamimaja.si\/sl\/wp-json\/wp\/v2\/product\/6059\/revisions\/6114"}],"wp:featuredmedia":[{"embeddable":true,"href":"https:\/\/mamimaja.si\/sl\/wp-json\/wp\/v2\/media\/6107"}],"wp:attachment":[{"href":"https:\/\/mamimaja.si\/sl\/wp-json\/wp\/v2\/media?parent=6059"}],"wp:term":[{"taxonomy":"product_brand","embeddable":true,"href":"https:\/\/mamimaja.si\/sl\/wp-json\/wp\/v2\/product_brand?post=6059"},{"taxonomy":"product_cat","embeddable":true,"href":"https:\/\/mamimaja.si\/sl\/wp-json\/wp\/v2\/product_cat?post=6059"},{"taxonomy":"product_tag","embeddable":true,"href":"https:\/\/mamimaja.si\/sl\/wp-json\/wp\/v2\/product_tag?post=6059"}],"curies":[{"name":"wp","href":"https:\/\/api.w.org\/{rel}","templated":true}]}}